{"id":9929,"date":"2022-02-03T23:54:47","date_gmt":"2022-02-03T23:54:47","guid":{"rendered":"https:\/\/onesolutionsweb.com\/?page_id=9929"},"modified":"2022-02-11T14:57:32","modified_gmt":"2022-02-11T14:57:32","slug":"angular","status":"publish","type":"page","link":"https:\/\/onesolutionsweb.com\/es\/software-company-consulting-outsourcing-technologies\/angular\/","title":{"rendered":"Desarrollo en Angular"},"content":{"rendered":"<div class=\"wpb-content-wrapper\"><p>[vc_row][vc_column width=\u00bb1\/6&#8243;][\/vc_column][vc_column width=\u00bb2\/3&#8243;][vc_column_text]<strong><img decoding=\"async\" class=\"wp-image-10123 alignright lazyload\" data-src=\"http:\/\/onesolutionsweb.com\/wp-content\/uploads\/2022\/02\/angular-icon-logo-284x300.png\" alt=\"\" width=\"250\" height=\"264\" data-srcset=\"https:\/\/onesolutionsweb.com\/wp-content\/uploads\/2022\/02\/angular-icon-logo-284x300.png 284w, https:\/\/onesolutionsweb.com\/wp-content\/uploads\/2022\/02\/angular-icon-logo-970x1024.png 970w, https:\/\/onesolutionsweb.com\/wp-content\/uploads\/2022\/02\/angular-icon-logo-768x810.png 768w, https:\/\/onesolutionsweb.com\/wp-content\/uploads\/2022\/02\/angular-icon-logo.png 1213w\" data-sizes=\"(max-width: 250px) 100vw, 250px\" src=\"data:image\/gif;base64,R0lGODlhAQABAAAAACH5BAEKAAEALAAAAAABAAEAAAICTAEAOw==\" style=\"--smush-placeholder-width: 250px; --smush-placeholder-aspect-ratio: 250\/264;\" \/><noscript><img decoding=\"async\" class=\" wp-image-10123 alignright\" src=\"http:\/\/onesolutionsweb.com\/wp-content\/uploads\/2022\/02\/angular-icon-logo-284x300.png\" alt=\"\" width=\"250\" height=\"264\" srcset=\"https:\/\/onesolutionsweb.com\/wp-content\/uploads\/2022\/02\/angular-icon-logo-284x300.png 284w, https:\/\/onesolutionsweb.com\/wp-content\/uploads\/2022\/02\/angular-icon-logo-970x1024.png 970w, https:\/\/onesolutionsweb.com\/wp-content\/uploads\/2022\/02\/angular-icon-logo-768x810.png 768w, https:\/\/onesolutionsweb.com\/wp-content\/uploads\/2022\/02\/angular-icon-logo.png 1213w\" sizes=\"(max-width: 250px) 100vw, 250px\" \/><\/noscript>\u00a0<\/strong><strong>\u00bfQu\u00e9 es Angular?<\/strong><\/p>\n<p>Angular es una plataforma de desarrollo y un marco de trabajo de c\u00f3digo abierto, construido en base a TypeScript para aplicaciones web din\u00e1micas.<\/p>\n<p>El lanzamiento inicial de Angular en 2016 y fue desarrollado por Google.<\/p>\n<p>Angular proporciona un marco que es f\u00e1cil de integrar con una variedad de tecnolog\u00edas web, es f\u00e1cil de usar y mantener.<\/p>\n<p>Angular incluye una colecci\u00f3n de bibliotecas bien integradas que cubren una amplia gama de funciones, incluyendo el enrutamiento, la gesti\u00f3n de formularios, la comunicaci\u00f3n cliente-servidor, y m\u00e1s. Angular es un marco de trabajo basado en componentes para desarrollar aplicaciones online escalables.<\/p>\n<p><img decoding=\"async\" class=\"aligncenter wp-image-9930 size-full lazyload\" data-src=\"http:\/\/onesolutionsweb.com\/wp-content\/uploads\/2022\/02\/Caracteristicas-de-Angular.png\" alt=\"\" width=\"1200\" height=\"1200\" data-srcset=\"https:\/\/onesolutionsweb.com\/wp-content\/uploads\/2022\/02\/Caracteristicas-de-Angular.png 1200w, https:\/\/onesolutionsweb.com\/wp-content\/uploads\/2022\/02\/Caracteristicas-de-Angular-300x300.png 300w, https:\/\/onesolutionsweb.com\/wp-content\/uploads\/2022\/02\/Caracteristicas-de-Angular-1024x1024.png 1024w, https:\/\/onesolutionsweb.com\/wp-content\/uploads\/2022\/02\/Caracteristicas-de-Angular-150x150.png 150w, https:\/\/onesolutionsweb.com\/wp-content\/uploads\/2022\/02\/Caracteristicas-de-Angular-768x768.png 768w\" data-sizes=\"(max-width: 1200px) 100vw, 1200px\" src=\"data:image\/gif;base64,R0lGODlhAQABAAAAACH5BAEKAAEALAAAAAABAAEAAAICTAEAOw==\" style=\"--smush-placeholder-width: 1200px; --smush-placeholder-aspect-ratio: 1200\/1200;\" \/><noscript><img decoding=\"async\" class=\"aligncenter wp-image-9930 size-full\" src=\"http:\/\/onesolutionsweb.com\/wp-content\/uploads\/2022\/02\/Caracteristicas-de-Angular.png\" alt=\"\" width=\"1200\" height=\"1200\" srcset=\"https:\/\/onesolutionsweb.com\/wp-content\/uploads\/2022\/02\/Caracteristicas-de-Angular.png 1200w, https:\/\/onesolutionsweb.com\/wp-content\/uploads\/2022\/02\/Caracteristicas-de-Angular-300x300.png 300w, https:\/\/onesolutionsweb.com\/wp-content\/uploads\/2022\/02\/Caracteristicas-de-Angular-1024x1024.png 1024w, https:\/\/onesolutionsweb.com\/wp-content\/uploads\/2022\/02\/Caracteristicas-de-Angular-150x150.png 150w, https:\/\/onesolutionsweb.com\/wp-content\/uploads\/2022\/02\/Caracteristicas-de-Angular-768x768.png 768w\" sizes=\"(max-width: 1200px) 100vw, 1200px\" \/><\/noscript><\/p>\n<p><strong>Angular vs AngularJS<\/strong><\/p>\n<p>Algunas de las diferencias entre estas:<\/p>\n<p><img decoding=\"async\" class=\"aligncenter wp-image-10126 size-full lazyload\" data-src=\"http:\/\/onesolutionsweb.com\/wp-content\/uploads\/2022\/02\/angular-angularJS.png\" alt=\"\" width=\"900\" height=\"500\" data-srcset=\"https:\/\/onesolutionsweb.com\/wp-content\/uploads\/2022\/02\/angular-angularJS.png 900w, https:\/\/onesolutionsweb.com\/wp-content\/uploads\/2022\/02\/angular-angularJS-300x167.png 300w, https:\/\/onesolutionsweb.com\/wp-content\/uploads\/2022\/02\/angular-angularJS-768x427.png 768w\" data-sizes=\"(max-width: 900px) 100vw, 900px\" src=\"data:image\/gif;base64,R0lGODlhAQABAAAAACH5BAEKAAEALAAAAAABAAEAAAICTAEAOw==\" style=\"--smush-placeholder-width: 900px; --smush-placeholder-aspect-ratio: 900\/500;\" \/><noscript><img decoding=\"async\" class=\"aligncenter wp-image-10126 size-full\" src=\"http:\/\/onesolutionsweb.com\/wp-content\/uploads\/2022\/02\/angular-angularJS.png\" alt=\"\" width=\"900\" height=\"500\" srcset=\"https:\/\/onesolutionsweb.com\/wp-content\/uploads\/2022\/02\/angular-angularJS.png 900w, https:\/\/onesolutionsweb.com\/wp-content\/uploads\/2022\/02\/angular-angularJS-300x167.png 300w, https:\/\/onesolutionsweb.com\/wp-content\/uploads\/2022\/02\/angular-angularJS-768x427.png 768w\" sizes=\"(max-width: 900px) 100vw, 900px\" \/><\/noscript><\/p>\n<table width=\"586\">\n<tbody>\n<tr>\n<td width=\"141\"><strong>\u00a0<\/strong><\/td>\n<td width=\"217\"><strong>AngularJS<\/strong><\/td>\n<td width=\"227\"><strong>Angular<\/strong><\/td>\n<\/tr>\n<tr>\n<td width=\"141\">Uso<\/td>\n<td width=\"217\">Se utiliza para desarrollar aplicaciones web de una sola p\u00e1gina (SPA)<\/td>\n<td width=\"227\">Se usa para desarrollar aplicaciones web<\/td>\n<\/tr>\n<tr>\n<td width=\"141\">Lenguaje en el que est\u00e1 escrito<\/td>\n<td width=\"217\">Se basa en JavaScript<\/td>\n<td width=\"227\">Se basa en TypeScript<\/td>\n<\/tr>\n<tr>\n<td rowspan=\"2\" width=\"141\">&nbsp;<\/p>\n<p>Arquitectura<\/td>\n<td width=\"217\">AngularJS utiliza un paquete de directivas<\/td>\n<td width=\"227\">Angular est\u00e1 basado en componentes, directivas est\u00e1ndar<\/td>\n<\/tr>\n<tr>\n<td width=\"217\">Utiliza t\u00e9rminos de alcance y controladores<\/td>\n<td width=\"227\">Utiliza una jerarqu\u00eda de componentes, es un set de ES6, que tiene compatibilidad con ES5<\/td>\n<\/tr>\n<tr>\n<td width=\"141\">Asistencia para celulares<\/td>\n<td width=\"217\">AngularJS no proporciona soporte para celulares<\/td>\n<td width=\"227\">Angular es compatible con los celulares<\/td>\n<\/tr>\n<tr>\n<td width=\"141\">Dependencias<\/td>\n<td width=\"217\">No utiliza la inyecci\u00f3n de dependencia (DI Dependency Injection)<\/td>\n<td width=\"227\">Angular es compatible con todos los navegadores m\u00f3viles populares<\/td>\n<\/tr>\n<\/tbody>\n<\/table>\n<p><strong>Nuestros servicios integrales de desarrollo en Angular<\/strong><\/p>\n<p>Ayudamos a las organizaciones de diversos sectores a alcanzar sus objetivos proporcionando soluciones web y de aplicaciones modernas que ofrecen una experiencia de usuario perfecta.<\/p>\n<p>Utilizamos el Angular framework para crear apps interactivas con el usuario y en tiempo real.[\/vc_column_text]<div class=\"colored_theme_button prk_medium pls_shortcoded\"><a href=\"https:\/\/onesolutionsweb.com\/es\/#contact\" target=\"_self\" class=\"pulse_anchor\">Cont\u00e1ctanos<\/a><\/div>[\/vc_column][vc_column width=\u00bb1\/6&#8243;][\/vc_column][\/vc_row]<\/p>\n<\/div>","protected":false},"excerpt":{"rendered":"<p>[vc_row][vc_column width=\u00bb1\/6&#8243;][\/vc_column][vc_column width=\u00bb2\/3&#8243;][vc_column_text]\u00a0\u00bfQu\u00e9 es Angular? Angular es una plataforma de desarrollo y un marco de trabajo de c\u00f3digo abierto, construido en base a TypeScript para aplicaciones web din\u00e1micas. El lanzamiento inicial de Angular en 2016 y fue desarrollado por Google. Angular proporciona un marco que es f\u00e1cil de integrar con una variedad de tecnolog\u00edas web, [&hellip;]<\/p>\n","protected":false},"author":1,"featured_media":0,"parent":10110,"menu_order":8,"comment_status":"closed","ping_status":"closed","template":"","meta":{"content-type":"","inline_featured_image":false,"footnotes":""},"class_list":["post-9929","page","type-page","status-publish","hentry"],"acf":[],"yoast_head":"<!-- This site is optimized with the Yoast SEO Premium plugin v23.8 (Yoast SEO v26.0) - https:\/\/yoast.com\/wordpress\/plugins\/seo\/ -->\n<title>Desarrollo en Angular - One Solutions<\/title>\n<meta name=\"robots\" content=\"index, follow, max-snippet:-1, max-image-preview:large, max-video-preview:-1\" \/>\n<link rel=\"canonical\" href=\"https:\/\/onesolutionsweb.com\/es\/software-company-consulting-outsourcing-technologies\/angular\/\" \/>\n<meta property=\"og:locale\" content=\"es_ES\" \/>\n<meta property=\"og:type\" content=\"article\" \/>\n<meta property=\"og:title\" content=\"Desarrollo en Angular\" \/>\n<meta property=\"og:description\" content=\"\u00a0\u00bfQu\u00e9 es Angular? Angular es una plataforma de desarrollo y un marco de trabajo de c\u00f3digo abierto, construido en base a TypeScript para aplicaciones web\" \/>\n<meta property=\"og:url\" content=\"https:\/\/onesolutionsweb.com\/es\/software-company-consulting-outsourcing-technologies\/angular\/\" \/>\n<meta property=\"og:site_name\" content=\"One Solutions\" \/>\n<meta property=\"article:publisher\" content=\"https:\/\/www.facebook.com\/onesolutionsweb\" \/>\n<meta property=\"article:modified_time\" content=\"2022-02-11T14:57:32+00:00\" \/>\n<meta property=\"og:image\" content=\"http:\/\/onesolutionsweb.com\/wp-content\/uploads\/2022\/02\/angular-icon-logo-284x300.png\" \/>\n<meta name=\"twitter:card\" content=\"summary_large_image\" \/>\n<meta name=\"twitter:site\" content=\"@OneSolutionsWeb\" \/>\n<meta name=\"twitter:label1\" content=\"Tiempo de lectura\" \/>\n\t<meta name=\"twitter:data1\" content=\"2 minutos\" \/>\n<script type=\"application\/ld+json\" class=\"yoast-schema-graph\">{\"@context\":\"https:\/\/schema.org\",\"@graph\":[{\"@type\":\"WebPage\",\"@id\":\"https:\/\/onesolutionsweb.com\/es\/software-company-consulting-outsourcing-technologies\/angular\/\",\"url\":\"https:\/\/onesolutionsweb.com\/es\/software-company-consulting-outsourcing-technologies\/angular\/\",\"name\":\"Desarrollo en Angular - One Solutions\",\"isPartOf\":{\"@id\":\"https:\/\/onesolutionsweb.com\/#website\"},\"primaryImageOfPage\":{\"@id\":\"https:\/\/onesolutionsweb.com\/es\/software-company-consulting-outsourcing-technologies\/angular\/#primaryimage\"},\"image\":{\"@id\":\"https:\/\/onesolutionsweb.com\/es\/software-company-consulting-outsourcing-technologies\/angular\/#primaryimage\"},\"thumbnailUrl\":\"http:\/\/onesolutionsweb.com\/wp-content\/uploads\/2022\/02\/angular-icon-logo-284x300.png\",\"datePublished\":\"2022-02-03T23:54:47+00:00\",\"dateModified\":\"2022-02-11T14:57:32+00:00\",\"breadcrumb\":{\"@id\":\"https:\/\/onesolutionsweb.com\/es\/software-company-consulting-outsourcing-technologies\/angular\/#breadcrumb\"},\"inLanguage\":\"es\",\"potentialAction\":[{\"@type\":\"ReadAction\",\"target\":[\"https:\/\/onesolutionsweb.com\/es\/software-company-consulting-outsourcing-technologies\/angular\/\"]}]},{\"@type\":\"ImageObject\",\"inLanguage\":\"es\",\"@id\":\"https:\/\/onesolutionsweb.com\/es\/software-company-consulting-outsourcing-technologies\/angular\/#primaryimage\",\"url\":\"http:\/\/onesolutionsweb.com\/wp-content\/uploads\/2022\/02\/angular-icon-logo-284x300.png\",\"contentUrl\":\"http:\/\/onesolutionsweb.com\/wp-content\/uploads\/2022\/02\/angular-icon-logo-284x300.png\"},{\"@type\":\"BreadcrumbList\",\"@id\":\"https:\/\/onesolutionsweb.com\/es\/software-company-consulting-outsourcing-technologies\/angular\/#breadcrumb\",\"itemListElement\":[{\"@type\":\"ListItem\",\"position\":1,\"name\":\"Portada\",\"item\":\"https:\/\/onesolutionsweb.com\/es\/\"},{\"@type\":\"ListItem\",\"position\":2,\"name\":\"Tecnolog\u00edas\",\"item\":\"https:\/\/onesolutionsweb.com\/es\/software-company-consulting-outsourcing-technologies\/\"},{\"@type\":\"ListItem\",\"position\":3,\"name\":\"Desarrollo en Angular\"}]},{\"@type\":\"WebSite\",\"@id\":\"https:\/\/onesolutionsweb.com\/#website\",\"url\":\"https:\/\/onesolutionsweb.com\/\",\"name\":\"One Solutions\",\"description\":\"Software Solutions\",\"publisher\":{\"@id\":\"https:\/\/onesolutionsweb.com\/#organization\"},\"potentialAction\":[{\"@type\":\"SearchAction\",\"target\":{\"@type\":\"EntryPoint\",\"urlTemplate\":\"https:\/\/onesolutionsweb.com\/?s={search_term_string}\"},\"query-input\":{\"@type\":\"PropertyValueSpecification\",\"valueRequired\":true,\"valueName\":\"search_term_string\"}}],\"inLanguage\":\"es\"},{\"@type\":\"Organization\",\"@id\":\"https:\/\/onesolutionsweb.com\/#organization\",\"name\":\"One Solutions\",\"url\":\"https:\/\/onesolutionsweb.com\/\",\"logo\":{\"@type\":\"ImageObject\",\"inLanguage\":\"es\",\"@id\":\"https:\/\/onesolutionsweb.com\/#\/schema\/logo\/image\/\",\"url\":\"https:\/\/secureservercdn.net\/104.238.71.33\/91x.30f.myftpupload.com\/wp-content\/uploads\/2021\/05\/logoblackico.png?time=1656722807\",\"contentUrl\":\"https:\/\/secureservercdn.net\/104.238.71.33\/91x.30f.myftpupload.com\/wp-content\/uploads\/2021\/05\/logoblackico.png?time=1656722807\",\"width\":494,\"height\":494,\"caption\":\"One Solutions\"},\"image\":{\"@id\":\"https:\/\/onesolutionsweb.com\/#\/schema\/logo\/image\/\"},\"sameAs\":[\"https:\/\/www.facebook.com\/onesolutionsweb\",\"https:\/\/x.com\/OneSolutionsWeb\",\"https:\/\/www.linkedin.com\/company\/onesolutionsweb\",\"https:\/\/www.instagram.com\/onesolutionsweb\/\"]}]}<\/script>\n<!-- \/ Yoast SEO Premium plugin. -->","yoast_head_json":{"title":"Desarrollo en Angular - One Solutions","robots":{"index":"index","follow":"follow","max-snippet":"max-snippet:-1","max-image-preview":"max-image-preview:large","max-video-preview":"max-video-preview:-1"},"canonical":"https:\/\/onesolutionsweb.com\/es\/software-company-consulting-outsourcing-technologies\/angular\/","og_locale":"es_ES","og_type":"article","og_title":"Desarrollo en Angular","og_description":"\u00a0\u00bfQu\u00e9 es Angular? Angular es una plataforma de desarrollo y un marco de trabajo de c\u00f3digo abierto, construido en base a TypeScript para aplicaciones web","og_url":"https:\/\/onesolutionsweb.com\/es\/software-company-consulting-outsourcing-technologies\/angular\/","og_site_name":"One Solutions","article_publisher":"https:\/\/www.facebook.com\/onesolutionsweb","article_modified_time":"2022-02-11T14:57:32+00:00","og_image":[{"url":"http:\/\/onesolutionsweb.com\/wp-content\/uploads\/2022\/02\/angular-icon-logo-284x300.png","type":"","width":"","height":""}],"twitter_card":"summary_large_image","twitter_site":"@OneSolutionsWeb","twitter_misc":{"Tiempo de lectura":"2 minutos"},"schema":{"@context":"https:\/\/schema.org","@graph":[{"@type":"WebPage","@id":"https:\/\/onesolutionsweb.com\/es\/software-company-consulting-outsourcing-technologies\/angular\/","url":"https:\/\/onesolutionsweb.com\/es\/software-company-consulting-outsourcing-technologies\/angular\/","name":"Desarrollo en Angular - One Solutions","isPartOf":{"@id":"https:\/\/onesolutionsweb.com\/#website"},"primaryImageOfPage":{"@id":"https:\/\/onesolutionsweb.com\/es\/software-company-consulting-outsourcing-technologies\/angular\/#primaryimage"},"image":{"@id":"https:\/\/onesolutionsweb.com\/es\/software-company-consulting-outsourcing-technologies\/angular\/#primaryimage"},"thumbnailUrl":"http:\/\/onesolutionsweb.com\/wp-content\/uploads\/2022\/02\/angular-icon-logo-284x300.png","datePublished":"2022-02-03T23:54:47+00:00","dateModified":"2022-02-11T14:57:32+00:00","breadcrumb":{"@id":"https:\/\/onesolutionsweb.com\/es\/software-company-consulting-outsourcing-technologies\/angular\/#breadcrumb"},"inLanguage":"es","potentialAction":[{"@type":"ReadAction","target":["https:\/\/onesolutionsweb.com\/es\/software-company-consulting-outsourcing-technologies\/angular\/"]}]},{"@type":"ImageObject","inLanguage":"es","@id":"https:\/\/onesolutionsweb.com\/es\/software-company-consulting-outsourcing-technologies\/angular\/#primaryimage","url":"http:\/\/onesolutionsweb.com\/wp-content\/uploads\/2022\/02\/angular-icon-logo-284x300.png","contentUrl":"http:\/\/onesolutionsweb.com\/wp-content\/uploads\/2022\/02\/angular-icon-logo-284x300.png"},{"@type":"BreadcrumbList","@id":"https:\/\/onesolutionsweb.com\/es\/software-company-consulting-outsourcing-technologies\/angular\/#breadcrumb","itemListElement":[{"@type":"ListItem","position":1,"name":"Portada","item":"https:\/\/onesolutionsweb.com\/es\/"},{"@type":"ListItem","position":2,"name":"Tecnolog\u00edas","item":"https:\/\/onesolutionsweb.com\/es\/software-company-consulting-outsourcing-technologies\/"},{"@type":"ListItem","position":3,"name":"Desarrollo en Angular"}]},{"@type":"WebSite","@id":"https:\/\/onesolutionsweb.com\/#website","url":"https:\/\/onesolutionsweb.com\/","name":"One Solutions","description":"Software Solutions","publisher":{"@id":"https:\/\/onesolutionsweb.com\/#organization"},"potentialAction":[{"@type":"SearchAction","target":{"@type":"EntryPoint","urlTemplate":"https:\/\/onesolutionsweb.com\/?s={search_term_string}"},"query-input":{"@type":"PropertyValueSpecification","valueRequired":true,"valueName":"search_term_string"}}],"inLanguage":"es"},{"@type":"Organization","@id":"https:\/\/onesolutionsweb.com\/#organization","name":"One Solutions","url":"https:\/\/onesolutionsweb.com\/","logo":{"@type":"ImageObject","inLanguage":"es","@id":"https:\/\/onesolutionsweb.com\/#\/schema\/logo\/image\/","url":"https:\/\/secureservercdn.net\/104.238.71.33\/91x.30f.myftpupload.com\/wp-content\/uploads\/2021\/05\/logoblackico.png?time=1656722807","contentUrl":"https:\/\/secureservercdn.net\/104.238.71.33\/91x.30f.myftpupload.com\/wp-content\/uploads\/2021\/05\/logoblackico.png?time=1656722807","width":494,"height":494,"caption":"One Solutions"},"image":{"@id":"https:\/\/onesolutionsweb.com\/#\/schema\/logo\/image\/"},"sameAs":["https:\/\/www.facebook.com\/onesolutionsweb","https:\/\/x.com\/OneSolutionsWeb","https:\/\/www.linkedin.com\/company\/onesolutionsweb","https:\/\/www.instagram.com\/onesolutionsweb\/"]}]}},"_links":{"self":[{"href":"https:\/\/onesolutionsweb.com\/es\/wp-json\/wp\/v2\/pages\/9929","targetHints":{"allow":["GET"]}}],"collection":[{"href":"https:\/\/onesolutionsweb.com\/es\/wp-json\/wp\/v2\/pages"}],"about":[{"href":"https:\/\/onesolutionsweb.com\/es\/wp-json\/wp\/v2\/types\/page"}],"author":[{"embeddable":true,"href":"https:\/\/onesolutionsweb.com\/es\/wp-json\/wp\/v2\/users\/1"}],"replies":[{"embeddable":true,"href":"https:\/\/onesolutionsweb.com\/es\/wp-json\/wp\/v2\/comments?post=9929"}],"version-history":[{"count":6,"href":"https:\/\/onesolutionsweb.com\/es\/wp-json\/wp\/v2\/pages\/9929\/revisions"}],"predecessor-version":[{"id":10129,"href":"https:\/\/onesolutionsweb.com\/es\/wp-json\/wp\/v2\/pages\/9929\/revisions\/10129"}],"up":[{"embeddable":true,"href":"https:\/\/onesolutionsweb.com\/es\/wp-json\/wp\/v2\/pages\/10110"}],"wp:attachment":[{"href":"https:\/\/onesolutionsweb.com\/es\/wp-json\/wp\/v2\/media?parent=9929"}],"curies":[{"name":"wp","href":"https:\/\/api.w.org\/{rel}","templated":true}]}}