{"id":9834,"date":"2022-02-03T22:23:51","date_gmt":"2022-02-03T22:23:51","guid":{"rendered":"https:\/\/onesolutionsweb.com\/react\/"},"modified":"2022-02-10T16:18:42","modified_gmt":"2022-02-10T16:18:42","slug":"react","status":"publish","type":"page","link":"https:\/\/onesolutionsweb.com\/es\/software-company-consulting-outsourcing-technologies\/react\/","title":{"rendered":"Desarrollo en React"},"content":{"rendered":"<div class=\"wpb-content-wrapper\"><p>[vc_row][vc_column width=\u00bb1\/6&#8243;][\/vc_column][vc_column width=\u00bb2\/3&#8243;][vc_column_text]<strong><img decoding=\"async\" class=\"wp-image-9830 alignright lazyload\" data-src=\"http:\/\/onesolutionsweb.com\/wp-content\/uploads\/2022\/02\/image-27.png\" alt=\"\" width=\"172\" height=\"172\" data-srcset=\"https:\/\/onesolutionsweb.com\/wp-content\/uploads\/2022\/02\/image-27.png 134w, https:\/\/onesolutionsweb.com\/wp-content\/uploads\/2022\/02\/image-27-150x150.png 150w\" data-sizes=\"(max-width: 172px) 100vw, 172px\" src=\"data:image\/gif;base64,R0lGODlhAQABAAAAACH5BAEKAAEALAAAAAABAAEAAAICTAEAOw==\" style=\"--smush-placeholder-width: 172px; --smush-placeholder-aspect-ratio: 172\/172;\" \/><noscript><img decoding=\"async\" class=\" wp-image-9830 alignright\" src=\"http:\/\/onesolutionsweb.com\/wp-content\/uploads\/2022\/02\/image-27.png\" alt=\"\" width=\"172\" height=\"172\" srcset=\"https:\/\/onesolutionsweb.com\/wp-content\/uploads\/2022\/02\/image-27.png 134w, https:\/\/onesolutionsweb.com\/wp-content\/uploads\/2022\/02\/image-27-150x150.png 150w\" sizes=\"(max-width: 172px) 100vw, 172px\" \/><\/noscript><\/strong><\/p>\n<p>&nbsp;<\/p>\n<p><strong>Qu\u00e9 es React?<\/strong><\/p>\n<p>Tambi\u00e9n conocido como React.js o ReactJS. React es una biblioteca de JavaScript gratuita y de c\u00f3digo abierto. Jordan Walke, un ingeniero de software de Facebook, dise\u00f1\u00f3 React y comparti\u00f3 una primera versi\u00f3n conocida como \u00abFaxJS\u00bb. Desde su debut como c\u00f3digo abierto en JSConf US en mayo de 2013, React ha crecido hasta convertirse en una de las bibliotecas de desarrollo web m\u00e1s utilizadas. React se utiliza mucho en la aplicaci\u00f3n de Facebook, en el sitio web y en Instagram.<\/p>\n<p><strong>React-Native<\/strong><\/p>\n<p>React-Native es un framework, es decir, proporciona todos los componentes personalizados para acelerar tu desarrollo utilizando toda la potencia y caracter\u00edsticas de la librer\u00eda React.<\/p>\n<p>React Native te permite construir aplicaciones m\u00f3viles usando s\u00f3lo JavaScript, para iOS, Android y Windows Mobile. No construyes una \u00abaplicaci\u00f3n <strong>web<\/strong> m\u00f3vil\u00bb, una \u00abaplicaci\u00f3n HTML5\u00bb o una \u00abaplicaci\u00f3n h\u00edbrida\u00bb. Usted construye una verdadera aplicaci\u00f3n m\u00f3vil<\/p>\n<p><strong>Caracter\u00edsticas de React<\/strong><\/p>\n<p><em>Componentes reutilizables<\/em>: Una misma app suele utilizar componentes que se reutilizan, a lo largo de toda la aplicaci\u00f3n. Puedes utilizar un componente React para Android, iOS e incluso para aplicaciones web una vez que lo hayas generado.<\/p>\n<p><em>Enfoque sencillo:<\/em> Requiere menos codificaci\u00f3n, haciendo que el desarrollo sea r\u00e1pido y f\u00e1cil de combinar con lenguajes como HTML y JavaScript.<\/p>\n<p><em>Se puede utilizar para el desarrollo tanto de aplicaciones web como m\u00f3viles<\/em>: Utilizando el framework React Native se pueden crear no s\u00f3lo aplicaciones web; tambi\u00e9n se pueden desarrollar aplicaciones m\u00f3viles.<\/p>\n<p><em>Flexible<\/em>: React puede ser utilizado en una variedad de plataformas y puede ser utilizado para una variedad de usos.<\/p>\n<p><img decoding=\"async\" class=\"wp-image-9828 aligncenter lazyload\" data-src=\"http:\/\/onesolutionsweb.com\/wp-content\/uploads\/2022\/02\/image-28.png\" alt=\"\" width=\"401\" height=\"234\" src=\"data:image\/gif;base64,R0lGODlhAQABAAAAACH5BAEKAAEALAAAAAABAAEAAAICTAEAOw==\" style=\"--smush-placeholder-width: 401px; --smush-placeholder-aspect-ratio: 401\/234;\" \/><noscript><img decoding=\"async\" class=\" wp-image-9828 aligncenter\" src=\"http:\/\/onesolutionsweb.com\/wp-content\/uploads\/2022\/02\/image-28.png\" alt=\"\" width=\"401\" height=\"234\" \/><\/noscript><\/p>\n<ul>\n<li>Puede utilizarse para crear componentes para aplicaciones web<\/li>\n<li>Puede generar un sitio est\u00e1tico utilizando herramientas como Gatsby<\/li>\n<li>Con React Native puede construir aplicaciones m\u00f3viles.<\/li>\n<li>Puede crear aplicaciones para computadoras de escritorio utilizando una herramienta como Electron.<\/li>\n<li>Puede ser utilizado para crear un sitio web de realidad virtual<\/li>\n<li>Puede ser utilizado en sus apps existentes<\/li>\n<\/ul>\n<p><strong>As\u00f3ciese con desarrolladores de Swift con experiencia para obtener los mejores resultados<\/strong><\/p>\n<p>One Solutions puede proporcionar un grupo de expertos en ReactJS y React Native para ayudarle incluso con los proyectos m\u00e1s exigentes.\u00a0 \u00bfListo para trabajar con nosotros?[\/vc_column_text]<div class=\"colored_theme_button prk_medium pls_shortcoded\"><a href=\"https:\/\/onesolutionsweb.com\/es\/#contact\" target=\"_self\" class=\"pulse_anchor\">Cont\u00e1ctanos<\/a><\/div>[\/vc_column][vc_column width=\u00bb1\/6&#8243;][\/vc_column][\/vc_row]<\/p>\n<\/div>","protected":false},"excerpt":{"rendered":"<p>[vc_row][vc_column width=\u00bb1\/6&#8243;][\/vc_column][vc_column width=\u00bb2\/3&#8243;][vc_column_text] &nbsp; Qu\u00e9 es React? Tambi\u00e9n conocido como React.js o ReactJS. React es una biblioteca de JavaScript gratuita y de c\u00f3digo abierto. Jordan Walke, un ingeniero de software de Facebook, dise\u00f1\u00f3 React y comparti\u00f3 una primera versi\u00f3n conocida como \u00abFaxJS\u00bb. Desde su debut como c\u00f3digo abierto en JSConf US en mayo de 2013, [&hellip;]<\/p>\n","protected":false},"author":1,"featured_media":0,"parent":10110,"menu_order":4,"comment_status":"closed","ping_status":"closed","template":"","meta":{"content-type":"","inline_featured_image":false,"footnotes":""},"class_list":["post-9834","page","type-page","status-publish","hentry"],"acf":[],"yoast_head":"<!-- This site is optimized with the Yoast SEO Premium plugin v23.8 (Yoast SEO v26.0) - https:\/\/yoast.com\/wordpress\/plugins\/seo\/ -->\n<title>Desarrollo en React - One Solutions<\/title>\n<meta name=\"robots\" content=\"index, follow, max-snippet:-1, max-image-preview:large, max-video-preview:-1\" \/>\n<link rel=\"canonical\" href=\"https:\/\/onesolutionsweb.com\/es\/software-company-consulting-outsourcing-technologies\/react\/\" \/>\n<meta property=\"og:locale\" content=\"es_ES\" \/>\n<meta property=\"og:type\" content=\"article\" \/>\n<meta property=\"og:title\" content=\"Desarrollo en React\" \/>\n<meta property=\"og:description\" content=\"&nbsp; Qu\u00e9 es React? Tambi\u00e9n conocido como React.js o ReactJS. React es una biblioteca de JavaScript gratuita y de c\u00f3digo abierto. Jordan Walke, un\" \/>\n<meta property=\"og:url\" content=\"https:\/\/onesolutionsweb.com\/es\/software-company-consulting-outsourcing-technologies\/react\/\" \/>\n<meta property=\"og:site_name\" content=\"One Solutions\" \/>\n<meta property=\"article:publisher\" content=\"https:\/\/www.facebook.com\/onesolutionsweb\" \/>\n<meta property=\"article:modified_time\" content=\"2022-02-10T16:18:42+00:00\" \/>\n<meta property=\"og:image\" content=\"http:\/\/onesolutionsweb.com\/wp-content\/uploads\/2022\/02\/image-27.png\" \/>\n<meta name=\"twitter:card\" content=\"summary_large_image\" \/>\n<meta name=\"twitter:site\" content=\"@OneSolutionsWeb\" \/>\n<meta name=\"twitter:label1\" content=\"Tiempo de lectura\" \/>\n\t<meta name=\"twitter:data1\" content=\"2 minutos\" \/>\n<script type=\"application\/ld+json\" class=\"yoast-schema-graph\">{\"@context\":\"https:\/\/schema.org\",\"@graph\":[{\"@type\":\"WebPage\",\"@id\":\"https:\/\/onesolutionsweb.com\/es\/software-company-consulting-outsourcing-technologies\/react\/\",\"url\":\"https:\/\/onesolutionsweb.com\/es\/software-company-consulting-outsourcing-technologies\/react\/\",\"name\":\"Desarrollo en React - One Solutions\",\"isPartOf\":{\"@id\":\"https:\/\/onesolutionsweb.com\/#website\"},\"primaryImageOfPage\":{\"@id\":\"https:\/\/onesolutionsweb.com\/es\/software-company-consulting-outsourcing-technologies\/react\/#primaryimage\"},\"image\":{\"@id\":\"https:\/\/onesolutionsweb.com\/es\/software-company-consulting-outsourcing-technologies\/react\/#primaryimage\"},\"thumbnailUrl\":\"http:\/\/onesolutionsweb.com\/wp-content\/uploads\/2022\/02\/image-27.png\",\"datePublished\":\"2022-02-03T22:23:51+00:00\",\"dateModified\":\"2022-02-10T16:18:42+00:00\",\"breadcrumb\":{\"@id\":\"https:\/\/onesolutionsweb.com\/es\/software-company-consulting-outsourcing-technologies\/react\/#breadcrumb\"},\"inLanguage\":\"es\",\"potentialAction\":[{\"@type\":\"ReadAction\",\"target\":[\"https:\/\/onesolutionsweb.com\/es\/software-company-consulting-outsourcing-technologies\/react\/\"]}]},{\"@type\":\"ImageObject\",\"inLanguage\":\"es\",\"@id\":\"https:\/\/onesolutionsweb.com\/es\/software-company-consulting-outsourcing-technologies\/react\/#primaryimage\",\"url\":\"http:\/\/onesolutionsweb.com\/wp-content\/uploads\/2022\/02\/image-27.png\",\"contentUrl\":\"http:\/\/onesolutionsweb.com\/wp-content\/uploads\/2022\/02\/image-27.png\"},{\"@type\":\"BreadcrumbList\",\"@id\":\"https:\/\/onesolutionsweb.com\/es\/software-company-consulting-outsourcing-technologies\/react\/#breadcrumb\",\"itemListElement\":[{\"@type\":\"ListItem\",\"position\":1,\"name\":\"Portada\",\"item\":\"https:\/\/onesolutionsweb.com\/es\/\"},{\"@type\":\"ListItem\",\"position\":2,\"name\":\"Tecnolog\u00edas\",\"item\":\"https:\/\/onesolutionsweb.com\/es\/software-company-consulting-outsourcing-technologies\/\"},{\"@type\":\"ListItem\",\"position\":3,\"name\":\"Desarrollo en React\"}]},{\"@type\":\"WebSite\",\"@id\":\"https:\/\/onesolutionsweb.com\/#website\",\"url\":\"https:\/\/onesolutionsweb.com\/\",\"name\":\"One Solutions\",\"description\":\"Software Solutions\",\"publisher\":{\"@id\":\"https:\/\/onesolutionsweb.com\/#organization\"},\"potentialAction\":[{\"@type\":\"SearchAction\",\"target\":{\"@type\":\"EntryPoint\",\"urlTemplate\":\"https:\/\/onesolutionsweb.com\/?s={search_term_string}\"},\"query-input\":{\"@type\":\"PropertyValueSpecification\",\"valueRequired\":true,\"valueName\":\"search_term_string\"}}],\"inLanguage\":\"es\"},{\"@type\":\"Organization\",\"@id\":\"https:\/\/onesolutionsweb.com\/#organization\",\"name\":\"One Solutions\",\"url\":\"https:\/\/onesolutionsweb.com\/\",\"logo\":{\"@type\":\"ImageObject\",\"inLanguage\":\"es\",\"@id\":\"https:\/\/onesolutionsweb.com\/#\/schema\/logo\/image\/\",\"url\":\"https:\/\/secureservercdn.net\/104.238.71.33\/91x.30f.myftpupload.com\/wp-content\/uploads\/2021\/05\/logoblackico.png?time=1656722807\",\"contentUrl\":\"https:\/\/secureservercdn.net\/104.238.71.33\/91x.30f.myftpupload.com\/wp-content\/uploads\/2021\/05\/logoblackico.png?time=1656722807\",\"width\":494,\"height\":494,\"caption\":\"One Solutions\"},\"image\":{\"@id\":\"https:\/\/onesolutionsweb.com\/#\/schema\/logo\/image\/\"},\"sameAs\":[\"https:\/\/www.facebook.com\/onesolutionsweb\",\"https:\/\/x.com\/OneSolutionsWeb\",\"https:\/\/www.linkedin.com\/company\/onesolutionsweb\",\"https:\/\/www.instagram.com\/onesolutionsweb\/\"]}]}<\/script>\n<!-- \/ Yoast SEO Premium plugin. -->","yoast_head_json":{"title":"Desarrollo en React - One Solutions","robots":{"index":"index","follow":"follow","max-snippet":"max-snippet:-1","max-image-preview":"max-image-preview:large","max-video-preview":"max-video-preview:-1"},"canonical":"https:\/\/onesolutionsweb.com\/es\/software-company-consulting-outsourcing-technologies\/react\/","og_locale":"es_ES","og_type":"article","og_title":"Desarrollo en React","og_description":"&nbsp; Qu\u00e9 es React? Tambi\u00e9n conocido como React.js o ReactJS. React es una biblioteca de JavaScript gratuita y de c\u00f3digo abierto. Jordan Walke, un","og_url":"https:\/\/onesolutionsweb.com\/es\/software-company-consulting-outsourcing-technologies\/react\/","og_site_name":"One Solutions","article_publisher":"https:\/\/www.facebook.com\/onesolutionsweb","article_modified_time":"2022-02-10T16:18:42+00:00","og_image":[{"url":"http:\/\/onesolutionsweb.com\/wp-content\/uploads\/2022\/02\/image-27.png","type":"","width":"","height":""}],"twitter_card":"summary_large_image","twitter_site":"@OneSolutionsWeb","twitter_misc":{"Tiempo de lectura":"2 minutos"},"schema":{"@context":"https:\/\/schema.org","@graph":[{"@type":"WebPage","@id":"https:\/\/onesolutionsweb.com\/es\/software-company-consulting-outsourcing-technologies\/react\/","url":"https:\/\/onesolutionsweb.com\/es\/software-company-consulting-outsourcing-technologies\/react\/","name":"Desarrollo en React - One Solutions","isPartOf":{"@id":"https:\/\/onesolutionsweb.com\/#website"},"primaryImageOfPage":{"@id":"https:\/\/onesolutionsweb.com\/es\/software-company-consulting-outsourcing-technologies\/react\/#primaryimage"},"image":{"@id":"https:\/\/onesolutionsweb.com\/es\/software-company-consulting-outsourcing-technologies\/react\/#primaryimage"},"thumbnailUrl":"http:\/\/onesolutionsweb.com\/wp-content\/uploads\/2022\/02\/image-27.png","datePublished":"2022-02-03T22:23:51+00:00","dateModified":"2022-02-10T16:18:42+00:00","breadcrumb":{"@id":"https:\/\/onesolutionsweb.com\/es\/software-company-consulting-outsourcing-technologies\/react\/#breadcrumb"},"inLanguage":"es","potentialAction":[{"@type":"ReadAction","target":["https:\/\/onesolutionsweb.com\/es\/software-company-consulting-outsourcing-technologies\/react\/"]}]},{"@type":"ImageObject","inLanguage":"es","@id":"https:\/\/onesolutionsweb.com\/es\/software-company-consulting-outsourcing-technologies\/react\/#primaryimage","url":"http:\/\/onesolutionsweb.com\/wp-content\/uploads\/2022\/02\/image-27.png","contentUrl":"http:\/\/onesolutionsweb.com\/wp-content\/uploads\/2022\/02\/image-27.png"},{"@type":"BreadcrumbList","@id":"https:\/\/onesolutionsweb.com\/es\/software-company-consulting-outsourcing-technologies\/react\/#breadcrumb","itemListElement":[{"@type":"ListItem","position":1,"name":"Portada","item":"https:\/\/onesolutionsweb.com\/es\/"},{"@type":"ListItem","position":2,"name":"Tecnolog\u00edas","item":"https:\/\/onesolutionsweb.com\/es\/software-company-consulting-outsourcing-technologies\/"},{"@type":"ListItem","position":3,"name":"Desarrollo en React"}]},{"@type":"WebSite","@id":"https:\/\/onesolutionsweb.com\/#website","url":"https:\/\/onesolutionsweb.com\/","name":"One Solutions","description":"Software Solutions","publisher":{"@id":"https:\/\/onesolutionsweb.com\/#organization"},"potentialAction":[{"@type":"SearchAction","target":{"@type":"EntryPoint","urlTemplate":"https:\/\/onesolutionsweb.com\/?s={search_term_string}"},"query-input":{"@type":"PropertyValueSpecification","valueRequired":true,"valueName":"search_term_string"}}],"inLanguage":"es"},{"@type":"Organization","@id":"https:\/\/onesolutionsweb.com\/#organization","name":"One Solutions","url":"https:\/\/onesolutionsweb.com\/","logo":{"@type":"ImageObject","inLanguage":"es","@id":"https:\/\/onesolutionsweb.com\/#\/schema\/logo\/image\/","url":"https:\/\/secureservercdn.net\/104.238.71.33\/91x.30f.myftpupload.com\/wp-content\/uploads\/2021\/05\/logoblackico.png?time=1656722807","contentUrl":"https:\/\/secureservercdn.net\/104.238.71.33\/91x.30f.myftpupload.com\/wp-content\/uploads\/2021\/05\/logoblackico.png?time=1656722807","width":494,"height":494,"caption":"One Solutions"},"image":{"@id":"https:\/\/onesolutionsweb.com\/#\/schema\/logo\/image\/"},"sameAs":["https:\/\/www.facebook.com\/onesolutionsweb","https:\/\/x.com\/OneSolutionsWeb","https:\/\/www.linkedin.com\/company\/onesolutionsweb","https:\/\/www.instagram.com\/onesolutionsweb\/"]}]}},"_links":{"self":[{"href":"https:\/\/onesolutionsweb.com\/es\/wp-json\/wp\/v2\/pages\/9834","targetHints":{"allow":["GET"]}}],"collection":[{"href":"https:\/\/onesolutionsweb.com\/es\/wp-json\/wp\/v2\/pages"}],"about":[{"href":"https:\/\/onesolutionsweb.com\/es\/wp-json\/wp\/v2\/types\/page"}],"author":[{"embeddable":true,"href":"https:\/\/onesolutionsweb.com\/es\/wp-json\/wp\/v2\/users\/1"}],"replies":[{"embeddable":true,"href":"https:\/\/onesolutionsweb.com\/es\/wp-json\/wp\/v2\/comments?post=9834"}],"version-history":[{"count":4,"href":"https:\/\/onesolutionsweb.com\/es\/wp-json\/wp\/v2\/pages\/9834\/revisions"}],"predecessor-version":[{"id":9996,"href":"https:\/\/onesolutionsweb.com\/es\/wp-json\/wp\/v2\/pages\/9834\/revisions\/9996"}],"up":[{"embeddable":true,"href":"https:\/\/onesolutionsweb.com\/es\/wp-json\/wp\/v2\/pages\/10110"}],"wp:attachment":[{"href":"https:\/\/onesolutionsweb.com\/es\/wp-json\/wp\/v2\/media?parent=9834"}],"curies":[{"name":"wp","href":"https:\/\/api.w.org\/{rel}","templated":true}]}}