{"id":9817,"date":"2022-02-03T21:58:00","date_gmt":"2022-02-03T21:58:00","guid":{"rendered":"https:\/\/onesolutionsweb.com\/python\/"},"modified":"2022-02-10T16:26:58","modified_gmt":"2022-02-10T16:26:58","slug":"python","status":"publish","type":"page","link":"https:\/\/onesolutionsweb.com\/es\/software-company-consulting-outsourcing-technologies\/python\/","title":{"rendered":"Desarrollo en Python"},"content":{"rendered":"<div class=\"wpb-content-wrapper\"><p>[vc_row][vc_column width=\u00bb1\/6&#8243;][\/vc_column][vc_column width=\u00bb2\/3&#8243;][vc_column_text]<strong><img decoding=\"async\" class=\"size-full wp-image-8869 alignright lazyload\" data-src=\"http:\/\/onesolutionsweb.com\/wp-content\/uploads\/2021\/05\/langlogosArtboard-3-copy-5-1.jpg\" alt=\"\" width=\"250\" height=\"250\" data-srcset=\"https:\/\/onesolutionsweb.com\/wp-content\/uploads\/2021\/05\/langlogosArtboard-3-copy-5-1.jpg 250w, https:\/\/onesolutionsweb.com\/wp-content\/uploads\/2021\/05\/langlogosArtboard-3-copy-5-1-150x150.jpg 150w\" data-sizes=\"(max-width: 250px) 100vw, 250px\" src=\"data:image\/gif;base64,R0lGODlhAQABAAAAACH5BAEKAAEALAAAAAABAAEAAAICTAEAOw==\" style=\"--smush-placeholder-width: 250px; --smush-placeholder-aspect-ratio: 250\/250;\" \/><noscript><img decoding=\"async\" class=\"size-full wp-image-8869 alignright\" src=\"http:\/\/onesolutionsweb.com\/wp-content\/uploads\/2021\/05\/langlogosArtboard-3-copy-5-1.jpg\" alt=\"\" width=\"250\" height=\"250\" srcset=\"https:\/\/onesolutionsweb.com\/wp-content\/uploads\/2021\/05\/langlogosArtboard-3-copy-5-1.jpg 250w, https:\/\/onesolutionsweb.com\/wp-content\/uploads\/2021\/05\/langlogosArtboard-3-copy-5-1-150x150.jpg 150w\" sizes=\"(max-width: 250px) 100vw, 250px\" \/><\/noscript><br \/>\n<\/strong><\/p>\n<p><strong>\u00bfQu\u00e9 <\/strong><strong>es Python?<\/strong><\/p>\n<p>Python es un lenguaje de programaci\u00f3n inform\u00e1tica.\u00a0 Fue concebido a finales de la d\u00e9cada de 1980 por Guido van Rossum, y fue lanzado por primera vez en 1991 como Python 0.9.0<\/p>\n<p>Python es indiscutiblemente un lenguaje de programaci\u00f3n de primera l\u00ednea, a la altura de JavaScript o C++, y es uno de los m\u00e1s utilizados por organizaciones y empresas. Python tiene una amplia gama de aplicaciones comerciales, como el desarrollo web, las interfaces gr\u00e1ficas de usuario, la programaci\u00f3n de videojuegos, los algoritmos de inteligencia artificial y los modelos estad\u00edsticos, entre otros.<\/p>\n<p><strong>Empresas de software de primer nivel que utilizan Python<\/strong><\/p>\n<p>Python es un lenguaje inform\u00e1tico que utilizan muchas grandes empresas como:<\/p>\n<p><strong>\u00a0<\/strong><\/p>\n<p>&nbsp;<\/p>\n<p><img decoding=\"async\" class=\"wp-image-9813 aligncenter lazyload\" data-src=\"http:\/\/onesolutionsweb.com\/wp-content\/uploads\/2022\/02\/image-26-300x162.png\" alt=\"\" width=\"494\" height=\"267\" data-srcset=\"https:\/\/onesolutionsweb.com\/wp-content\/uploads\/2022\/02\/image-26-300x162.png 300w, https:\/\/onesolutionsweb.com\/wp-content\/uploads\/2022\/02\/image-26.png 425w\" data-sizes=\"(max-width: 494px) 100vw, 494px\" src=\"data:image\/gif;base64,R0lGODlhAQABAAAAACH5BAEKAAEALAAAAAABAAEAAAICTAEAOw==\" style=\"--smush-placeholder-width: 494px; --smush-placeholder-aspect-ratio: 494\/267;\" \/><noscript><img decoding=\"async\" class=\" wp-image-9813 aligncenter\" src=\"http:\/\/onesolutionsweb.com\/wp-content\/uploads\/2022\/02\/image-26-300x162.png\" alt=\"\" width=\"494\" height=\"267\" srcset=\"https:\/\/onesolutionsweb.com\/wp-content\/uploads\/2022\/02\/image-26-300x162.png 300w, https:\/\/onesolutionsweb.com\/wp-content\/uploads\/2022\/02\/image-26.png 425w\" sizes=\"(max-width: 494px) 100vw, 494px\" \/><\/noscript><\/p>\n<p>&nbsp;<\/p>\n<p>Python es popular entre las peque\u00f1as y medianas empresas porque es muy eficiente. Si su empresa necesita un especialista en Python, tenemos amplia experiencia en el desarrollo de aplicaciones con este lenguaje.<\/p>\n<p><strong>Caracter\u00edsticas de Python<\/strong><\/p>\n<p>Python tiene varias caracter\u00edsticas, algunas de las cuales se mencionan aqu\u00ed:<\/p>\n<p>&#8211; F\u00e1cil de codificar<\/p>\n<p>&#8211; Es gratuito y de c\u00f3digo abierto<\/p>\n<p>&#8211; Lenguaje orientado a objetos<\/p>\n<p>&#8211; Soporte de programaci\u00f3n GUI (Interfaces Gr\u00e1ficas de Usuario)<\/p>\n<p>&#8211; Python es un lenguaje de alto nivel<\/p>\n<p>&#8211; Python es un lenguaje interpretado<\/p>\n<p>&#8211; Python ofrece una amplia biblioteca est\u00e1ndar<\/p>\n<p><strong>Desarrollo de software en Python<\/strong><\/p>\n<p>Nuestro personal altamente experimentado tiene una amplia experiencia en el dise\u00f1o de aplicaciones basadas en Python. P\u00f3ngase en contacto con nosotros de inmediato para saber m\u00e1s sobre c\u00f3mo podemos ayudarle.<\/p>\n<p>\u00bfBusca una empresa de desarrollo de Python?[\/vc_column_text]<div class=\"colored_theme_button prk_medium pls_shortcoded\"><a href=\"https:\/\/onesolutionsweb.com\/es\/#contact\" target=\"_self\" class=\"pulse_anchor\">Cont\u00e1ctanos<\/a><\/div>[\/vc_column][vc_column width=\u00bb1\/6&#8243;][\/vc_column][\/vc_row]<\/p>\n<\/div>","protected":false},"excerpt":{"rendered":"<p>[vc_row][vc_column width=\u00bb1\/6&#8243;][\/vc_column][vc_column width=\u00bb2\/3&#8243;][vc_column_text] \u00bfQu\u00e9 es Python? Python es un lenguaje de programaci\u00f3n inform\u00e1tica.\u00a0 Fue concebido a finales de la d\u00e9cada de 1980 por Guido van Rossum, y fue lanzado por primera vez en 1991 como Python 0.9.0 Python es indiscutiblemente un lenguaje de programaci\u00f3n de primera l\u00ednea, a la altura de JavaScript o C++, y [&hellip;]<\/p>\n","protected":false},"author":1,"featured_media":0,"parent":10110,"menu_order":3,"comment_status":"closed","ping_status":"closed","template":"","meta":{"content-type":"","inline_featured_image":false,"footnotes":""},"class_list":["post-9817","page","type-page","status-publish","hentry"],"acf":[],"yoast_head":"<!-- This site is optimized with the Yoast SEO Premium plugin v23.8 (Yoast SEO v26.0) - https:\/\/yoast.com\/wordpress\/plugins\/seo\/ -->\n<title>Desarrollo en Python - One Solutions<\/title>\n<meta name=\"robots\" content=\"index, follow, max-snippet:-1, max-image-preview:large, max-video-preview:-1\" \/>\n<link rel=\"canonical\" href=\"https:\/\/onesolutionsweb.com\/es\/software-company-consulting-outsourcing-technologies\/python\/\" \/>\n<meta property=\"og:locale\" content=\"es_ES\" \/>\n<meta property=\"og:type\" content=\"article\" \/>\n<meta property=\"og:title\" content=\"Desarrollo en Python\" \/>\n<meta property=\"og:description\" content=\"\u00bfQu\u00e9 es Python? Python es un lenguaje de programaci\u00f3n inform\u00e1tica.\u00a0 Fue concebido a finales de la d\u00e9cada de 1980 por Guido van Rossum, y fue lanzado por\" \/>\n<meta property=\"og:url\" content=\"https:\/\/onesolutionsweb.com\/es\/software-company-consulting-outsourcing-technologies\/python\/\" \/>\n<meta property=\"og:site_name\" content=\"One Solutions\" \/>\n<meta property=\"article:publisher\" content=\"https:\/\/www.facebook.com\/onesolutionsweb\" \/>\n<meta property=\"article:modified_time\" content=\"2022-02-10T16:26:58+00:00\" \/>\n<meta property=\"og:image\" content=\"http:\/\/onesolutionsweb.com\/wp-content\/uploads\/2021\/05\/langlogosArtboard-3-copy-5-1.jpg\" \/>\n<meta name=\"twitter:card\" content=\"summary_large_image\" \/>\n<meta name=\"twitter:site\" content=\"@OneSolutionsWeb\" \/>\n<meta name=\"twitter:label1\" content=\"Tiempo de lectura\" \/>\n\t<meta name=\"twitter:data1\" content=\"2 minutos\" \/>\n<script type=\"application\/ld+json\" class=\"yoast-schema-graph\">{\"@context\":\"https:\/\/schema.org\",\"@graph\":[{\"@type\":\"WebPage\",\"@id\":\"https:\/\/onesolutionsweb.com\/es\/software-company-consulting-outsourcing-technologies\/python\/\",\"url\":\"https:\/\/onesolutionsweb.com\/es\/software-company-consulting-outsourcing-technologies\/python\/\",\"name\":\"Desarrollo en Python - One Solutions\",\"isPartOf\":{\"@id\":\"https:\/\/onesolutionsweb.com\/#website\"},\"primaryImageOfPage\":{\"@id\":\"https:\/\/onesolutionsweb.com\/es\/software-company-consulting-outsourcing-technologies\/python\/#primaryimage\"},\"image\":{\"@id\":\"https:\/\/onesolutionsweb.com\/es\/software-company-consulting-outsourcing-technologies\/python\/#primaryimage\"},\"thumbnailUrl\":\"http:\/\/onesolutionsweb.com\/wp-content\/uploads\/2021\/05\/langlogosArtboard-3-copy-5-1.jpg\",\"datePublished\":\"2022-02-03T21:58:00+00:00\",\"dateModified\":\"2022-02-10T16:26:58+00:00\",\"breadcrumb\":{\"@id\":\"https:\/\/onesolutionsweb.com\/es\/software-company-consulting-outsourcing-technologies\/python\/#breadcrumb\"},\"inLanguage\":\"es\",\"potentialAction\":[{\"@type\":\"ReadAction\",\"target\":[\"https:\/\/onesolutionsweb.com\/es\/software-company-consulting-outsourcing-technologies\/python\/\"]}]},{\"@type\":\"ImageObject\",\"inLanguage\":\"es\",\"@id\":\"https:\/\/onesolutionsweb.com\/es\/software-company-consulting-outsourcing-technologies\/python\/#primaryimage\",\"url\":\"http:\/\/onesolutionsweb.com\/wp-content\/uploads\/2021\/05\/langlogosArtboard-3-copy-5-1.jpg\",\"contentUrl\":\"http:\/\/onesolutionsweb.com\/wp-content\/uploads\/2021\/05\/langlogosArtboard-3-copy-5-1.jpg\"},{\"@type\":\"BreadcrumbList\",\"@id\":\"https:\/\/onesolutionsweb.com\/es\/software-company-consulting-outsourcing-technologies\/python\/#breadcrumb\",\"itemListElement\":[{\"@type\":\"ListItem\",\"position\":1,\"name\":\"Portada\",\"item\":\"https:\/\/onesolutionsweb.com\/es\/\"},{\"@type\":\"ListItem\",\"position\":2,\"name\":\"Tecnolog\u00edas\",\"item\":\"https:\/\/onesolutionsweb.com\/es\/software-company-consulting-outsourcing-technologies\/\"},{\"@type\":\"ListItem\",\"position\":3,\"name\":\"Desarrollo en Python\"}]},{\"@type\":\"WebSite\",\"@id\":\"https:\/\/onesolutionsweb.com\/#website\",\"url\":\"https:\/\/onesolutionsweb.com\/\",\"name\":\"One Solutions\",\"description\":\"Software Solutions\",\"publisher\":{\"@id\":\"https:\/\/onesolutionsweb.com\/#organization\"},\"potentialAction\":[{\"@type\":\"SearchAction\",\"target\":{\"@type\":\"EntryPoint\",\"urlTemplate\":\"https:\/\/onesolutionsweb.com\/?s={search_term_string}\"},\"query-input\":{\"@type\":\"PropertyValueSpecification\",\"valueRequired\":true,\"valueName\":\"search_term_string\"}}],\"inLanguage\":\"es\"},{\"@type\":\"Organization\",\"@id\":\"https:\/\/onesolutionsweb.com\/#organization\",\"name\":\"One Solutions\",\"url\":\"https:\/\/onesolutionsweb.com\/\",\"logo\":{\"@type\":\"ImageObject\",\"inLanguage\":\"es\",\"@id\":\"https:\/\/onesolutionsweb.com\/#\/schema\/logo\/image\/\",\"url\":\"https:\/\/secureservercdn.net\/104.238.71.33\/91x.30f.myftpupload.com\/wp-content\/uploads\/2021\/05\/logoblackico.png?time=1656722807\",\"contentUrl\":\"https:\/\/secureservercdn.net\/104.238.71.33\/91x.30f.myftpupload.com\/wp-content\/uploads\/2021\/05\/logoblackico.png?time=1656722807\",\"width\":494,\"height\":494,\"caption\":\"One Solutions\"},\"image\":{\"@id\":\"https:\/\/onesolutionsweb.com\/#\/schema\/logo\/image\/\"},\"sameAs\":[\"https:\/\/www.facebook.com\/onesolutionsweb\",\"https:\/\/x.com\/OneSolutionsWeb\",\"https:\/\/www.linkedin.com\/company\/onesolutionsweb\",\"https:\/\/www.instagram.com\/onesolutionsweb\/\"]}]}<\/script>\n<!-- \/ Yoast SEO Premium plugin. -->","yoast_head_json":{"title":"Desarrollo en Python - One Solutions","robots":{"index":"index","follow":"follow","max-snippet":"max-snippet:-1","max-image-preview":"max-image-preview:large","max-video-preview":"max-video-preview:-1"},"canonical":"https:\/\/onesolutionsweb.com\/es\/software-company-consulting-outsourcing-technologies\/python\/","og_locale":"es_ES","og_type":"article","og_title":"Desarrollo en Python","og_description":"\u00bfQu\u00e9 es Python? Python es un lenguaje de programaci\u00f3n inform\u00e1tica.\u00a0 Fue concebido a finales de la d\u00e9cada de 1980 por Guido van Rossum, y fue lanzado por","og_url":"https:\/\/onesolutionsweb.com\/es\/software-company-consulting-outsourcing-technologies\/python\/","og_site_name":"One Solutions","article_publisher":"https:\/\/www.facebook.com\/onesolutionsweb","article_modified_time":"2022-02-10T16:26:58+00:00","og_image":[{"url":"http:\/\/onesolutionsweb.com\/wp-content\/uploads\/2021\/05\/langlogosArtboard-3-copy-5-1.jpg","type":"","width":"","height":""}],"twitter_card":"summary_large_image","twitter_site":"@OneSolutionsWeb","twitter_misc":{"Tiempo de lectura":"2 minutos"},"schema":{"@context":"https:\/\/schema.org","@graph":[{"@type":"WebPage","@id":"https:\/\/onesolutionsweb.com\/es\/software-company-consulting-outsourcing-technologies\/python\/","url":"https:\/\/onesolutionsweb.com\/es\/software-company-consulting-outsourcing-technologies\/python\/","name":"Desarrollo en Python - One Solutions","isPartOf":{"@id":"https:\/\/onesolutionsweb.com\/#website"},"primaryImageOfPage":{"@id":"https:\/\/onesolutionsweb.com\/es\/software-company-consulting-outsourcing-technologies\/python\/#primaryimage"},"image":{"@id":"https:\/\/onesolutionsweb.com\/es\/software-company-consulting-outsourcing-technologies\/python\/#primaryimage"},"thumbnailUrl":"http:\/\/onesolutionsweb.com\/wp-content\/uploads\/2021\/05\/langlogosArtboard-3-copy-5-1.jpg","datePublished":"2022-02-03T21:58:00+00:00","dateModified":"2022-02-10T16:26:58+00:00","breadcrumb":{"@id":"https:\/\/onesolutionsweb.com\/es\/software-company-consulting-outsourcing-technologies\/python\/#breadcrumb"},"inLanguage":"es","potentialAction":[{"@type":"ReadAction","target":["https:\/\/onesolutionsweb.com\/es\/software-company-consulting-outsourcing-technologies\/python\/"]}]},{"@type":"ImageObject","inLanguage":"es","@id":"https:\/\/onesolutionsweb.com\/es\/software-company-consulting-outsourcing-technologies\/python\/#primaryimage","url":"http:\/\/onesolutionsweb.com\/wp-content\/uploads\/2021\/05\/langlogosArtboard-3-copy-5-1.jpg","contentUrl":"http:\/\/onesolutionsweb.com\/wp-content\/uploads\/2021\/05\/langlogosArtboard-3-copy-5-1.jpg"},{"@type":"BreadcrumbList","@id":"https:\/\/onesolutionsweb.com\/es\/software-company-consulting-outsourcing-technologies\/python\/#breadcrumb","itemListElement":[{"@type":"ListItem","position":1,"name":"Portada","item":"https:\/\/onesolutionsweb.com\/es\/"},{"@type":"ListItem","position":2,"name":"Tecnolog\u00edas","item":"https:\/\/onesolutionsweb.com\/es\/software-company-consulting-outsourcing-technologies\/"},{"@type":"ListItem","position":3,"name":"Desarrollo en Python"}]},{"@type":"WebSite","@id":"https:\/\/onesolutionsweb.com\/#website","url":"https:\/\/onesolutionsweb.com\/","name":"One Solutions","description":"Software Solutions","publisher":{"@id":"https:\/\/onesolutionsweb.com\/#organization"},"potentialAction":[{"@type":"SearchAction","target":{"@type":"EntryPoint","urlTemplate":"https:\/\/onesolutionsweb.com\/?s={search_term_string}"},"query-input":{"@type":"PropertyValueSpecification","valueRequired":true,"valueName":"search_term_string"}}],"inLanguage":"es"},{"@type":"Organization","@id":"https:\/\/onesolutionsweb.com\/#organization","name":"One Solutions","url":"https:\/\/onesolutionsweb.com\/","logo":{"@type":"ImageObject","inLanguage":"es","@id":"https:\/\/onesolutionsweb.com\/#\/schema\/logo\/image\/","url":"https:\/\/secureservercdn.net\/104.238.71.33\/91x.30f.myftpupload.com\/wp-content\/uploads\/2021\/05\/logoblackico.png?time=1656722807","contentUrl":"https:\/\/secureservercdn.net\/104.238.71.33\/91x.30f.myftpupload.com\/wp-content\/uploads\/2021\/05\/logoblackico.png?time=1656722807","width":494,"height":494,"caption":"One Solutions"},"image":{"@id":"https:\/\/onesolutionsweb.com\/#\/schema\/logo\/image\/"},"sameAs":["https:\/\/www.facebook.com\/onesolutionsweb","https:\/\/x.com\/OneSolutionsWeb","https:\/\/www.linkedin.com\/company\/onesolutionsweb","https:\/\/www.instagram.com\/onesolutionsweb\/"]}]}},"_links":{"self":[{"href":"https:\/\/onesolutionsweb.com\/es\/wp-json\/wp\/v2\/pages\/9817","targetHints":{"allow":["GET"]}}],"collection":[{"href":"https:\/\/onesolutionsweb.com\/es\/wp-json\/wp\/v2\/pages"}],"about":[{"href":"https:\/\/onesolutionsweb.com\/es\/wp-json\/wp\/v2\/types\/page"}],"author":[{"embeddable":true,"href":"https:\/\/onesolutionsweb.com\/es\/wp-json\/wp\/v2\/users\/1"}],"replies":[{"embeddable":true,"href":"https:\/\/onesolutionsweb.com\/es\/wp-json\/wp\/v2\/comments?post=9817"}],"version-history":[{"count":7,"href":"https:\/\/onesolutionsweb.com\/es\/wp-json\/wp\/v2\/pages\/9817\/revisions"}],"predecessor-version":[{"id":10001,"href":"https:\/\/onesolutionsweb.com\/es\/wp-json\/wp\/v2\/pages\/9817\/revisions\/10001"}],"up":[{"embeddable":true,"href":"https:\/\/onesolutionsweb.com\/es\/wp-json\/wp\/v2\/pages\/10110"}],"wp:attachment":[{"href":"https:\/\/onesolutionsweb.com\/es\/wp-json\/wp\/v2\/media?parent=9817"}],"curies":[{"name":"wp","href":"https:\/\/api.w.org\/{rel}","templated":true}]}}