{"id":9803,"date":"2022-02-03T21:46:30","date_gmt":"2022-02-03T21:46:30","guid":{"rendered":"https:\/\/onesolutionsweb.com\/?page_id=9803"},"modified":"2022-02-14T14:41:56","modified_gmt":"2022-02-14T14:41:56","slug":"javascript","status":"publish","type":"page","link":"https:\/\/onesolutionsweb.com\/es\/software-company-consulting-outsourcing-technologies\/javascript\/","title":{"rendered":"Desarrollo en JavaScript"},"content":{"rendered":"<div class=\"wpb-content-wrapper\"><p>[vc_row][vc_column width=\u00bb1\/6&#8243;][\/vc_column][vc_column width=\u00bb2\/3&#8243;][vc_column_text]<strong><img decoding=\"async\" class=\"wp-image-9804 alignright lazyload\" data-src=\"http:\/\/onesolutionsweb.com\/wp-content\/uploads\/2022\/02\/image-25.png\" alt=\"\" width=\"199\" height=\"196\" src=\"data:image\/gif;base64,R0lGODlhAQABAAAAACH5BAEKAAEALAAAAAABAAEAAAICTAEAOw==\" style=\"--smush-placeholder-width: 199px; --smush-placeholder-aspect-ratio: 199\/196;\" \/><noscript><img decoding=\"async\" class=\" wp-image-9804 alignright\" src=\"http:\/\/onesolutionsweb.com\/wp-content\/uploads\/2022\/02\/image-25.png\" alt=\"\" width=\"199\" height=\"196\" \/><\/noscript>Que es\u00a0 JavaScript?<\/strong><\/p>\n<p>JavaScript es un potente lenguaje de programaci\u00f3n para crear sitios web interactivos con multimedia, gr\u00e1ficos, animaciones y v\u00eddeos. Se utiliza habitualmente en la creaci\u00f3n de videojuegos y aplicaciones m\u00f3viles.<\/p>\n<p>La primera aparici\u00f3n de JavaScript fue en Netscape 2.0 en 1995 con el nombre de LiveScript que fue cambiado posteriormente por JavaScript. El mecanismo del lado del cliente de JavaScript permite implementar caracter\u00edsticas din\u00e1micas en las p\u00e1ginas web que no se pueden hacer s\u00f3lo con HTML y CSS.<\/p>\n<p><strong>Principales diferencias entre Java and JavaScript<\/strong><\/p>\n<p>Aunque existen algunos paralelismos entre JavaScript y Java en cuanto a los nombres del lenguaje, las bibliotecas est\u00e1ndar y la gram\u00e1tica, ambos lenguajes son muy diferentes en cuanto a su dise\u00f1o. Podemos enumerar algunas de las diferencias m\u00e1s relevantes:<\/p>\n<p>&nbsp;<\/p>\n<table>\n<tbody>\n<tr>\n<td width=\"283\"><strong>JavaScript<\/strong><\/td>\n<td width=\"283\"><strong>Java<\/strong><\/td>\n<\/tr>\n<tr>\n<td width=\"283\">JavaScript es un lenguaje de programaci\u00f3n basado en objetos<\/td>\n<td width=\"283\">Java es un lenguaje de programaci\u00f3n orientado a objetos<\/td>\n<\/tr>\n<tr>\n<td width=\"283\">El c\u00f3digo JavaScript s\u00f3lo se ejecuta en un navegador, pero ahora puede ejecutarse en el servidor a trav\u00e9s de Node.js<\/td>\n<td width=\"283\">Las aplicaciones Java pueden ejecutarse en cualquier m\u00e1quina virtual o navegador<\/td>\n<\/tr>\n<tr>\n<td width=\"283\">Tiene la extensi\u00f3n de archivo \u00ab.js\u00bb<\/td>\n<td width=\"283\">Tiene una extensi\u00f3n de archivo \u00ab.Java\u00bb<\/td>\n<\/tr>\n<tr>\n<td width=\"283\">El c\u00f3digo JavaScript es ejecutado directamente por el navegador<\/td>\n<td width=\"283\">Java es un lenguaje compilado e interpretado<\/td>\n<\/tr>\n<tr>\n<td width=\"283\">JavaScript es un lenguaje din\u00e1mico<\/td>\n<td width=\"283\">Java es un lenguaje est\u00e1tico<\/td>\n<\/tr>\n<\/tbody>\n<\/table>\n<p>Nuestros desarrolladores est\u00e1n dispuestos a ayudarle y a analizar su proyecto para que pueda emplear la tecnolog\u00eda m\u00e1s actualizada.<\/p>\n<p><strong>Caracter\u00edsticas de JavaScript \u00a0<\/strong><\/p>\n<p>Las siguientes son algunas de las caracter\u00edsticas de JavaScript:<\/p>\n<ul>\n<li>Tecnolog\u00eda de punta para el cliente<\/li>\n<li>Validaci\u00f3n de la entrada del usuario<\/li>\n<li>Condiciones Else &amp; If<\/li>\n<li>Independiente de la plataforma<\/li>\n<li>Detecci\u00f3n de navegadores<\/li>\n<li>Ligero y delicado<\/li>\n<li>Manejo de Eventos<\/li>\n<\/ul>\n<p><strong>Desarrolladores JavaScript <\/strong><\/p>\n<p>One Solutions cuenta con un equipo de desarrolladores profesionales de JavaScript que llevan m\u00e1s de diez a\u00f1os dise\u00f1ando soluciones \u00fanicas para nuestros clientes. P\u00f3ngase en contacto con nosotros si quiere saber m\u00e1s.[\/vc_column_text]<div class=\"colored_theme_button prk_medium pls_shortcoded\"><a href=\"https:\/\/onesolutionsweb.com\/es\/#contact\" target=\"_self\" class=\"pulse_anchor\">Cont\u00e1ctanos<\/a><\/div>[\/vc_column][vc_column width=\u00bb1\/6&#8243;][\/vc_column][\/vc_row]<\/p>\n<\/div>","protected":false},"excerpt":{"rendered":"<p>[vc_row][vc_column width=\u00bb1\/6&#8243;][\/vc_column][vc_column width=\u00bb2\/3&#8243;][vc_column_text]Que es\u00a0 JavaScript? JavaScript es un potente lenguaje de programaci\u00f3n para crear sitios web interactivos con multimedia, gr\u00e1ficos, animaciones y v\u00eddeos. Se utiliza habitualmente en la creaci\u00f3n de videojuegos y aplicaciones m\u00f3viles. La primera aparici\u00f3n de JavaScript fue en Netscape 2.0 en 1995 con el nombre de LiveScript que fue cambiado posteriormente por [&hellip;]<\/p>\n","protected":false},"author":1,"featured_media":0,"parent":10110,"menu_order":2,"comment_status":"closed","ping_status":"closed","template":"","meta":{"content-type":"","inline_featured_image":false,"footnotes":""},"class_list":["post-9803","page","type-page","status-publish","hentry"],"acf":[],"yoast_head":"<!-- This site is optimized with the Yoast SEO Premium plugin v23.8 (Yoast SEO v26.0) - https:\/\/yoast.com\/wordpress\/plugins\/seo\/ -->\n<title>Desarrollo en JavaScript - One Solutions<\/title>\n<meta name=\"robots\" content=\"index, follow, max-snippet:-1, max-image-preview:large, max-video-preview:-1\" \/>\n<link rel=\"canonical\" href=\"https:\/\/onesolutionsweb.com\/es\/software-company-consulting-outsourcing-technologies\/javascript\/\" \/>\n<meta property=\"og:locale\" content=\"es_ES\" \/>\n<meta property=\"og:type\" content=\"article\" \/>\n<meta property=\"og:title\" content=\"Desarrollo en JavaScript\" \/>\n<meta property=\"og:description\" content=\"Que es\u00a0 JavaScript? JavaScript es un potente lenguaje de programaci\u00f3n para crear sitios web interactivos con multimedia, gr\u00e1ficos, animaciones y v\u00eddeos.\" \/>\n<meta property=\"og:url\" content=\"https:\/\/onesolutionsweb.com\/es\/software-company-consulting-outsourcing-technologies\/javascript\/\" \/>\n<meta property=\"og:site_name\" content=\"One Solutions\" \/>\n<meta property=\"article:publisher\" content=\"https:\/\/www.facebook.com\/onesolutionsweb\" \/>\n<meta property=\"article:modified_time\" content=\"2022-02-14T14:41:56+00:00\" \/>\n<meta property=\"og:image\" content=\"http:\/\/onesolutionsweb.com\/wp-content\/uploads\/2022\/02\/image-25.png\" \/>\n<meta name=\"twitter:card\" content=\"summary_large_image\" \/>\n<meta name=\"twitter:site\" content=\"@OneSolutionsWeb\" \/>\n<meta name=\"twitter:label1\" content=\"Tiempo de lectura\" \/>\n\t<meta name=\"twitter:data1\" content=\"2 minutos\" \/>\n<script type=\"application\/ld+json\" class=\"yoast-schema-graph\">{\"@context\":\"https:\/\/schema.org\",\"@graph\":[{\"@type\":\"WebPage\",\"@id\":\"https:\/\/onesolutionsweb.com\/es\/software-company-consulting-outsourcing-technologies\/javascript\/\",\"url\":\"https:\/\/onesolutionsweb.com\/es\/software-company-consulting-outsourcing-technologies\/javascript\/\",\"name\":\"Desarrollo en JavaScript - One Solutions\",\"isPartOf\":{\"@id\":\"https:\/\/onesolutionsweb.com\/#website\"},\"primaryImageOfPage\":{\"@id\":\"https:\/\/onesolutionsweb.com\/es\/software-company-consulting-outsourcing-technologies\/javascript\/#primaryimage\"},\"image\":{\"@id\":\"https:\/\/onesolutionsweb.com\/es\/software-company-consulting-outsourcing-technologies\/javascript\/#primaryimage\"},\"thumbnailUrl\":\"http:\/\/onesolutionsweb.com\/wp-content\/uploads\/2022\/02\/image-25.png\",\"datePublished\":\"2022-02-03T21:46:30+00:00\",\"dateModified\":\"2022-02-14T14:41:56+00:00\",\"breadcrumb\":{\"@id\":\"https:\/\/onesolutionsweb.com\/es\/software-company-consulting-outsourcing-technologies\/javascript\/#breadcrumb\"},\"inLanguage\":\"es\",\"potentialAction\":[{\"@type\":\"ReadAction\",\"target\":[\"https:\/\/onesolutionsweb.com\/es\/software-company-consulting-outsourcing-technologies\/javascript\/\"]}]},{\"@type\":\"ImageObject\",\"inLanguage\":\"es\",\"@id\":\"https:\/\/onesolutionsweb.com\/es\/software-company-consulting-outsourcing-technologies\/javascript\/#primaryimage\",\"url\":\"http:\/\/onesolutionsweb.com\/wp-content\/uploads\/2022\/02\/image-25.png\",\"contentUrl\":\"http:\/\/onesolutionsweb.com\/wp-content\/uploads\/2022\/02\/image-25.png\"},{\"@type\":\"BreadcrumbList\",\"@id\":\"https:\/\/onesolutionsweb.com\/es\/software-company-consulting-outsourcing-technologies\/javascript\/#breadcrumb\",\"itemListElement\":[{\"@type\":\"ListItem\",\"position\":1,\"name\":\"Portada\",\"item\":\"https:\/\/onesolutionsweb.com\/es\/\"},{\"@type\":\"ListItem\",\"position\":2,\"name\":\"Tecnolog\u00edas\",\"item\":\"https:\/\/onesolutionsweb.com\/es\/software-company-consulting-outsourcing-technologies\/\"},{\"@type\":\"ListItem\",\"position\":3,\"name\":\"Desarrollo en JavaScript\"}]},{\"@type\":\"WebSite\",\"@id\":\"https:\/\/onesolutionsweb.com\/#website\",\"url\":\"https:\/\/onesolutionsweb.com\/\",\"name\":\"One Solutions\",\"description\":\"Software Solutions\",\"publisher\":{\"@id\":\"https:\/\/onesolutionsweb.com\/#organization\"},\"potentialAction\":[{\"@type\":\"SearchAction\",\"target\":{\"@type\":\"EntryPoint\",\"urlTemplate\":\"https:\/\/onesolutionsweb.com\/?s={search_term_string}\"},\"query-input\":{\"@type\":\"PropertyValueSpecification\",\"valueRequired\":true,\"valueName\":\"search_term_string\"}}],\"inLanguage\":\"es\"},{\"@type\":\"Organization\",\"@id\":\"https:\/\/onesolutionsweb.com\/#organization\",\"name\":\"One Solutions\",\"url\":\"https:\/\/onesolutionsweb.com\/\",\"logo\":{\"@type\":\"ImageObject\",\"inLanguage\":\"es\",\"@id\":\"https:\/\/onesolutionsweb.com\/#\/schema\/logo\/image\/\",\"url\":\"https:\/\/secureservercdn.net\/104.238.71.33\/91x.30f.myftpupload.com\/wp-content\/uploads\/2021\/05\/logoblackico.png?time=1656722807\",\"contentUrl\":\"https:\/\/secureservercdn.net\/104.238.71.33\/91x.30f.myftpupload.com\/wp-content\/uploads\/2021\/05\/logoblackico.png?time=1656722807\",\"width\":494,\"height\":494,\"caption\":\"One Solutions\"},\"image\":{\"@id\":\"https:\/\/onesolutionsweb.com\/#\/schema\/logo\/image\/\"},\"sameAs\":[\"https:\/\/www.facebook.com\/onesolutionsweb\",\"https:\/\/x.com\/OneSolutionsWeb\",\"https:\/\/www.linkedin.com\/company\/onesolutionsweb\",\"https:\/\/www.instagram.com\/onesolutionsweb\/\"]}]}<\/script>\n<!-- \/ Yoast SEO Premium plugin. -->","yoast_head_json":{"title":"Desarrollo en JavaScript - One Solutions","robots":{"index":"index","follow":"follow","max-snippet":"max-snippet:-1","max-image-preview":"max-image-preview:large","max-video-preview":"max-video-preview:-1"},"canonical":"https:\/\/onesolutionsweb.com\/es\/software-company-consulting-outsourcing-technologies\/javascript\/","og_locale":"es_ES","og_type":"article","og_title":"Desarrollo en JavaScript","og_description":"Que es\u00a0 JavaScript? JavaScript es un potente lenguaje de programaci\u00f3n para crear sitios web interactivos con multimedia, gr\u00e1ficos, animaciones y v\u00eddeos.","og_url":"https:\/\/onesolutionsweb.com\/es\/software-company-consulting-outsourcing-technologies\/javascript\/","og_site_name":"One Solutions","article_publisher":"https:\/\/www.facebook.com\/onesolutionsweb","article_modified_time":"2022-02-14T14:41:56+00:00","og_image":[{"url":"http:\/\/onesolutionsweb.com\/wp-content\/uploads\/2022\/02\/image-25.png","type":"","width":"","height":""}],"twitter_card":"summary_large_image","twitter_site":"@OneSolutionsWeb","twitter_misc":{"Tiempo de lectura":"2 minutos"},"schema":{"@context":"https:\/\/schema.org","@graph":[{"@type":"WebPage","@id":"https:\/\/onesolutionsweb.com\/es\/software-company-consulting-outsourcing-technologies\/javascript\/","url":"https:\/\/onesolutionsweb.com\/es\/software-company-consulting-outsourcing-technologies\/javascript\/","name":"Desarrollo en JavaScript - One Solutions","isPartOf":{"@id":"https:\/\/onesolutionsweb.com\/#website"},"primaryImageOfPage":{"@id":"https:\/\/onesolutionsweb.com\/es\/software-company-consulting-outsourcing-technologies\/javascript\/#primaryimage"},"image":{"@id":"https:\/\/onesolutionsweb.com\/es\/software-company-consulting-outsourcing-technologies\/javascript\/#primaryimage"},"thumbnailUrl":"http:\/\/onesolutionsweb.com\/wp-content\/uploads\/2022\/02\/image-25.png","datePublished":"2022-02-03T21:46:30+00:00","dateModified":"2022-02-14T14:41:56+00:00","breadcrumb":{"@id":"https:\/\/onesolutionsweb.com\/es\/software-company-consulting-outsourcing-technologies\/javascript\/#breadcrumb"},"inLanguage":"es","potentialAction":[{"@type":"ReadAction","target":["https:\/\/onesolutionsweb.com\/es\/software-company-consulting-outsourcing-technologies\/javascript\/"]}]},{"@type":"ImageObject","inLanguage":"es","@id":"https:\/\/onesolutionsweb.com\/es\/software-company-consulting-outsourcing-technologies\/javascript\/#primaryimage","url":"http:\/\/onesolutionsweb.com\/wp-content\/uploads\/2022\/02\/image-25.png","contentUrl":"http:\/\/onesolutionsweb.com\/wp-content\/uploads\/2022\/02\/image-25.png"},{"@type":"BreadcrumbList","@id":"https:\/\/onesolutionsweb.com\/es\/software-company-consulting-outsourcing-technologies\/javascript\/#breadcrumb","itemListElement":[{"@type":"ListItem","position":1,"name":"Portada","item":"https:\/\/onesolutionsweb.com\/es\/"},{"@type":"ListItem","position":2,"name":"Tecnolog\u00edas","item":"https:\/\/onesolutionsweb.com\/es\/software-company-consulting-outsourcing-technologies\/"},{"@type":"ListItem","position":3,"name":"Desarrollo en JavaScript"}]},{"@type":"WebSite","@id":"https:\/\/onesolutionsweb.com\/#website","url":"https:\/\/onesolutionsweb.com\/","name":"One Solutions","description":"Software Solutions","publisher":{"@id":"https:\/\/onesolutionsweb.com\/#organization"},"potentialAction":[{"@type":"SearchAction","target":{"@type":"EntryPoint","urlTemplate":"https:\/\/onesolutionsweb.com\/?s={search_term_string}"},"query-input":{"@type":"PropertyValueSpecification","valueRequired":true,"valueName":"search_term_string"}}],"inLanguage":"es"},{"@type":"Organization","@id":"https:\/\/onesolutionsweb.com\/#organization","name":"One Solutions","url":"https:\/\/onesolutionsweb.com\/","logo":{"@type":"ImageObject","inLanguage":"es","@id":"https:\/\/onesolutionsweb.com\/#\/schema\/logo\/image\/","url":"https:\/\/secureservercdn.net\/104.238.71.33\/91x.30f.myftpupload.com\/wp-content\/uploads\/2021\/05\/logoblackico.png?time=1656722807","contentUrl":"https:\/\/secureservercdn.net\/104.238.71.33\/91x.30f.myftpupload.com\/wp-content\/uploads\/2021\/05\/logoblackico.png?time=1656722807","width":494,"height":494,"caption":"One Solutions"},"image":{"@id":"https:\/\/onesolutionsweb.com\/#\/schema\/logo\/image\/"},"sameAs":["https:\/\/www.facebook.com\/onesolutionsweb","https:\/\/x.com\/OneSolutionsWeb","https:\/\/www.linkedin.com\/company\/onesolutionsweb","https:\/\/www.instagram.com\/onesolutionsweb\/"]}]}},"_links":{"self":[{"href":"https:\/\/onesolutionsweb.com\/es\/wp-json\/wp\/v2\/pages\/9803","targetHints":{"allow":["GET"]}}],"collection":[{"href":"https:\/\/onesolutionsweb.com\/es\/wp-json\/wp\/v2\/pages"}],"about":[{"href":"https:\/\/onesolutionsweb.com\/es\/wp-json\/wp\/v2\/types\/page"}],"author":[{"embeddable":true,"href":"https:\/\/onesolutionsweb.com\/es\/wp-json\/wp\/v2\/users\/1"}],"replies":[{"embeddable":true,"href":"https:\/\/onesolutionsweb.com\/es\/wp-json\/wp\/v2\/comments?post=9803"}],"version-history":[{"count":4,"href":"https:\/\/onesolutionsweb.com\/es\/wp-json\/wp\/v2\/pages\/9803\/revisions"}],"predecessor-version":[{"id":10012,"href":"https:\/\/onesolutionsweb.com\/es\/wp-json\/wp\/v2\/pages\/9803\/revisions\/10012"}],"up":[{"embeddable":true,"href":"https:\/\/onesolutionsweb.com\/es\/wp-json\/wp\/v2\/pages\/10110"}],"wp:attachment":[{"href":"https:\/\/onesolutionsweb.com\/es\/wp-json\/wp\/v2\/media?parent=9803"}],"curies":[{"name":"wp","href":"https:\/\/api.w.org\/{rel}","templated":true}]}}