{"id":9780,"date":"2022-02-03T21:11:41","date_gmt":"2022-02-03T21:11:41","guid":{"rendered":"https:\/\/onesolutionsweb.com\/?page_id=9780"},"modified":"2022-02-14T14:12:49","modified_gmt":"2022-02-14T14:12:49","slug":"java","status":"publish","type":"page","link":"https:\/\/onesolutionsweb.com\/es\/software-company-consulting-outsourcing-technologies\/java\/","title":{"rendered":"Desarrollo en Java"},"content":{"rendered":"<div class=\"wpb-content-wrapper\"><p>[vc_row][vc_column width=\u00bb1\/6&#8243;][\/vc_column][vc_column width=\u00bb2\/3&#8243;][vc_column_text]<strong><img decoding=\"async\" class=\"size-full wp-image-8773 alignright lazyload\" data-src=\"http:\/\/onesolutionsweb.com\/wp-content\/uploads\/2021\/05\/langlogosArtboard-3-copy-2-1.jpg\" alt=\"\" width=\"250\" height=\"250\" data-srcset=\"https:\/\/onesolutionsweb.com\/wp-content\/uploads\/2021\/05\/langlogosArtboard-3-copy-2-1.jpg 250w, https:\/\/onesolutionsweb.com\/wp-content\/uploads\/2021\/05\/langlogosArtboard-3-copy-2-1-150x150.jpg 150w\" data-sizes=\"(max-width: 250px) 100vw, 250px\" src=\"data:image\/gif;base64,R0lGODlhAQABAAAAACH5BAEKAAEALAAAAAABAAEAAAICTAEAOw==\" style=\"--smush-placeholder-width: 250px; --smush-placeholder-aspect-ratio: 250\/250;\" \/><noscript><img decoding=\"async\" class=\"size-full wp-image-8773 alignright\" src=\"http:\/\/onesolutionsweb.com\/wp-content\/uploads\/2021\/05\/langlogosArtboard-3-copy-2-1.jpg\" alt=\"\" width=\"250\" height=\"250\" srcset=\"https:\/\/onesolutionsweb.com\/wp-content\/uploads\/2021\/05\/langlogosArtboard-3-copy-2-1.jpg 250w, https:\/\/onesolutionsweb.com\/wp-content\/uploads\/2021\/05\/langlogosArtboard-3-copy-2-1-150x150.jpg 150w\" sizes=\"(max-width: 250px) 100vw, 250px\" \/><\/noscript><\/strong><\/p>\n<p>&nbsp;<\/p>\n<p><strong>\u00bfQu\u00e9 es Java?<\/strong><\/p>\n<p>Java es uno de los lenguajes de programaci\u00f3n m\u00e1s populares<\/p>\n<p>para casi cualquier proyecto de desarrollo de software, como:<\/p>\n<p>&nbsp;<\/p>\n<table>\n<tbody>\n<tr>\n<td width=\"118\"><img decoding=\"async\" class=\"size-full wp-image-9789 aligncenter lazyload\" data-src=\"http:\/\/onesolutionsweb.com\/wp-content\/uploads\/2022\/02\/image-20.png\" alt=\"\" width=\"69\" height=\"69\" data-srcset=\"https:\/\/onesolutionsweb.com\/wp-content\/uploads\/2022\/02\/image-20.png 69w, https:\/\/onesolutionsweb.com\/wp-content\/uploads\/2022\/02\/image-20-150x150.png 150w\" data-sizes=\"(max-width: 69px) 100vw, 69px\" src=\"data:image\/gif;base64,R0lGODlhAQABAAAAACH5BAEKAAEALAAAAAABAAEAAAICTAEAOw==\" style=\"--smush-placeholder-width: 69px; --smush-placeholder-aspect-ratio: 69\/69;\" \/><noscript><img decoding=\"async\" class=\"size-full wp-image-9789 aligncenter\" src=\"http:\/\/onesolutionsweb.com\/wp-content\/uploads\/2022\/02\/image-20.png\" alt=\"\" width=\"69\" height=\"69\" srcset=\"https:\/\/onesolutionsweb.com\/wp-content\/uploads\/2022\/02\/image-20.png 69w, https:\/\/onesolutionsweb.com\/wp-content\/uploads\/2022\/02\/image-20-150x150.png 150w\" sizes=\"(max-width: 69px) 100vw, 69px\" \/><\/noscript><\/td>\n<td width=\"112\"><img decoding=\"async\" class=\"size-full wp-image-9787 aligncenter lazyload\" data-src=\"http:\/\/onesolutionsweb.com\/wp-content\/uploads\/2022\/02\/image-21.png\" alt=\"\" width=\"73\" height=\"73\" data-srcset=\"https:\/\/onesolutionsweb.com\/wp-content\/uploads\/2022\/02\/image-21.png 73w, https:\/\/onesolutionsweb.com\/wp-content\/uploads\/2022\/02\/image-21-150x150.png 150w\" data-sizes=\"(max-width: 73px) 100vw, 73px\" src=\"data:image\/gif;base64,R0lGODlhAQABAAAAACH5BAEKAAEALAAAAAABAAEAAAICTAEAOw==\" style=\"--smush-placeholder-width: 73px; --smush-placeholder-aspect-ratio: 73\/73;\" \/><noscript><img decoding=\"async\" class=\"size-full wp-image-9787 aligncenter\" src=\"http:\/\/onesolutionsweb.com\/wp-content\/uploads\/2022\/02\/image-21.png\" alt=\"\" width=\"73\" height=\"73\" srcset=\"https:\/\/onesolutionsweb.com\/wp-content\/uploads\/2022\/02\/image-21.png 73w, https:\/\/onesolutionsweb.com\/wp-content\/uploads\/2022\/02\/image-21-150x150.png 150w\" sizes=\"(max-width: 73px) 100vw, 73px\" \/><\/noscript><\/td>\n<td width=\"114\"><img decoding=\"async\" class=\"size-full wp-image-9785 aligncenter lazyload\" data-src=\"http:\/\/onesolutionsweb.com\/wp-content\/uploads\/2022\/02\/image-22.png\" alt=\"\" width=\"67\" height=\"67\" data-srcset=\"https:\/\/onesolutionsweb.com\/wp-content\/uploads\/2022\/02\/image-22.png 67w, https:\/\/onesolutionsweb.com\/wp-content\/uploads\/2022\/02\/image-22-150x150.png 150w\" data-sizes=\"(max-width: 67px) 100vw, 67px\" src=\"data:image\/gif;base64,R0lGODlhAQABAAAAACH5BAEKAAEALAAAAAABAAEAAAICTAEAOw==\" style=\"--smush-placeholder-width: 67px; --smush-placeholder-aspect-ratio: 67\/67;\" \/><noscript><img decoding=\"async\" class=\"size-full wp-image-9785 aligncenter\" src=\"http:\/\/onesolutionsweb.com\/wp-content\/uploads\/2022\/02\/image-22.png\" alt=\"\" width=\"67\" height=\"67\" srcset=\"https:\/\/onesolutionsweb.com\/wp-content\/uploads\/2022\/02\/image-22.png 67w, https:\/\/onesolutionsweb.com\/wp-content\/uploads\/2022\/02\/image-22-150x150.png 150w\" sizes=\"(max-width: 67px) 100vw, 67px\" \/><\/noscript><\/td>\n<td width=\"104\"><img decoding=\"async\" class=\"size-full wp-image-9783 aligncenter lazyload\" data-src=\"http:\/\/onesolutionsweb.com\/wp-content\/uploads\/2022\/02\/Background.png\" alt=\"\" width=\"50\" height=\"50\" data-srcset=\"https:\/\/onesolutionsweb.com\/wp-content\/uploads\/2022\/02\/Background.png 50w, https:\/\/onesolutionsweb.com\/wp-content\/uploads\/2022\/02\/Background-150x150.png 150w\" data-sizes=\"(max-width: 50px) 100vw, 50px\" src=\"data:image\/gif;base64,R0lGODlhAQABAAAAACH5BAEKAAEALAAAAAABAAEAAAICTAEAOw==\" style=\"--smush-placeholder-width: 50px; --smush-placeholder-aspect-ratio: 50\/50;\" \/><noscript><img decoding=\"async\" class=\"size-full wp-image-9783 aligncenter\" src=\"http:\/\/onesolutionsweb.com\/wp-content\/uploads\/2022\/02\/Background.png\" alt=\"\" width=\"50\" height=\"50\" srcset=\"https:\/\/onesolutionsweb.com\/wp-content\/uploads\/2022\/02\/Background.png 50w, https:\/\/onesolutionsweb.com\/wp-content\/uploads\/2022\/02\/Background-150x150.png 150w\" sizes=\"(max-width: 50px) 100vw, 50px\" \/><\/noscript><\/td>\n<td width=\"93\"><img decoding=\"async\" class=\"size-full wp-image-9781 aligncenter lazyload\" data-src=\"http:\/\/onesolutionsweb.com\/wp-content\/uploads\/2022\/02\/image-23.png\" alt=\"\" width=\"54\" height=\"54\" data-srcset=\"https:\/\/onesolutionsweb.com\/wp-content\/uploads\/2022\/02\/image-23.png 54w, https:\/\/onesolutionsweb.com\/wp-content\/uploads\/2022\/02\/image-23-150x150.png 150w\" data-sizes=\"(max-width: 54px) 100vw, 54px\" src=\"data:image\/gif;base64,R0lGODlhAQABAAAAACH5BAEKAAEALAAAAAABAAEAAAICTAEAOw==\" style=\"--smush-placeholder-width: 54px; --smush-placeholder-aspect-ratio: 54\/54;\" \/><noscript><img decoding=\"async\" class=\"size-full wp-image-9781 aligncenter\" src=\"http:\/\/onesolutionsweb.com\/wp-content\/uploads\/2022\/02\/image-23.png\" alt=\"\" width=\"54\" height=\"54\" srcset=\"https:\/\/onesolutionsweb.com\/wp-content\/uploads\/2022\/02\/image-23.png 54w, https:\/\/onesolutionsweb.com\/wp-content\/uploads\/2022\/02\/image-23-150x150.png 150w\" sizes=\"(max-width: 54px) 100vw, 54px\" \/><\/noscript><\/td>\n<\/tr>\n<tr>\n<td style=\"text-align: center;\" valign=\"top\" width=\"118\">Aplicaciones inform\u00e1ticas basadas en Java<\/td>\n<td style=\"text-align: center;\" valign=\"top\" width=\"112\">Desarrollo Aplicaciones Android<\/td>\n<td style=\"text-align: center;\" valign=\"top\" width=\"114\">Consolas de videojuegos<\/td>\n<td style=\"text-align: center;\" valign=\"top\" width=\"104\">Bases de datos<\/td>\n<td style=\"text-align: center;\" valign=\"top\" width=\"93\">Sitios web<\/td>\n<\/tr>\n<\/tbody>\n<\/table>\n<p>&nbsp;<\/p>\n<p><strong>Historia del lenguaje de programaci\u00f3n Java<\/strong><\/p>\n<p>Java fue desarrollado originalmente por James Gosling en Sun Microsystems, comenz\u00f3 como un proyecto inicialmente llamado OAK en junio de 1991.\u00a0 Originalmente se dise\u00f1\u00f3 para manejar dispositivos port\u00e1tiles como decodificadores, televisores y otros elementos similares.<\/p>\n<p>&nbsp;<\/p>\n<p>La primera implementaci\u00f3n p\u00fablica fue Java 1.0 en 1995 como componente principal de la plataforma Java de Sun Microsystems. TIME MAGAZINE nombr\u00f3 a Java como uno de los diez mejores productos de 1995.<\/p>\n<p>En 2009, Oracle Corporation adquiri\u00f3 Sun Microsystems y se hizo con la propiedad de tres activos clave del software de Sun: Java, MySQL y Solaris.<\/p>\n<p>Java se utiliza en una amplia gama de aplicaciones, como la programaci\u00f3n de Internet, los dispositivos m\u00f3viles, los juegos y el comercio electr\u00f3nico. Java es uno de los lenguajes de programaci\u00f3n m\u00e1s utilizados por los desarrolladores de software de todo el mundo.<\/p>\n<p><strong>Caracter\u00edsticas de Java <\/strong><\/p>\n<p>Java es un lenguaje de programaci\u00f3n de prop\u00f3sito general y orientado a objetos, es seguro, port\u00e1til y escalable. Algunas caracter\u00edsticas importantes de Java:<\/p>\n<ul>\n<li>Es uno de los lenguajes de programaci\u00f3n m\u00e1s f\u00e1ciles de usar.<\/li>\n<li>Est\u00e1 pensado para el desarrollo de aplicaciones orientadas a objetos.<\/li>\n<li>Independencia: los programas escritos en Java pueden ejecutarse en pr\u00e1cticamente cualquier plataforma inform\u00e1tica.<\/li>\n<li>Recolecci\u00f3n autom\u00e1tica de basura: ahorra a los programadores el estr\u00e9s del manejo manual de la memoria, el recolector de basura de Java elimina autom\u00e1ticamente un objeto no alcanzable si se tiene ninguna referencia a un objeto.<\/li>\n<li>Est\u00e1 creado para el entorno distribuido de Internet.<\/li>\n<\/ul>\n<p><strong>Su empresa de Desarrollo de software en Java <\/strong><\/p>\n<p>Gracias a nuestra amplia experiencia en programaci\u00f3n Java, estamos preparados para ofrecerle un software sostenible basado en Java. P\u00f3ngase en contacto con nosotros ahora mismo para saber m\u00e1s.[\/vc_column_text]<div class=\"colored_theme_button prk_medium pls_shortcoded\"><a href=\"https:\/\/onesolutionsweb.com\/es\/#contact\" target=\"_self\" class=\"pulse_anchor\">Cont\u00e1ctanos<\/a><\/div>[\/vc_column][vc_column width=\u00bb1\/6&#8243;][\/vc_column][\/vc_row]<\/p>\n<\/div>","protected":false},"excerpt":{"rendered":"<p>[vc_row][vc_column width=\u00bb1\/6&#8243;][\/vc_column][vc_column width=\u00bb2\/3&#8243;][vc_column_text] &nbsp; \u00bfQu\u00e9 es Java? Java es uno de los lenguajes de programaci\u00f3n m\u00e1s populares para casi cualquier proyecto de desarrollo de software, como: &nbsp; Aplicaciones inform\u00e1ticas basadas en Java Desarrollo Aplicaciones Android Consolas de videojuegos Bases de datos Sitios web &nbsp; Historia del lenguaje de programaci\u00f3n Java Java fue desarrollado originalmente por [&hellip;]<\/p>\n","protected":false},"author":1,"featured_media":0,"parent":10110,"menu_order":1,"comment_status":"closed","ping_status":"closed","template":"","meta":{"content-type":"","inline_featured_image":false,"footnotes":""},"class_list":["post-9780","page","type-page","status-publish","hentry"],"acf":[],"yoast_head":"<!-- This site is optimized with the Yoast SEO Premium plugin v23.8 (Yoast SEO v26.0) - https:\/\/yoast.com\/wordpress\/plugins\/seo\/ -->\n<title>Desarrollo en Java - One Solutions<\/title>\n<meta name=\"robots\" content=\"index, follow, max-snippet:-1, max-image-preview:large, max-video-preview:-1\" \/>\n<link rel=\"canonical\" href=\"https:\/\/onesolutionsweb.com\/es\/software-company-consulting-outsourcing-technologies\/java\/\" \/>\n<meta property=\"og:locale\" content=\"es_ES\" \/>\n<meta property=\"og:type\" content=\"article\" \/>\n<meta property=\"og:title\" content=\"Desarrollo en Java\" \/>\n<meta property=\"og:description\" content=\"&nbsp; \u00bfQu\u00e9 es Java? Java es uno de los lenguajes de programaci\u00f3n m\u00e1s populares para casi cualquier proyecto de desarrollo de software, como: &nbsp;\" \/>\n<meta property=\"og:url\" content=\"https:\/\/onesolutionsweb.com\/es\/software-company-consulting-outsourcing-technologies\/java\/\" \/>\n<meta property=\"og:site_name\" content=\"One Solutions\" \/>\n<meta property=\"article:publisher\" content=\"https:\/\/www.facebook.com\/onesolutionsweb\" \/>\n<meta property=\"article:modified_time\" content=\"2022-02-14T14:12:49+00:00\" \/>\n<meta property=\"og:image\" content=\"http:\/\/onesolutionsweb.com\/wp-content\/uploads\/2021\/05\/langlogosArtboard-3-copy-2-1.jpg\" \/>\n<meta name=\"twitter:card\" content=\"summary_large_image\" \/>\n<meta name=\"twitter:site\" content=\"@OneSolutionsWeb\" \/>\n<meta name=\"twitter:label1\" content=\"Tiempo de lectura\" \/>\n\t<meta name=\"twitter:data1\" content=\"3 minutos\" \/>\n<script type=\"application\/ld+json\" class=\"yoast-schema-graph\">{\"@context\":\"https:\/\/schema.org\",\"@graph\":[{\"@type\":\"WebPage\",\"@id\":\"https:\/\/onesolutionsweb.com\/es\/software-company-consulting-outsourcing-technologies\/java\/\",\"url\":\"https:\/\/onesolutionsweb.com\/es\/software-company-consulting-outsourcing-technologies\/java\/\",\"name\":\"Desarrollo en Java - One Solutions\",\"isPartOf\":{\"@id\":\"https:\/\/onesolutionsweb.com\/#website\"},\"primaryImageOfPage\":{\"@id\":\"https:\/\/onesolutionsweb.com\/es\/software-company-consulting-outsourcing-technologies\/java\/#primaryimage\"},\"image\":{\"@id\":\"https:\/\/onesolutionsweb.com\/es\/software-company-consulting-outsourcing-technologies\/java\/#primaryimage\"},\"thumbnailUrl\":\"http:\/\/onesolutionsweb.com\/wp-content\/uploads\/2021\/05\/langlogosArtboard-3-copy-2-1.jpg\",\"datePublished\":\"2022-02-03T21:11:41+00:00\",\"dateModified\":\"2022-02-14T14:12:49+00:00\",\"breadcrumb\":{\"@id\":\"https:\/\/onesolutionsweb.com\/es\/software-company-consulting-outsourcing-technologies\/java\/#breadcrumb\"},\"inLanguage\":\"es\",\"potentialAction\":[{\"@type\":\"ReadAction\",\"target\":[\"https:\/\/onesolutionsweb.com\/es\/software-company-consulting-outsourcing-technologies\/java\/\"]}]},{\"@type\":\"ImageObject\",\"inLanguage\":\"es\",\"@id\":\"https:\/\/onesolutionsweb.com\/es\/software-company-consulting-outsourcing-technologies\/java\/#primaryimage\",\"url\":\"http:\/\/onesolutionsweb.com\/wp-content\/uploads\/2021\/05\/langlogosArtboard-3-copy-2-1.jpg\",\"contentUrl\":\"http:\/\/onesolutionsweb.com\/wp-content\/uploads\/2021\/05\/langlogosArtboard-3-copy-2-1.jpg\"},{\"@type\":\"BreadcrumbList\",\"@id\":\"https:\/\/onesolutionsweb.com\/es\/software-company-consulting-outsourcing-technologies\/java\/#breadcrumb\",\"itemListElement\":[{\"@type\":\"ListItem\",\"position\":1,\"name\":\"Portada\",\"item\":\"https:\/\/onesolutionsweb.com\/es\/\"},{\"@type\":\"ListItem\",\"position\":2,\"name\":\"Tecnolog\u00edas\",\"item\":\"https:\/\/onesolutionsweb.com\/es\/software-company-consulting-outsourcing-technologies\/\"},{\"@type\":\"ListItem\",\"position\":3,\"name\":\"Desarrollo en Java\"}]},{\"@type\":\"WebSite\",\"@id\":\"https:\/\/onesolutionsweb.com\/#website\",\"url\":\"https:\/\/onesolutionsweb.com\/\",\"name\":\"One Solutions\",\"description\":\"Software Solutions\",\"publisher\":{\"@id\":\"https:\/\/onesolutionsweb.com\/#organization\"},\"potentialAction\":[{\"@type\":\"SearchAction\",\"target\":{\"@type\":\"EntryPoint\",\"urlTemplate\":\"https:\/\/onesolutionsweb.com\/?s={search_term_string}\"},\"query-input\":{\"@type\":\"PropertyValueSpecification\",\"valueRequired\":true,\"valueName\":\"search_term_string\"}}],\"inLanguage\":\"es\"},{\"@type\":\"Organization\",\"@id\":\"https:\/\/onesolutionsweb.com\/#organization\",\"name\":\"One Solutions\",\"url\":\"https:\/\/onesolutionsweb.com\/\",\"logo\":{\"@type\":\"ImageObject\",\"inLanguage\":\"es\",\"@id\":\"https:\/\/onesolutionsweb.com\/#\/schema\/logo\/image\/\",\"url\":\"https:\/\/secureservercdn.net\/104.238.71.33\/91x.30f.myftpupload.com\/wp-content\/uploads\/2021\/05\/logoblackico.png?time=1656722807\",\"contentUrl\":\"https:\/\/secureservercdn.net\/104.238.71.33\/91x.30f.myftpupload.com\/wp-content\/uploads\/2021\/05\/logoblackico.png?time=1656722807\",\"width\":494,\"height\":494,\"caption\":\"One Solutions\"},\"image\":{\"@id\":\"https:\/\/onesolutionsweb.com\/#\/schema\/logo\/image\/\"},\"sameAs\":[\"https:\/\/www.facebook.com\/onesolutionsweb\",\"https:\/\/x.com\/OneSolutionsWeb\",\"https:\/\/www.linkedin.com\/company\/onesolutionsweb\",\"https:\/\/www.instagram.com\/onesolutionsweb\/\"]}]}<\/script>\n<!-- \/ Yoast SEO Premium plugin. -->","yoast_head_json":{"title":"Desarrollo en Java - One Solutions","robots":{"index":"index","follow":"follow","max-snippet":"max-snippet:-1","max-image-preview":"max-image-preview:large","max-video-preview":"max-video-preview:-1"},"canonical":"https:\/\/onesolutionsweb.com\/es\/software-company-consulting-outsourcing-technologies\/java\/","og_locale":"es_ES","og_type":"article","og_title":"Desarrollo en Java","og_description":"&nbsp; \u00bfQu\u00e9 es Java? Java es uno de los lenguajes de programaci\u00f3n m\u00e1s populares para casi cualquier proyecto de desarrollo de software, como: &nbsp;","og_url":"https:\/\/onesolutionsweb.com\/es\/software-company-consulting-outsourcing-technologies\/java\/","og_site_name":"One Solutions","article_publisher":"https:\/\/www.facebook.com\/onesolutionsweb","article_modified_time":"2022-02-14T14:12:49+00:00","og_image":[{"url":"http:\/\/onesolutionsweb.com\/wp-content\/uploads\/2021\/05\/langlogosArtboard-3-copy-2-1.jpg","type":"","width":"","height":""}],"twitter_card":"summary_large_image","twitter_site":"@OneSolutionsWeb","twitter_misc":{"Tiempo de lectura":"3 minutos"},"schema":{"@context":"https:\/\/schema.org","@graph":[{"@type":"WebPage","@id":"https:\/\/onesolutionsweb.com\/es\/software-company-consulting-outsourcing-technologies\/java\/","url":"https:\/\/onesolutionsweb.com\/es\/software-company-consulting-outsourcing-technologies\/java\/","name":"Desarrollo en Java - One Solutions","isPartOf":{"@id":"https:\/\/onesolutionsweb.com\/#website"},"primaryImageOfPage":{"@id":"https:\/\/onesolutionsweb.com\/es\/software-company-consulting-outsourcing-technologies\/java\/#primaryimage"},"image":{"@id":"https:\/\/onesolutionsweb.com\/es\/software-company-consulting-outsourcing-technologies\/java\/#primaryimage"},"thumbnailUrl":"http:\/\/onesolutionsweb.com\/wp-content\/uploads\/2021\/05\/langlogosArtboard-3-copy-2-1.jpg","datePublished":"2022-02-03T21:11:41+00:00","dateModified":"2022-02-14T14:12:49+00:00","breadcrumb":{"@id":"https:\/\/onesolutionsweb.com\/es\/software-company-consulting-outsourcing-technologies\/java\/#breadcrumb"},"inLanguage":"es","potentialAction":[{"@type":"ReadAction","target":["https:\/\/onesolutionsweb.com\/es\/software-company-consulting-outsourcing-technologies\/java\/"]}]},{"@type":"ImageObject","inLanguage":"es","@id":"https:\/\/onesolutionsweb.com\/es\/software-company-consulting-outsourcing-technologies\/java\/#primaryimage","url":"http:\/\/onesolutionsweb.com\/wp-content\/uploads\/2021\/05\/langlogosArtboard-3-copy-2-1.jpg","contentUrl":"http:\/\/onesolutionsweb.com\/wp-content\/uploads\/2021\/05\/langlogosArtboard-3-copy-2-1.jpg"},{"@type":"BreadcrumbList","@id":"https:\/\/onesolutionsweb.com\/es\/software-company-consulting-outsourcing-technologies\/java\/#breadcrumb","itemListElement":[{"@type":"ListItem","position":1,"name":"Portada","item":"https:\/\/onesolutionsweb.com\/es\/"},{"@type":"ListItem","position":2,"name":"Tecnolog\u00edas","item":"https:\/\/onesolutionsweb.com\/es\/software-company-consulting-outsourcing-technologies\/"},{"@type":"ListItem","position":3,"name":"Desarrollo en Java"}]},{"@type":"WebSite","@id":"https:\/\/onesolutionsweb.com\/#website","url":"https:\/\/onesolutionsweb.com\/","name":"One Solutions","description":"Software Solutions","publisher":{"@id":"https:\/\/onesolutionsweb.com\/#organization"},"potentialAction":[{"@type":"SearchAction","target":{"@type":"EntryPoint","urlTemplate":"https:\/\/onesolutionsweb.com\/?s={search_term_string}"},"query-input":{"@type":"PropertyValueSpecification","valueRequired":true,"valueName":"search_term_string"}}],"inLanguage":"es"},{"@type":"Organization","@id":"https:\/\/onesolutionsweb.com\/#organization","name":"One Solutions","url":"https:\/\/onesolutionsweb.com\/","logo":{"@type":"ImageObject","inLanguage":"es","@id":"https:\/\/onesolutionsweb.com\/#\/schema\/logo\/image\/","url":"https:\/\/secureservercdn.net\/104.238.71.33\/91x.30f.myftpupload.com\/wp-content\/uploads\/2021\/05\/logoblackico.png?time=1656722807","contentUrl":"https:\/\/secureservercdn.net\/104.238.71.33\/91x.30f.myftpupload.com\/wp-content\/uploads\/2021\/05\/logoblackico.png?time=1656722807","width":494,"height":494,"caption":"One Solutions"},"image":{"@id":"https:\/\/onesolutionsweb.com\/#\/schema\/logo\/image\/"},"sameAs":["https:\/\/www.facebook.com\/onesolutionsweb","https:\/\/x.com\/OneSolutionsWeb","https:\/\/www.linkedin.com\/company\/onesolutionsweb","https:\/\/www.instagram.com\/onesolutionsweb\/"]}]}},"_links":{"self":[{"href":"https:\/\/onesolutionsweb.com\/es\/wp-json\/wp\/v2\/pages\/9780","targetHints":{"allow":["GET"]}}],"collection":[{"href":"https:\/\/onesolutionsweb.com\/es\/wp-json\/wp\/v2\/pages"}],"about":[{"href":"https:\/\/onesolutionsweb.com\/es\/wp-json\/wp\/v2\/types\/page"}],"author":[{"embeddable":true,"href":"https:\/\/onesolutionsweb.com\/es\/wp-json\/wp\/v2\/users\/1"}],"replies":[{"embeddable":true,"href":"https:\/\/onesolutionsweb.com\/es\/wp-json\/wp\/v2\/comments?post=9780"}],"version-history":[{"count":7,"href":"https:\/\/onesolutionsweb.com\/es\/wp-json\/wp\/v2\/pages\/9780\/revisions"}],"predecessor-version":[{"id":9997,"href":"https:\/\/onesolutionsweb.com\/es\/wp-json\/wp\/v2\/pages\/9780\/revisions\/9997"}],"up":[{"embeddable":true,"href":"https:\/\/onesolutionsweb.com\/es\/wp-json\/wp\/v2\/pages\/10110"}],"wp:attachment":[{"href":"https:\/\/onesolutionsweb.com\/es\/wp-json\/wp\/v2\/media?parent=9780"}],"curies":[{"name":"wp","href":"https:\/\/api.w.org\/{rel}","templated":true}]}}