{"id":9777,"date":"2022-02-03T20:23:01","date_gmt":"2022-02-03T20:23:01","guid":{"rendered":"https:\/\/onesolutionsweb.com\/net\/"},"modified":"2022-02-10T16:26:16","modified_gmt":"2022-02-10T16:26:16","slug":"net","status":"publish","type":"page","link":"https:\/\/onesolutionsweb.com\/es\/software-company-consulting-outsourcing-technologies\/net\/","title":{"rendered":"Desarrollo en .Net"},"content":{"rendered":"<div class=\"wpb-content-wrapper\"><p>[vc_row][vc_column width=\u00bb1\/6&#8243;][\/vc_column][vc_column width=\u00bb2\/3&#8243;][vc_column_text]<strong>\u00bfQue es el .Net Framework?<img decoding=\"async\" class=\"wp-image-9772 alignright lazyload\" data-src=\"http:\/\/onesolutionsweb.com\/wp-content\/uploads\/2022\/02\/image-18.png\" alt=\"\" width=\"122\" height=\"122\" data-srcset=\"https:\/\/onesolutionsweb.com\/wp-content\/uploads\/2022\/02\/image-18.png 100w, https:\/\/onesolutionsweb.com\/wp-content\/uploads\/2022\/02\/image-18-150x150.png 150w\" data-sizes=\"(max-width: 122px) 100vw, 122px\" src=\"data:image\/gif;base64,R0lGODlhAQABAAAAACH5BAEKAAEALAAAAAABAAEAAAICTAEAOw==\" style=\"--smush-placeholder-width: 122px; --smush-placeholder-aspect-ratio: 122\/122;\" \/><noscript><img decoding=\"async\" class=\" wp-image-9772 alignright\" src=\"http:\/\/onesolutionsweb.com\/wp-content\/uploads\/2022\/02\/image-18.png\" alt=\"\" width=\"122\" height=\"122\" srcset=\"https:\/\/onesolutionsweb.com\/wp-content\/uploads\/2022\/02\/image-18.png 100w, https:\/\/onesolutionsweb.com\/wp-content\/uploads\/2022\/02\/image-18-150x150.png 150w\" sizes=\"(max-width: 122px) 100vw, 122px\" \/><\/noscript><\/strong><\/p>\n<p>El .Net Framework es un marco de desarrollo de software creado por Microsoft que permite a los desarrolladores crear y operar aplicaciones de Windows.<\/p>\n<p>Consiste en herramientas de desarrollo, lenguajes de programaci\u00f3n y bibliotecas para construir muchos tipos diferentes de aplicaciones. Los ingenieros de software pueden utilizarlo para crear una variedad de aplicaciones b\u00e1sicas y complicadas, desde la construcci\u00f3n de sitios web, aplicaciones de escritorio y web, portales web, videojuegos, etc.<\/p>\n<p><strong>Flexibilidad del .Net \u00a0<\/strong><\/p>\n<p>El .Net framework es conocido por su c\u00f3digo f\u00e1cil de entender y su versatilidad, lo que lo hace rentable para cualquier proyecto de desarrollo que tenga.<\/p>\n<p>Las aplicaciones .NET suelen estar escritas en el lenguaje de programaci\u00f3n C#, F# o Visual Basic. Como el c\u00f3digo es flexible y reutilizable, muchos componentes pueden reutilizarse f\u00e1cilmente en diferentes productos. La plataforma .Net es sencilla de actualizar a la \u00faltima versi\u00f3n, y todas estas caracter\u00edsticas nos permiten ofrecer a nuestros clientes rapidez y rentabilidad en los proyectos.<\/p>\n<p><strong>Servicios de Desarrollo .Net<\/strong><\/p>\n<p><img decoding=\"async\" class=\"size-full wp-image-9769 aligncenter lazyload\" data-src=\"http:\/\/onesolutionsweb.com\/wp-content\/uploads\/2022\/02\/image-19.png\" alt=\"\" width=\"249\" height=\"200\" src=\"data:image\/gif;base64,R0lGODlhAQABAAAAACH5BAEKAAEALAAAAAABAAEAAAICTAEAOw==\" style=\"--smush-placeholder-width: 249px; --smush-placeholder-aspect-ratio: 249\/200;\" \/><noscript><img decoding=\"async\" class=\"size-full wp-image-9769 aligncenter\" src=\"http:\/\/onesolutionsweb.com\/wp-content\/uploads\/2022\/02\/image-19.png\" alt=\"\" width=\"249\" height=\"200\" \/><\/noscript><\/p>\n<p>Mantenerse al d\u00eda con la transformaci\u00f3n digital y la actualizaci\u00f3n a las nuevas tecnolog\u00edas puede ser dif\u00edcil, lento, complejo y costoso. Proporcionamos servicios de evaluaci\u00f3n y desarrollo personalizados a trav\u00e9s de un equipo de desarrolladores .NET con amplia experiencia y conocimiento de las tecnolog\u00edas basadas en Microsoft.<\/p>\n<p>Le ayudamos a maximizar sus desarrollos .NET y las tecnolog\u00edas relacionadas para mejorar sus operaciones empresariales y alcanzar sus objetivos.<\/p>\n<p>&nbsp;<\/p>\n<table>\n<tbody>\n<tr>\n<td width=\"283\">.NET Desarrollo de sitios web<\/td>\n<td width=\"283\">.NET Desarrollo de aplicaciones web<\/td>\n<\/tr>\n<tr>\n<td width=\"283\">.NET Desarrollo de aplicaciones para ordenadores<\/td>\n<td width=\"283\">.NET Desarrollo de aplicaciones m\u00f3viles<\/td>\n<\/tr>\n<tr>\n<td width=\"283\">.NET Servicios personalizado<\/td>\n<td width=\"283\">.NET Servicios de migraci\u00f3n<\/td>\n<\/tr>\n<tr>\n<td width=\"283\">.NET Servicio de integraci\u00f3n<\/td>\n<td width=\"283\">.NET Servicios de mantenimiento y soporte<\/td>\n<\/tr>\n<\/tbody>\n<\/table>\n<p>&nbsp;<\/p>\n<p><strong>Desarrollo .NET para su empresa<\/strong><\/p>\n<p>\u00bfDesea conocer m\u00e1s?[\/vc_column_text]<div class=\"colored_theme_button prk_medium pls_shortcoded\"><a href=\"https:\/\/onesolutionsweb.com\/es\/#contact\" target=\"_self\" class=\"pulse_anchor\">Cont\u00e1ctanos<\/a><\/div>[\/vc_column][vc_column width=\u00bb1\/6&#8243;][\/vc_column][\/vc_row]<\/p>\n<\/div>","protected":false},"excerpt":{"rendered":"<p>[vc_row][vc_column width=\u00bb1\/6&#8243;][\/vc_column][vc_column width=\u00bb2\/3&#8243;][vc_column_text]\u00bfQue es el .Net Framework? El .Net Framework es un marco de desarrollo de software creado por Microsoft que permite a los desarrolladores crear y operar aplicaciones de Windows. Consiste en herramientas de desarrollo, lenguajes de programaci\u00f3n y bibliotecas para construir muchos tipos diferentes de aplicaciones. Los ingenieros de software pueden utilizarlo para [&hellip;]<\/p>\n","protected":false},"author":1,"featured_media":0,"parent":10110,"menu_order":0,"comment_status":"closed","ping_status":"closed","template":"","meta":{"content-type":"","inline_featured_image":false,"footnotes":""},"class_list":["post-9777","page","type-page","status-publish","hentry"],"acf":[],"yoast_head":"<!-- This site is optimized with the Yoast SEO Premium plugin v23.8 (Yoast SEO v26.0) - https:\/\/yoast.com\/wordpress\/plugins\/seo\/ -->\n<title>Desarrollo en .Net - One Solutions<\/title>\n<meta name=\"robots\" content=\"index, follow, max-snippet:-1, max-image-preview:large, max-video-preview:-1\" \/>\n<link rel=\"canonical\" href=\"https:\/\/onesolutionsweb.com\/es\/software-company-consulting-outsourcing-technologies\/net\/\" \/>\n<meta property=\"og:locale\" content=\"es_ES\" \/>\n<meta property=\"og:type\" content=\"article\" \/>\n<meta property=\"og:title\" content=\"Desarrollo en .Net\" \/>\n<meta property=\"og:description\" content=\"\u00bfQue es el .Net Framework? El .Net Framework es un marco de desarrollo de software creado por Microsoft que permite a los desarrolladores crear y operar\" \/>\n<meta property=\"og:url\" content=\"https:\/\/onesolutionsweb.com\/es\/software-company-consulting-outsourcing-technologies\/net\/\" \/>\n<meta property=\"og:site_name\" content=\"One Solutions\" \/>\n<meta property=\"article:publisher\" content=\"https:\/\/www.facebook.com\/onesolutionsweb\" \/>\n<meta property=\"article:modified_time\" content=\"2022-02-10T16:26:16+00:00\" \/>\n<meta property=\"og:image\" content=\"http:\/\/onesolutionsweb.com\/wp-content\/uploads\/2022\/02\/image-18.png\" \/>\n<meta name=\"twitter:card\" content=\"summary_large_image\" \/>\n<meta name=\"twitter:site\" content=\"@OneSolutionsWeb\" \/>\n<meta name=\"twitter:label1\" content=\"Tiempo de lectura\" \/>\n\t<meta name=\"twitter:data1\" content=\"2 minutos\" \/>\n<script type=\"application\/ld+json\" class=\"yoast-schema-graph\">{\"@context\":\"https:\/\/schema.org\",\"@graph\":[{\"@type\":\"WebPage\",\"@id\":\"https:\/\/onesolutionsweb.com\/es\/software-company-consulting-outsourcing-technologies\/net\/\",\"url\":\"https:\/\/onesolutionsweb.com\/es\/software-company-consulting-outsourcing-technologies\/net\/\",\"name\":\"Desarrollo en .Net - One Solutions\",\"isPartOf\":{\"@id\":\"https:\/\/onesolutionsweb.com\/#website\"},\"primaryImageOfPage\":{\"@id\":\"https:\/\/onesolutionsweb.com\/es\/software-company-consulting-outsourcing-technologies\/net\/#primaryimage\"},\"image\":{\"@id\":\"https:\/\/onesolutionsweb.com\/es\/software-company-consulting-outsourcing-technologies\/net\/#primaryimage\"},\"thumbnailUrl\":\"http:\/\/onesolutionsweb.com\/wp-content\/uploads\/2022\/02\/image-18.png\",\"datePublished\":\"2022-02-03T20:23:01+00:00\",\"dateModified\":\"2022-02-10T16:26:16+00:00\",\"breadcrumb\":{\"@id\":\"https:\/\/onesolutionsweb.com\/es\/software-company-consulting-outsourcing-technologies\/net\/#breadcrumb\"},\"inLanguage\":\"es\",\"potentialAction\":[{\"@type\":\"ReadAction\",\"target\":[\"https:\/\/onesolutionsweb.com\/es\/software-company-consulting-outsourcing-technologies\/net\/\"]}]},{\"@type\":\"ImageObject\",\"inLanguage\":\"es\",\"@id\":\"https:\/\/onesolutionsweb.com\/es\/software-company-consulting-outsourcing-technologies\/net\/#primaryimage\",\"url\":\"http:\/\/onesolutionsweb.com\/wp-content\/uploads\/2022\/02\/image-18.png\",\"contentUrl\":\"http:\/\/onesolutionsweb.com\/wp-content\/uploads\/2022\/02\/image-18.png\"},{\"@type\":\"BreadcrumbList\",\"@id\":\"https:\/\/onesolutionsweb.com\/es\/software-company-consulting-outsourcing-technologies\/net\/#breadcrumb\",\"itemListElement\":[{\"@type\":\"ListItem\",\"position\":1,\"name\":\"Portada\",\"item\":\"https:\/\/onesolutionsweb.com\/es\/\"},{\"@type\":\"ListItem\",\"position\":2,\"name\":\"Tecnolog\u00edas\",\"item\":\"https:\/\/onesolutionsweb.com\/es\/software-company-consulting-outsourcing-technologies\/\"},{\"@type\":\"ListItem\",\"position\":3,\"name\":\"Desarrollo en .Net\"}]},{\"@type\":\"WebSite\",\"@id\":\"https:\/\/onesolutionsweb.com\/#website\",\"url\":\"https:\/\/onesolutionsweb.com\/\",\"name\":\"One Solutions\",\"description\":\"Software Solutions\",\"publisher\":{\"@id\":\"https:\/\/onesolutionsweb.com\/#organization\"},\"potentialAction\":[{\"@type\":\"SearchAction\",\"target\":{\"@type\":\"EntryPoint\",\"urlTemplate\":\"https:\/\/onesolutionsweb.com\/?s={search_term_string}\"},\"query-input\":{\"@type\":\"PropertyValueSpecification\",\"valueRequired\":true,\"valueName\":\"search_term_string\"}}],\"inLanguage\":\"es\"},{\"@type\":\"Organization\",\"@id\":\"https:\/\/onesolutionsweb.com\/#organization\",\"name\":\"One Solutions\",\"url\":\"https:\/\/onesolutionsweb.com\/\",\"logo\":{\"@type\":\"ImageObject\",\"inLanguage\":\"es\",\"@id\":\"https:\/\/onesolutionsweb.com\/#\/schema\/logo\/image\/\",\"url\":\"https:\/\/secureservercdn.net\/104.238.71.33\/91x.30f.myftpupload.com\/wp-content\/uploads\/2021\/05\/logoblackico.png?time=1656722807\",\"contentUrl\":\"https:\/\/secureservercdn.net\/104.238.71.33\/91x.30f.myftpupload.com\/wp-content\/uploads\/2021\/05\/logoblackico.png?time=1656722807\",\"width\":494,\"height\":494,\"caption\":\"One Solutions\"},\"image\":{\"@id\":\"https:\/\/onesolutionsweb.com\/#\/schema\/logo\/image\/\"},\"sameAs\":[\"https:\/\/www.facebook.com\/onesolutionsweb\",\"https:\/\/x.com\/OneSolutionsWeb\",\"https:\/\/www.linkedin.com\/company\/onesolutionsweb\",\"https:\/\/www.instagram.com\/onesolutionsweb\/\"]}]}<\/script>\n<!-- \/ Yoast SEO Premium plugin. -->","yoast_head_json":{"title":"Desarrollo en .Net - One Solutions","robots":{"index":"index","follow":"follow","max-snippet":"max-snippet:-1","max-image-preview":"max-image-preview:large","max-video-preview":"max-video-preview:-1"},"canonical":"https:\/\/onesolutionsweb.com\/es\/software-company-consulting-outsourcing-technologies\/net\/","og_locale":"es_ES","og_type":"article","og_title":"Desarrollo en .Net","og_description":"\u00bfQue es el .Net Framework? El .Net Framework es un marco de desarrollo de software creado por Microsoft que permite a los desarrolladores crear y operar","og_url":"https:\/\/onesolutionsweb.com\/es\/software-company-consulting-outsourcing-technologies\/net\/","og_site_name":"One Solutions","article_publisher":"https:\/\/www.facebook.com\/onesolutionsweb","article_modified_time":"2022-02-10T16:26:16+00:00","og_image":[{"url":"http:\/\/onesolutionsweb.com\/wp-content\/uploads\/2022\/02\/image-18.png","type":"","width":"","height":""}],"twitter_card":"summary_large_image","twitter_site":"@OneSolutionsWeb","twitter_misc":{"Tiempo de lectura":"2 minutos"},"schema":{"@context":"https:\/\/schema.org","@graph":[{"@type":"WebPage","@id":"https:\/\/onesolutionsweb.com\/es\/software-company-consulting-outsourcing-technologies\/net\/","url":"https:\/\/onesolutionsweb.com\/es\/software-company-consulting-outsourcing-technologies\/net\/","name":"Desarrollo en .Net - One Solutions","isPartOf":{"@id":"https:\/\/onesolutionsweb.com\/#website"},"primaryImageOfPage":{"@id":"https:\/\/onesolutionsweb.com\/es\/software-company-consulting-outsourcing-technologies\/net\/#primaryimage"},"image":{"@id":"https:\/\/onesolutionsweb.com\/es\/software-company-consulting-outsourcing-technologies\/net\/#primaryimage"},"thumbnailUrl":"http:\/\/onesolutionsweb.com\/wp-content\/uploads\/2022\/02\/image-18.png","datePublished":"2022-02-03T20:23:01+00:00","dateModified":"2022-02-10T16:26:16+00:00","breadcrumb":{"@id":"https:\/\/onesolutionsweb.com\/es\/software-company-consulting-outsourcing-technologies\/net\/#breadcrumb"},"inLanguage":"es","potentialAction":[{"@type":"ReadAction","target":["https:\/\/onesolutionsweb.com\/es\/software-company-consulting-outsourcing-technologies\/net\/"]}]},{"@type":"ImageObject","inLanguage":"es","@id":"https:\/\/onesolutionsweb.com\/es\/software-company-consulting-outsourcing-technologies\/net\/#primaryimage","url":"http:\/\/onesolutionsweb.com\/wp-content\/uploads\/2022\/02\/image-18.png","contentUrl":"http:\/\/onesolutionsweb.com\/wp-content\/uploads\/2022\/02\/image-18.png"},{"@type":"BreadcrumbList","@id":"https:\/\/onesolutionsweb.com\/es\/software-company-consulting-outsourcing-technologies\/net\/#breadcrumb","itemListElement":[{"@type":"ListItem","position":1,"name":"Portada","item":"https:\/\/onesolutionsweb.com\/es\/"},{"@type":"ListItem","position":2,"name":"Tecnolog\u00edas","item":"https:\/\/onesolutionsweb.com\/es\/software-company-consulting-outsourcing-technologies\/"},{"@type":"ListItem","position":3,"name":"Desarrollo en .Net"}]},{"@type":"WebSite","@id":"https:\/\/onesolutionsweb.com\/#website","url":"https:\/\/onesolutionsweb.com\/","name":"One Solutions","description":"Software Solutions","publisher":{"@id":"https:\/\/onesolutionsweb.com\/#organization"},"potentialAction":[{"@type":"SearchAction","target":{"@type":"EntryPoint","urlTemplate":"https:\/\/onesolutionsweb.com\/?s={search_term_string}"},"query-input":{"@type":"PropertyValueSpecification","valueRequired":true,"valueName":"search_term_string"}}],"inLanguage":"es"},{"@type":"Organization","@id":"https:\/\/onesolutionsweb.com\/#organization","name":"One Solutions","url":"https:\/\/onesolutionsweb.com\/","logo":{"@type":"ImageObject","inLanguage":"es","@id":"https:\/\/onesolutionsweb.com\/#\/schema\/logo\/image\/","url":"https:\/\/secureservercdn.net\/104.238.71.33\/91x.30f.myftpupload.com\/wp-content\/uploads\/2021\/05\/logoblackico.png?time=1656722807","contentUrl":"https:\/\/secureservercdn.net\/104.238.71.33\/91x.30f.myftpupload.com\/wp-content\/uploads\/2021\/05\/logoblackico.png?time=1656722807","width":494,"height":494,"caption":"One Solutions"},"image":{"@id":"https:\/\/onesolutionsweb.com\/#\/schema\/logo\/image\/"},"sameAs":["https:\/\/www.facebook.com\/onesolutionsweb","https:\/\/x.com\/OneSolutionsWeb","https:\/\/www.linkedin.com\/company\/onesolutionsweb","https:\/\/www.instagram.com\/onesolutionsweb\/"]}]}},"_links":{"self":[{"href":"https:\/\/onesolutionsweb.com\/es\/wp-json\/wp\/v2\/pages\/9777","targetHints":{"allow":["GET"]}}],"collection":[{"href":"https:\/\/onesolutionsweb.com\/es\/wp-json\/wp\/v2\/pages"}],"about":[{"href":"https:\/\/onesolutionsweb.com\/es\/wp-json\/wp\/v2\/types\/page"}],"author":[{"embeddable":true,"href":"https:\/\/onesolutionsweb.com\/es\/wp-json\/wp\/v2\/users\/1"}],"replies":[{"embeddable":true,"href":"https:\/\/onesolutionsweb.com\/es\/wp-json\/wp\/v2\/comments?post=9777"}],"version-history":[{"count":3,"href":"https:\/\/onesolutionsweb.com\/es\/wp-json\/wp\/v2\/pages\/9777\/revisions"}],"predecessor-version":[{"id":10000,"href":"https:\/\/onesolutionsweb.com\/es\/wp-json\/wp\/v2\/pages\/9777\/revisions\/10000"}],"up":[{"embeddable":true,"href":"https:\/\/onesolutionsweb.com\/es\/wp-json\/wp\/v2\/pages\/10110"}],"wp:attachment":[{"href":"https:\/\/onesolutionsweb.com\/es\/wp-json\/wp\/v2\/media?parent=9777"}],"curies":[{"name":"wp","href":"https:\/\/api.w.org\/{rel}","templated":true}]}}