{"id":9713,"date":"2021-12-09T15:40:57","date_gmt":"2021-12-09T15:40:57","guid":{"rendered":"https:\/\/onesolutionsweb.com\/outsource\/"},"modified":"2022-02-03T16:01:56","modified_gmt":"2022-02-03T16:01:56","slug":"outsource","status":"publish","type":"page","link":"https:\/\/onesolutionsweb.com\/es\/outsource\/","title":{"rendered":"\u00bfPor qu\u00e9 externalizar (outsourcing)  el desarrollo de software?"},"content":{"rendered":"<div class=\"wpb-content-wrapper\"><p>[vc_row bottom_padding=\u00bb30px\u00bb][vc_column width=\u00bb1\/6&#8243;][\/vc_column][vc_column width=\u00bb2\/3&#8243;][vc_single_image image=\u00bb9477&#8243; img_size=\u00bblarge\u00bb][\/vc_column][vc_column width=\u00bb1\/6&#8243;][\/vc_column][\/vc_row][vc_row][vc_column width=\u00bb1\/6&#8243;][\/vc_column][vc_column width=\u00bb2\/3&#8243;][vc_column_text]Seg\u00fan datos del <a href=\"https:\/\/www.statista.com\/statistics\/189788\/global-outsourcing-market-size\/\">Statista<\/a> uno de los principales contribuyentes a la econom\u00eda mundial es el negocio de la externalizaci\u00f3n (outsourcing), que se\u00f1ala que \u00abEl mercado de externalizaci\u00f3n global en 2019, ascendi\u00f3 a 92.5 mil millones de d\u00f3lares en los EE.UU. \u00ab.\u00a0Los Estados Unidos lidera el mercado de la externalizaci\u00f3n (outsourcing), seguido por el Reino Unido y Europa.<\/p>\n<p>Una de las razones para externalizar desarrolladores de software es la oferta limitada de desarrolladores adecuados.\u00a0En los Estados Unidos encontrar desarrolladores adecuados se ha vuelto limitado, y la demanda de profesionales de este rubro est\u00e1 creciendo.\u00a0En el caso de algunas organizaciones en los Estados Unidos, la contrataci\u00f3n externa (outsourcing) o la contrataci\u00f3n en pa\u00edses cercanos (nearshore), es el \u00fanico m\u00e9todo para atraer a los mejores talentos a un nivel competitivo.<\/p>\n<p>Hay fuertes argumentos para muchas organizaciones que buscan externalizar conocimientos de desarrollo de software fuera de sus fronteras.<\/p>\n<p><strong>Rentabilidad:<\/strong> Usted no necesita hacer frente a todos los costos ya sea directos o indirectos que conllevan la contrataci\u00f3n de un empleado.\u00a0Los honorarios, impuestos, compensaciones; tambi\u00e9n reducen los costos de control, como los costos de espacio de oficinas, equipo de computaci\u00f3n, costos de capacitaci\u00f3n y otros.<\/p>\n<p><strong>Innovaci\u00f3n:<\/strong> En lugar de limitarse a las habilidades y experiencia de su personal existente, la externalizaci\u00f3n (outsourcing) de servicios de software le da la m\u00e1xima flexibilidad para acceder a una red global de profesionales altamente capacitados en los nuevos lenguajes tecnol\u00f3gicos e innovaciones disponibles.<\/p>\n<p><strong>Adaptabilidad al cambio: <\/strong>Las empresas con m\u00e1s personal actualizado son m\u00e1s adaptables, el personal de las empresas que brindan servicios de outsourcing, por su especializaci\u00f3n en este tipo de servicios est\u00e1n continuamente actualizados en las nuevas tecnolog\u00edas y por ende son m\u00e1s propensos a responder m\u00e1s r\u00e1pidamente a los cambios del mercado.<\/p>\n<p><strong>Enfocado:<\/strong> Como due\u00f1o de un negocio, usted debe concentrarse en lo que se requiere para expandir su empresa.\u00a0Debido a que el desarrollo de software no es el rubro principal del negocio, en la mayor\u00eda de las empresas, estas no deben preocuparse de todos los detalles del proceso de desarrollo de software del d\u00eda a d\u00eda.<\/p>\n<p><strong>Tiempo:<\/strong> Reclutar y formar nuevo personal requiere tiempo y esfuerzo, su empresa de software externalizada (outsourcing) cuenta con un equipo de especialistas en diferentes lenguajes y tecnolog\u00edas ya preseleccionado y listo para trabajar.<\/p>\n<p><strong>Comunicaci\u00f3n:<\/strong> La comunicaci\u00f3n es la clave para el \u00e9xito de los servicios de externalizaci\u00f3n o outsourcing.\u00a0La globalizaci\u00f3n ha facilitado la comunicaci\u00f3n, el acceso a una amplia gama de herramientas como conferencias web, correo electr\u00f3nico, videoconferencias, herramientas de colaboraci\u00f3n, automatizaci\u00f3n de procesos y m\u00e1s, han hecho que trabajar con empresas de outsourcing de software sea m\u00e1s f\u00e1cil que nunca.<\/p>\n<p>Por otro lado, el personal de las empresas de externalizaci\u00f3n de servicios de software tiene la mayor\u00eda de las veces ingenieros de software con dominio del ingl\u00e9s, lo que les permite mantener una comunicaci\u00f3n clara con sus clientes.<\/p>\n<p><strong>\u00bfPor qu\u00e9 deber\u00eda escoger a One Solutions?<\/strong><\/p>\n<ul>\n<li>Tenemos experiencia demostrada brindando servicios de outsourcing, con empresas de diferentes pa\u00edses como U.S, Reino Unido y Espa\u00f1a.<\/li>\n<li>Nuestros desarrolladores se alinear\u00e1n a la zona horaria de su equipo de trabajo.<\/li>\n<li>Nuestros desarrolladores tienen experiencia trabajando con tecnolog\u00eda de vanguardia.<\/li>\n<li>Nuestra filosof\u00eda de negocio se basa en la construcci\u00f3n de relaciones a largo plazo con nuestros clientes.<\/li>\n<li>Nuestro equipo de outsourcing de software est\u00e1 listo para ayudarle a encontrar las soluciones adecuadas para cumplir sus objetivos.<\/li>\n<\/ul>\n<p>[\/vc_column_text][\/vc_column][vc_column width=\u00bb1\/6&#8243;][\/vc_column][\/vc_row][vc_row top_padding=\u00bb15px\u00bb bottom_padding=\u00bb15px\u00bb][vc_column width=\u00bb1\/6&#8243;][\/vc_column][vc_column width=\u00bb2\/3&#8243;]<div class=\"colored_theme_button prk_medium pls_shortcoded\"><a href=\"https:\/\/onesolutionsweb.com\/es\/#contact\" target=\"_self\" class=\"pulse_anchor\">Cont\u00e1ctanos<\/a><\/div>[\/vc_column][vc_column width=\u00bb1\/6&#8243;][\/vc_column][\/vc_row]<\/p>\n<\/div>","protected":false},"excerpt":{"rendered":"<p>[vc_row bottom_padding=\u00bb30px\u00bb][vc_column width=\u00bb1\/6&#8243;][\/vc_column][vc_column width=\u00bb2\/3&#8243;][vc_single_image image=\u00bb9477&#8243; img_size=\u00bblarge\u00bb][\/vc_column][vc_column width=\u00bb1\/6&#8243;][\/vc_column][\/vc_row][vc_row][vc_column width=\u00bb1\/6&#8243;][\/vc_column][vc_column width=\u00bb2\/3&#8243;][vc_column_text]Seg\u00fan datos del Statista uno de los principales contribuyentes a la econom\u00eda mundial es el negocio de la externalizaci\u00f3n (outsourcing), que se\u00f1ala que \u00abEl mercado de externalizaci\u00f3n global en 2019, ascendi\u00f3 a 92.5 mil millones de d\u00f3lares en los EE.UU. \u00ab.\u00a0Los Estados Unidos lidera el mercado de [&hellip;]<\/p>\n","protected":false},"author":1,"featured_media":0,"parent":0,"menu_order":3,"comment_status":"closed","ping_status":"closed","template":"","meta":{"content-type":"","inline_featured_image":false,"footnotes":""},"class_list":["post-9713","page","type-page","status-publish","hentry"],"acf":[],"yoast_head":"<!-- This site is optimized with the Yoast SEO Premium plugin v23.8 (Yoast SEO v26.0) - https:\/\/yoast.com\/wordpress\/plugins\/seo\/ -->\n<title>\u00bfPor qu\u00e9 externalizar (outsourcing) el desarrollo de software? - One Solutions<\/title>\n<meta name=\"robots\" content=\"index, follow, max-snippet:-1, max-image-preview:large, max-video-preview:-1\" \/>\n<link rel=\"canonical\" href=\"https:\/\/onesolutionsweb.com\/es\/outsource\/\" \/>\n<meta property=\"og:locale\" content=\"es_ES\" \/>\n<meta property=\"og:type\" content=\"article\" \/>\n<meta property=\"og:title\" content=\"\u00bfPor qu\u00e9 externalizar (outsourcing) el desarrollo de software?\" \/>\n<meta property=\"og:description\" content=\"Seg\u00fan datos del Statista uno de los principales contribuyentes a la econom\u00eda mundial es el negocio de la externalizaci\u00f3n (outsourcing), que se\u00f1ala que &quot;El\" \/>\n<meta property=\"og:url\" content=\"https:\/\/onesolutionsweb.com\/es\/outsource\/\" \/>\n<meta property=\"og:site_name\" content=\"One Solutions\" \/>\n<meta property=\"article:publisher\" content=\"https:\/\/www.facebook.com\/onesolutionsweb\" \/>\n<meta property=\"article:modified_time\" content=\"2022-02-03T16:01:56+00:00\" \/>\n<meta name=\"twitter:card\" content=\"summary_large_image\" \/>\n<meta name=\"twitter:site\" content=\"@OneSolutionsWeb\" \/>\n<meta name=\"twitter:label1\" content=\"Tiempo de lectura\" \/>\n\t<meta name=\"twitter:data1\" content=\"3 minutos\" \/>\n<script type=\"application\/ld+json\" class=\"yoast-schema-graph\">{\"@context\":\"https:\/\/schema.org\",\"@graph\":[{\"@type\":\"WebPage\",\"@id\":\"https:\/\/onesolutionsweb.com\/es\/outsource\/\",\"url\":\"https:\/\/onesolutionsweb.com\/es\/outsource\/\",\"name\":\"\u00bfPor qu\u00e9 externalizar (outsourcing) el desarrollo de software? - One Solutions\",\"isPartOf\":{\"@id\":\"https:\/\/onesolutionsweb.com\/#website\"},\"datePublished\":\"2021-12-09T15:40:57+00:00\",\"dateModified\":\"2022-02-03T16:01:56+00:00\",\"breadcrumb\":{\"@id\":\"https:\/\/onesolutionsweb.com\/es\/outsource\/#breadcrumb\"},\"inLanguage\":\"es\",\"potentialAction\":[{\"@type\":\"ReadAction\",\"target\":[\"https:\/\/onesolutionsweb.com\/es\/outsource\/\"]}]},{\"@type\":\"BreadcrumbList\",\"@id\":\"https:\/\/onesolutionsweb.com\/es\/outsource\/#breadcrumb\",\"itemListElement\":[{\"@type\":\"ListItem\",\"position\":1,\"name\":\"Portada\",\"item\":\"https:\/\/onesolutionsweb.com\/es\/\"},{\"@type\":\"ListItem\",\"position\":2,\"name\":\"\u00bfPor qu\u00e9 externalizar (outsourcing) el desarrollo de software?\"}]},{\"@type\":\"WebSite\",\"@id\":\"https:\/\/onesolutionsweb.com\/#website\",\"url\":\"https:\/\/onesolutionsweb.com\/\",\"name\":\"One Solutions\",\"description\":\"Software Solutions\",\"publisher\":{\"@id\":\"https:\/\/onesolutionsweb.com\/#organization\"},\"potentialAction\":[{\"@type\":\"SearchAction\",\"target\":{\"@type\":\"EntryPoint\",\"urlTemplate\":\"https:\/\/onesolutionsweb.com\/?s={search_term_string}\"},\"query-input\":{\"@type\":\"PropertyValueSpecification\",\"valueRequired\":true,\"valueName\":\"search_term_string\"}}],\"inLanguage\":\"es\"},{\"@type\":\"Organization\",\"@id\":\"https:\/\/onesolutionsweb.com\/#organization\",\"name\":\"One Solutions\",\"url\":\"https:\/\/onesolutionsweb.com\/\",\"logo\":{\"@type\":\"ImageObject\",\"inLanguage\":\"es\",\"@id\":\"https:\/\/onesolutionsweb.com\/#\/schema\/logo\/image\/\",\"url\":\"https:\/\/secureservercdn.net\/104.238.71.33\/91x.30f.myftpupload.com\/wp-content\/uploads\/2021\/05\/logoblackico.png?time=1656722807\",\"contentUrl\":\"https:\/\/secureservercdn.net\/104.238.71.33\/91x.30f.myftpupload.com\/wp-content\/uploads\/2021\/05\/logoblackico.png?time=1656722807\",\"width\":494,\"height\":494,\"caption\":\"One Solutions\"},\"image\":{\"@id\":\"https:\/\/onesolutionsweb.com\/#\/schema\/logo\/image\/\"},\"sameAs\":[\"https:\/\/www.facebook.com\/onesolutionsweb\",\"https:\/\/x.com\/OneSolutionsWeb\",\"https:\/\/www.linkedin.com\/company\/onesolutionsweb\",\"https:\/\/www.instagram.com\/onesolutionsweb\/\"]}]}<\/script>\n<!-- \/ Yoast SEO Premium plugin. -->","yoast_head_json":{"title":"\u00bfPor qu\u00e9 externalizar (outsourcing) el desarrollo de software? - One Solutions","robots":{"index":"index","follow":"follow","max-snippet":"max-snippet:-1","max-image-preview":"max-image-preview:large","max-video-preview":"max-video-preview:-1"},"canonical":"https:\/\/onesolutionsweb.com\/es\/outsource\/","og_locale":"es_ES","og_type":"article","og_title":"\u00bfPor qu\u00e9 externalizar (outsourcing) el desarrollo de software?","og_description":"Seg\u00fan datos del Statista uno de los principales contribuyentes a la econom\u00eda mundial es el negocio de la externalizaci\u00f3n (outsourcing), que se\u00f1ala que \"El","og_url":"https:\/\/onesolutionsweb.com\/es\/outsource\/","og_site_name":"One Solutions","article_publisher":"https:\/\/www.facebook.com\/onesolutionsweb","article_modified_time":"2022-02-03T16:01:56+00:00","twitter_card":"summary_large_image","twitter_site":"@OneSolutionsWeb","twitter_misc":{"Tiempo de lectura":"3 minutos"},"schema":{"@context":"https:\/\/schema.org","@graph":[{"@type":"WebPage","@id":"https:\/\/onesolutionsweb.com\/es\/outsource\/","url":"https:\/\/onesolutionsweb.com\/es\/outsource\/","name":"\u00bfPor qu\u00e9 externalizar (outsourcing) el desarrollo de software? - One Solutions","isPartOf":{"@id":"https:\/\/onesolutionsweb.com\/#website"},"datePublished":"2021-12-09T15:40:57+00:00","dateModified":"2022-02-03T16:01:56+00:00","breadcrumb":{"@id":"https:\/\/onesolutionsweb.com\/es\/outsource\/#breadcrumb"},"inLanguage":"es","potentialAction":[{"@type":"ReadAction","target":["https:\/\/onesolutionsweb.com\/es\/outsource\/"]}]},{"@type":"BreadcrumbList","@id":"https:\/\/onesolutionsweb.com\/es\/outsource\/#breadcrumb","itemListElement":[{"@type":"ListItem","position":1,"name":"Portada","item":"https:\/\/onesolutionsweb.com\/es\/"},{"@type":"ListItem","position":2,"name":"\u00bfPor qu\u00e9 externalizar (outsourcing) el desarrollo de software?"}]},{"@type":"WebSite","@id":"https:\/\/onesolutionsweb.com\/#website","url":"https:\/\/onesolutionsweb.com\/","name":"One Solutions","description":"Software Solutions","publisher":{"@id":"https:\/\/onesolutionsweb.com\/#organization"},"potentialAction":[{"@type":"SearchAction","target":{"@type":"EntryPoint","urlTemplate":"https:\/\/onesolutionsweb.com\/?s={search_term_string}"},"query-input":{"@type":"PropertyValueSpecification","valueRequired":true,"valueName":"search_term_string"}}],"inLanguage":"es"},{"@type":"Organization","@id":"https:\/\/onesolutionsweb.com\/#organization","name":"One Solutions","url":"https:\/\/onesolutionsweb.com\/","logo":{"@type":"ImageObject","inLanguage":"es","@id":"https:\/\/onesolutionsweb.com\/#\/schema\/logo\/image\/","url":"https:\/\/secureservercdn.net\/104.238.71.33\/91x.30f.myftpupload.com\/wp-content\/uploads\/2021\/05\/logoblackico.png?time=1656722807","contentUrl":"https:\/\/secureservercdn.net\/104.238.71.33\/91x.30f.myftpupload.com\/wp-content\/uploads\/2021\/05\/logoblackico.png?time=1656722807","width":494,"height":494,"caption":"One Solutions"},"image":{"@id":"https:\/\/onesolutionsweb.com\/#\/schema\/logo\/image\/"},"sameAs":["https:\/\/www.facebook.com\/onesolutionsweb","https:\/\/x.com\/OneSolutionsWeb","https:\/\/www.linkedin.com\/company\/onesolutionsweb","https:\/\/www.instagram.com\/onesolutionsweb\/"]}]}},"_links":{"self":[{"href":"https:\/\/onesolutionsweb.com\/es\/wp-json\/wp\/v2\/pages\/9713","targetHints":{"allow":["GET"]}}],"collection":[{"href":"https:\/\/onesolutionsweb.com\/es\/wp-json\/wp\/v2\/pages"}],"about":[{"href":"https:\/\/onesolutionsweb.com\/es\/wp-json\/wp\/v2\/types\/page"}],"author":[{"embeddable":true,"href":"https:\/\/onesolutionsweb.com\/es\/wp-json\/wp\/v2\/users\/1"}],"replies":[{"embeddable":true,"href":"https:\/\/onesolutionsweb.com\/es\/wp-json\/wp\/v2\/comments?post=9713"}],"version-history":[{"count":3,"href":"https:\/\/onesolutionsweb.com\/es\/wp-json\/wp\/v2\/pages\/9713\/revisions"}],"predecessor-version":[{"id":9716,"href":"https:\/\/onesolutionsweb.com\/es\/wp-json\/wp\/v2\/pages\/9713\/revisions\/9716"}],"wp:attachment":[{"href":"https:\/\/onesolutionsweb.com\/es\/wp-json\/wp\/v2\/media?parent=9713"}],"curies":[{"name":"wp","href":"https:\/\/api.w.org\/{rel}","templated":true}]}}