{"id":9701,"date":"2021-12-09T15:05:50","date_gmt":"2021-12-09T15:05:50","guid":{"rendered":"https:\/\/onesolutionsweb.com\/web-solutions-or-cloud-computing\/"},"modified":"2022-07-02T16:52:43","modified_gmt":"2022-07-02T16:52:43","slug":"web-solutions-or-cloud-computing","status":"publish","type":"page","link":"https:\/\/onesolutionsweb.com\/es\/software-company-outsourcing-services\/web-solutions-or-cloud-computing\/","title":{"rendered":"Soluciones web o computaci\u00f3n en la nube"},"content":{"rendered":"<div class=\"wpb-content-wrapper\"><p>[vc_row bottom_padding=\u00bb30px\u00bb][vc_column width=\u00bb1\/6&#8243;][\/vc_column][vc_column width=\u00bb2\/3&#8243;][vc_single_image image=\u00bb9450&#8243; img_size=\u00bblarge\u00bb alignment=\u00bbcenter\u00bb][\/vc_column][vc_column width=\u00bb1\/6&#8243;][\/vc_column][\/vc_row][vc_row][vc_column width=\u00bb1\/6&#8243;][\/vc_column][vc_column width=\u00bb2\/3&#8243;][vc_column_text]<span style=\"font-weight: 400;\">Cualquier empresa puede obtener acceso a todas las ventajas de la computaci\u00f3n en la nube, utilizando los diferentes modelos de servicios en la nube para evitar mantener una gran infraestructura de tecnolog\u00eda de la informaci\u00f3n y capacidad de almacenamiento. De esta manera podr\u00e1 almacenar archivos en servidores de Internet y luego acceder a ellos desde cualquier ubicaci\u00f3n.<\/span><\/p>\n<p><span style=\"font-weight: 400;\">Seg\u00fan datos del <a href=\"https:\/\/www.statista.com\/statistics\/273818\/global-revenue-generated-with-cloud-computing-since-2009\/\">Statista<\/a>, se espera que en 2022 el mercado de la computaci\u00f3n en la nube seguir\u00e1 creciendo, en EE.UU.\u00a0 se espera que llegue a un estimado de 482 mil millones de d\u00f3lares, proporcionando una amplia gama de servicios y beneficios para los nuevos empresarios.<\/span><\/p>\n<p><span style=\"font-weight: 400;\">Hay tres modelos b\u00e1sicos de servicio en la nube, usted podr\u00eda utilizar uno o m\u00e1s modelos, o una combinaci\u00f3n de todos.<\/span><\/p>\n<p><b>Software as a service (SaaS)<\/b><span style=\"font-weight: 400;\"> Es un modelo de distribuci\u00f3n de software que da acceso a aplicaciones web basadas en la nube, estas aplicaciones est\u00e1n disponibles para el usuario a trav\u00e9s de Internet mediante una suscripci\u00f3n de licencia de pago o de forma gratuita con acceso limitado. Ejemplos de este modelo son el correo electr\u00f3nico, almacenamiento como Dropbox, Office 365, etc.<\/span><\/p>\n<p><b>Platform as a service (PaaS)<\/b><span style=\"font-weight: 400;\">Es una plataforma para que los clientes desarrollen, ejecuten, prueben y gestionen aplicaciones sin construir y mantener la infraestructura de nube necesaria para lanzar una aplicaci\u00f3n. PaaS tambi\u00e9n incluye recursos ampliamente utilizados como herramientas de desarrollo, lenguajes de programaci\u00f3n, bibliotecas y otras herramientas. Google App Engine es un ejemplo t\u00edpico de PaaS.<\/span><\/p>\n<p><b>Infrastructure as a service (IaaS)<\/b><span style=\"font-weight: 400;\"> Proporciona al cliente una infraestructura de computaci\u00f3n virtual donde las empresas alquilan servidores para computaci\u00f3n y almacenamiento en la nube, eliminando la necesidad de proporcionar y mantener servidores f\u00edsicos. Los servicios web de Amazon son ejemplos de proveedores de servicios en la nube de IaaS.<\/span><\/p>\n<p><span style=\"font-weight: 400;\">La transici\u00f3n a una soluci\u00f3n basada en la nube completa implica la creaci\u00f3n de programas que se ejecutan en la nube. Le ayudaremos a identificar el proveedor apropiado de servicios de nube y las aplicaciones <\/span>[\/vc_column_text][\/vc_column][vc_column width=\u00bb1\/6&#8243;][\/vc_column][\/vc_row][vc_row top_padding=\u00bb15px\u00bb bottom_padding=\u00bb15px\u00bb align=\u00bbpulse_center_align\u00bb][vc_column width=\u00bb1\/1&#8243;]<div class=\"colored_theme_button prk_medium pls_shortcoded\"><a href=\"https:\/\/onesolutionsweb.com\/es\/#contact\" target=\"_self\" class=\"pulse_anchor\">Cont\u00e1ctanos<\/a><\/div>[\/vc_column][\/vc_row]<\/p>\n<\/div>","protected":false},"excerpt":{"rendered":"<p>[vc_row bottom_padding=\u00bb30px\u00bb][vc_column width=\u00bb1\/6&#8243;][\/vc_column][vc_column width=\u00bb2\/3&#8243;][vc_single_image image=\u00bb9450&#8243; img_size=\u00bblarge\u00bb alignment=\u00bbcenter\u00bb][\/vc_column][vc_column width=\u00bb1\/6&#8243;][\/vc_column][\/vc_row][vc_row][vc_column width=\u00bb1\/6&#8243;][\/vc_column][vc_column width=\u00bb2\/3&#8243;][vc_column_text]Cualquier empresa puede obtener acceso a todas las ventajas de la computaci\u00f3n en la nube, utilizando los diferentes modelos de servicios en la nube para evitar mantener una gran infraestructura de tecnolog\u00eda de la informaci\u00f3n y capacidad de almacenamiento. De esta manera podr\u00e1 almacenar archivos en [&hellip;]<\/p>\n","protected":false},"author":1,"featured_media":0,"parent":10333,"menu_order":1,"comment_status":"closed","ping_status":"closed","template":"","meta":{"content-type":"","inline_featured_image":false,"footnotes":""},"class_list":["post-9701","page","type-page","status-publish","hentry"],"acf":[],"yoast_head":"<!-- This site is optimized with the Yoast SEO Premium plugin v23.8 (Yoast SEO v26.0) - https:\/\/yoast.com\/wordpress\/plugins\/seo\/ -->\n<title>Soluciones web o computaci\u00f3n en la nube - One Solutions<\/title>\n<meta name=\"robots\" content=\"index, follow, max-snippet:-1, max-image-preview:large, max-video-preview:-1\" \/>\n<link rel=\"canonical\" href=\"https:\/\/onesolutionsweb.com\/es\/software-company-outsourcing-services\/web-solutions-or-cloud-computing\/\" \/>\n<meta property=\"og:locale\" content=\"es_ES\" \/>\n<meta property=\"og:type\" content=\"article\" \/>\n<meta property=\"og:title\" content=\"Soluciones web o computaci\u00f3n en la nube\" \/>\n<meta property=\"og:description\" content=\"Cualquier empresa puede obtener acceso a todas las ventajas de la computaci\u00f3n en la nube, utilizando los diferentes modelos de servicios en la nube para\" \/>\n<meta property=\"og:url\" content=\"https:\/\/onesolutionsweb.com\/es\/software-company-outsourcing-services\/web-solutions-or-cloud-computing\/\" \/>\n<meta property=\"og:site_name\" content=\"One Solutions\" \/>\n<meta property=\"article:publisher\" content=\"https:\/\/www.facebook.com\/onesolutionsweb\" \/>\n<meta property=\"article:modified_time\" content=\"2022-07-02T16:52:43+00:00\" \/>\n<meta name=\"twitter:card\" content=\"summary_large_image\" \/>\n<meta name=\"twitter:site\" content=\"@OneSolutionsWeb\" \/>\n<meta name=\"twitter:label1\" content=\"Tiempo de lectura\" \/>\n\t<meta name=\"twitter:data1\" content=\"2 minutos\" \/>\n<script type=\"application\/ld+json\" class=\"yoast-schema-graph\">{\"@context\":\"https:\/\/schema.org\",\"@graph\":[{\"@type\":\"WebPage\",\"@id\":\"https:\/\/onesolutionsweb.com\/es\/software-company-outsourcing-services\/web-solutions-or-cloud-computing\/\",\"url\":\"https:\/\/onesolutionsweb.com\/es\/software-company-outsourcing-services\/web-solutions-or-cloud-computing\/\",\"name\":\"Soluciones web o computaci\u00f3n en la nube - One Solutions\",\"isPartOf\":{\"@id\":\"https:\/\/onesolutionsweb.com\/#website\"},\"datePublished\":\"2021-12-09T15:05:50+00:00\",\"dateModified\":\"2022-07-02T16:52:43+00:00\",\"breadcrumb\":{\"@id\":\"https:\/\/onesolutionsweb.com\/es\/software-company-outsourcing-services\/web-solutions-or-cloud-computing\/#breadcrumb\"},\"inLanguage\":\"es\",\"potentialAction\":[{\"@type\":\"ReadAction\",\"target\":[\"https:\/\/onesolutionsweb.com\/es\/software-company-outsourcing-services\/web-solutions-or-cloud-computing\/\"]}]},{\"@type\":\"BreadcrumbList\",\"@id\":\"https:\/\/onesolutionsweb.com\/es\/software-company-outsourcing-services\/web-solutions-or-cloud-computing\/#breadcrumb\",\"itemListElement\":[{\"@type\":\"ListItem\",\"position\":1,\"name\":\"Portada\",\"item\":\"https:\/\/onesolutionsweb.com\/es\/\"},{\"@type\":\"ListItem\",\"position\":2,\"name\":\"Software Company Outsourcing Services\",\"item\":\"https:\/\/onesolutionsweb.com\/es\/software-company-outsourcing-services\/\"},{\"@type\":\"ListItem\",\"position\":3,\"name\":\"Soluciones web o computaci\u00f3n en la nube\"}]},{\"@type\":\"WebSite\",\"@id\":\"https:\/\/onesolutionsweb.com\/#website\",\"url\":\"https:\/\/onesolutionsweb.com\/\",\"name\":\"One Solutions\",\"description\":\"Software Solutions\",\"publisher\":{\"@id\":\"https:\/\/onesolutionsweb.com\/#organization\"},\"potentialAction\":[{\"@type\":\"SearchAction\",\"target\":{\"@type\":\"EntryPoint\",\"urlTemplate\":\"https:\/\/onesolutionsweb.com\/?s={search_term_string}\"},\"query-input\":{\"@type\":\"PropertyValueSpecification\",\"valueRequired\":true,\"valueName\":\"search_term_string\"}}],\"inLanguage\":\"es\"},{\"@type\":\"Organization\",\"@id\":\"https:\/\/onesolutionsweb.com\/#organization\",\"name\":\"One Solutions\",\"url\":\"https:\/\/onesolutionsweb.com\/\",\"logo\":{\"@type\":\"ImageObject\",\"inLanguage\":\"es\",\"@id\":\"https:\/\/onesolutionsweb.com\/#\/schema\/logo\/image\/\",\"url\":\"https:\/\/secureservercdn.net\/104.238.71.33\/91x.30f.myftpupload.com\/wp-content\/uploads\/2021\/05\/logoblackico.png?time=1656722807\",\"contentUrl\":\"https:\/\/secureservercdn.net\/104.238.71.33\/91x.30f.myftpupload.com\/wp-content\/uploads\/2021\/05\/logoblackico.png?time=1656722807\",\"width\":494,\"height\":494,\"caption\":\"One Solutions\"},\"image\":{\"@id\":\"https:\/\/onesolutionsweb.com\/#\/schema\/logo\/image\/\"},\"sameAs\":[\"https:\/\/www.facebook.com\/onesolutionsweb\",\"https:\/\/x.com\/OneSolutionsWeb\",\"https:\/\/www.linkedin.com\/company\/onesolutionsweb\",\"https:\/\/www.instagram.com\/onesolutionsweb\/\"]}]}<\/script>\n<!-- \/ Yoast SEO Premium plugin. -->","yoast_head_json":{"title":"Soluciones web o computaci\u00f3n en la nube - One Solutions","robots":{"index":"index","follow":"follow","max-snippet":"max-snippet:-1","max-image-preview":"max-image-preview:large","max-video-preview":"max-video-preview:-1"},"canonical":"https:\/\/onesolutionsweb.com\/es\/software-company-outsourcing-services\/web-solutions-or-cloud-computing\/","og_locale":"es_ES","og_type":"article","og_title":"Soluciones web o computaci\u00f3n en la nube","og_description":"Cualquier empresa puede obtener acceso a todas las ventajas de la computaci\u00f3n en la nube, utilizando los diferentes modelos de servicios en la nube para","og_url":"https:\/\/onesolutionsweb.com\/es\/software-company-outsourcing-services\/web-solutions-or-cloud-computing\/","og_site_name":"One Solutions","article_publisher":"https:\/\/www.facebook.com\/onesolutionsweb","article_modified_time":"2022-07-02T16:52:43+00:00","twitter_card":"summary_large_image","twitter_site":"@OneSolutionsWeb","twitter_misc":{"Tiempo de lectura":"2 minutos"},"schema":{"@context":"https:\/\/schema.org","@graph":[{"@type":"WebPage","@id":"https:\/\/onesolutionsweb.com\/es\/software-company-outsourcing-services\/web-solutions-or-cloud-computing\/","url":"https:\/\/onesolutionsweb.com\/es\/software-company-outsourcing-services\/web-solutions-or-cloud-computing\/","name":"Soluciones web o computaci\u00f3n en la nube - One Solutions","isPartOf":{"@id":"https:\/\/onesolutionsweb.com\/#website"},"datePublished":"2021-12-09T15:05:50+00:00","dateModified":"2022-07-02T16:52:43+00:00","breadcrumb":{"@id":"https:\/\/onesolutionsweb.com\/es\/software-company-outsourcing-services\/web-solutions-or-cloud-computing\/#breadcrumb"},"inLanguage":"es","potentialAction":[{"@type":"ReadAction","target":["https:\/\/onesolutionsweb.com\/es\/software-company-outsourcing-services\/web-solutions-or-cloud-computing\/"]}]},{"@type":"BreadcrumbList","@id":"https:\/\/onesolutionsweb.com\/es\/software-company-outsourcing-services\/web-solutions-or-cloud-computing\/#breadcrumb","itemListElement":[{"@type":"ListItem","position":1,"name":"Portada","item":"https:\/\/onesolutionsweb.com\/es\/"},{"@type":"ListItem","position":2,"name":"Software Company Outsourcing Services","item":"https:\/\/onesolutionsweb.com\/es\/software-company-outsourcing-services\/"},{"@type":"ListItem","position":3,"name":"Soluciones web o computaci\u00f3n en la nube"}]},{"@type":"WebSite","@id":"https:\/\/onesolutionsweb.com\/#website","url":"https:\/\/onesolutionsweb.com\/","name":"One Solutions","description":"Software Solutions","publisher":{"@id":"https:\/\/onesolutionsweb.com\/#organization"},"potentialAction":[{"@type":"SearchAction","target":{"@type":"EntryPoint","urlTemplate":"https:\/\/onesolutionsweb.com\/?s={search_term_string}"},"query-input":{"@type":"PropertyValueSpecification","valueRequired":true,"valueName":"search_term_string"}}],"inLanguage":"es"},{"@type":"Organization","@id":"https:\/\/onesolutionsweb.com\/#organization","name":"One Solutions","url":"https:\/\/onesolutionsweb.com\/","logo":{"@type":"ImageObject","inLanguage":"es","@id":"https:\/\/onesolutionsweb.com\/#\/schema\/logo\/image\/","url":"https:\/\/secureservercdn.net\/104.238.71.33\/91x.30f.myftpupload.com\/wp-content\/uploads\/2021\/05\/logoblackico.png?time=1656722807","contentUrl":"https:\/\/secureservercdn.net\/104.238.71.33\/91x.30f.myftpupload.com\/wp-content\/uploads\/2021\/05\/logoblackico.png?time=1656722807","width":494,"height":494,"caption":"One Solutions"},"image":{"@id":"https:\/\/onesolutionsweb.com\/#\/schema\/logo\/image\/"},"sameAs":["https:\/\/www.facebook.com\/onesolutionsweb","https:\/\/x.com\/OneSolutionsWeb","https:\/\/www.linkedin.com\/company\/onesolutionsweb","https:\/\/www.instagram.com\/onesolutionsweb\/"]}]}},"_links":{"self":[{"href":"https:\/\/onesolutionsweb.com\/es\/wp-json\/wp\/v2\/pages\/9701","targetHints":{"allow":["GET"]}}],"collection":[{"href":"https:\/\/onesolutionsweb.com\/es\/wp-json\/wp\/v2\/pages"}],"about":[{"href":"https:\/\/onesolutionsweb.com\/es\/wp-json\/wp\/v2\/types\/page"}],"author":[{"embeddable":true,"href":"https:\/\/onesolutionsweb.com\/es\/wp-json\/wp\/v2\/users\/1"}],"replies":[{"embeddable":true,"href":"https:\/\/onesolutionsweb.com\/es\/wp-json\/wp\/v2\/comments?post=9701"}],"version-history":[{"count":3,"href":"https:\/\/onesolutionsweb.com\/es\/wp-json\/wp\/v2\/pages\/9701\/revisions"}],"predecessor-version":[{"id":9705,"href":"https:\/\/onesolutionsweb.com\/es\/wp-json\/wp\/v2\/pages\/9701\/revisions\/9705"}],"up":[{"embeddable":true,"href":"https:\/\/onesolutionsweb.com\/es\/wp-json\/wp\/v2\/pages\/10333"}],"wp:attachment":[{"href":"https:\/\/onesolutionsweb.com\/es\/wp-json\/wp\/v2\/media?parent=9701"}],"curies":[{"name":"wp","href":"https:\/\/api.w.org\/{rel}","templated":true}]}}