{"id":9694,"date":"2021-12-09T14:20:38","date_gmt":"2021-12-09T14:20:38","guid":{"rendered":"https:\/\/onesolutionsweb.com\/mobile-applications-development\/"},"modified":"2022-07-02T16:54:28","modified_gmt":"2022-07-02T16:54:28","slug":"mobile-applications-development","status":"publish","type":"page","link":"https:\/\/onesolutionsweb.com\/es\/software-company-outsourcing-services\/mobile-applications-development\/","title":{"rendered":"Desarrollo de aplicaciones m\u00f3viles"},"content":{"rendered":"<div class=\"wpb-content-wrapper\"><p>[vc_row bottom_padding=\u00bb30px\u00bb][vc_column width=\u00bb1\/6&#8243;][\/vc_column][vc_column width=\u00bb2\/3&#8243;][vc_single_image image=\u00bb9918&#8243; img_size=\u00bblarge\u00bb alignment=\u00bbcenter\u00bb][\/vc_column][vc_column width=\u00bb1\/6&#8243;][\/vc_column][\/vc_row][vc_row][vc_column width=\u00bb1\/6&#8243;][\/vc_column][vc_column width=\u00bb2\/3&#8243;][vc_column_text]El n\u00famero de personas y organizaciones en todas las industrias que utilizan aplicaciones m\u00f3viles para realizar transacciones y obtener informaci\u00f3n para ventas, telecomunicaciones, salud, redes sociales y m\u00e1s est\u00e1 aumentando constantemente.<\/p>\n<p>Las organizaciones y empresas de todo el mundo si quieren mantener su presencia en el mercado, deben desarrollar aplicaciones m\u00f3viles que sean para los clientes, socios o trabajadores una experiencia amigable y para la empresa productos rentables y eficientes.<\/p>\n<p>Nuestros desarrolladores te ayudaran a impulsar\u00e1n tu negocio, a redefinir las experiencias de usuario a trav\u00e9s de una aplicaci\u00f3n m\u00f3vil funcional, completamente probada y f\u00e1cil de usar, ya sea que tu aplicaci\u00f3n se ejecute en Android, iOS o m\u00faltiples plataformas m\u00f3viles. Nuestras aplicaciones m\u00f3viles pueden ser preinstaladas o listas para ser descargadas desde una tienda de aplicaciones m\u00f3viles.<\/p>\n<p>Algunos de los lenguajes de programaci\u00f3n que utilizamos en este tipo de desarrollo de software son Java, Swift, C# y HTML5.<\/p>\n<h2>Desarrollo para plataforma Android<\/h2>\n<p>Android se ha convertido en el sistema operativo m\u00f3vil m\u00e1s utilizado en el mundo. Muchos de los fabricantes m\u00e1s grandes utilizan aplicaciones de Android en dispositivos como m\u00f3viles y tabletas.<\/p>\n<p>Hemos estado desarrollando aplicaciones para sistema Android con un equipo experto que le proporcionar\u00e1 todos los recursos que necesita para cumplir con su Desarrollo m\u00f3vil para plataforma Android.<\/p>\n<h2>Desarrollo de aplicaciones iOS<\/h2>\n<p>El desarrollo de aplicaciones m\u00f3viles iOS tiene una gran demanda, puedes contar con los usuarios de Apple iPhone y iPad de todo el mundo que prefieren esta tecnolog\u00eda. Esta plataforma es r\u00e1pida, confiable y f\u00e1cil de usar.[\/vc_column_text][\/vc_column][vc_column width=\u00bb1\/6&#8243;][\/vc_column][\/vc_row][vc_row top_padding=\u00bb15px\u00bb margin_bottom=\u00bb15px\u00bb align=\u00bbpulse_center_align\u00bb][vc_column width=\u00bb1\/1&#8243;]<div class=\"colored_theme_button prk_medium pls_shortcoded\"><a href=\"https:\/\/onesolutionsweb.com\/es\/#contact\" target=\"_self\" class=\"pulse_anchor\">Contact Us<\/a><\/div>[\/vc_column][\/vc_row]<\/p>\n<\/div>","protected":false},"excerpt":{"rendered":"<p>[vc_row bottom_padding=\u00bb30px\u00bb][vc_column width=\u00bb1\/6&#8243;][\/vc_column][vc_column width=\u00bb2\/3&#8243;][vc_single_image image=\u00bb9918&#8243; img_size=\u00bblarge\u00bb alignment=\u00bbcenter\u00bb][\/vc_column][vc_column width=\u00bb1\/6&#8243;][\/vc_column][\/vc_row][vc_row][vc_column width=\u00bb1\/6&#8243;][\/vc_column][vc_column width=\u00bb2\/3&#8243;][vc_column_text]El n\u00famero de personas y organizaciones en todas las industrias que utilizan aplicaciones m\u00f3viles para realizar transacciones y obtener informaci\u00f3n para ventas, telecomunicaciones, salud, redes sociales y m\u00e1s est\u00e1 aumentando constantemente. Las organizaciones y empresas de todo el mundo si quieren mantener su presencia en el [&hellip;]<\/p>\n","protected":false},"author":1,"featured_media":0,"parent":10333,"menu_order":5,"comment_status":"closed","ping_status":"closed","template":"","meta":{"content-type":"","inline_featured_image":false,"footnotes":""},"class_list":["post-9694","page","type-page","status-publish","hentry"],"acf":[],"yoast_head":"<!-- This site is optimized with the Yoast SEO Premium plugin v23.8 (Yoast SEO v26.0) - https:\/\/yoast.com\/wordpress\/plugins\/seo\/ -->\n<title>Desarrollo de aplicaciones m\u00f3viles - One Solutions<\/title>\n<meta name=\"robots\" content=\"index, follow, max-snippet:-1, max-image-preview:large, max-video-preview:-1\" \/>\n<link rel=\"canonical\" href=\"https:\/\/onesolutionsweb.com\/es\/software-company-outsourcing-services\/mobile-applications-development\/\" \/>\n<meta property=\"og:locale\" content=\"es_ES\" \/>\n<meta property=\"og:type\" content=\"article\" \/>\n<meta property=\"og:title\" content=\"Desarrollo de aplicaciones m\u00f3viles\" \/>\n<meta property=\"og:description\" content=\"El n\u00famero de personas y organizaciones en todas las industrias que utilizan aplicaciones m\u00f3viles para realizar transacciones y obtener informaci\u00f3n para\" \/>\n<meta property=\"og:url\" content=\"https:\/\/onesolutionsweb.com\/es\/software-company-outsourcing-services\/mobile-applications-development\/\" \/>\n<meta property=\"og:site_name\" content=\"One Solutions\" \/>\n<meta property=\"article:publisher\" content=\"https:\/\/www.facebook.com\/onesolutionsweb\" \/>\n<meta property=\"article:modified_time\" content=\"2022-07-02T16:54:28+00:00\" \/>\n<meta name=\"twitter:card\" content=\"summary_large_image\" \/>\n<meta name=\"twitter:site\" content=\"@OneSolutionsWeb\" \/>\n<meta name=\"twitter:label1\" content=\"Tiempo de lectura\" \/>\n\t<meta name=\"twitter:data1\" content=\"2 minutos\" \/>\n<script type=\"application\/ld+json\" class=\"yoast-schema-graph\">{\"@context\":\"https:\/\/schema.org\",\"@graph\":[{\"@type\":\"WebPage\",\"@id\":\"https:\/\/onesolutionsweb.com\/es\/software-company-outsourcing-services\/mobile-applications-development\/\",\"url\":\"https:\/\/onesolutionsweb.com\/es\/software-company-outsourcing-services\/mobile-applications-development\/\",\"name\":\"Desarrollo de aplicaciones m\u00f3viles - One Solutions\",\"isPartOf\":{\"@id\":\"https:\/\/onesolutionsweb.com\/#website\"},\"datePublished\":\"2021-12-09T14:20:38+00:00\",\"dateModified\":\"2022-07-02T16:54:28+00:00\",\"breadcrumb\":{\"@id\":\"https:\/\/onesolutionsweb.com\/es\/software-company-outsourcing-services\/mobile-applications-development\/#breadcrumb\"},\"inLanguage\":\"es\",\"potentialAction\":[{\"@type\":\"ReadAction\",\"target\":[\"https:\/\/onesolutionsweb.com\/es\/software-company-outsourcing-services\/mobile-applications-development\/\"]}]},{\"@type\":\"BreadcrumbList\",\"@id\":\"https:\/\/onesolutionsweb.com\/es\/software-company-outsourcing-services\/mobile-applications-development\/#breadcrumb\",\"itemListElement\":[{\"@type\":\"ListItem\",\"position\":1,\"name\":\"Portada\",\"item\":\"https:\/\/onesolutionsweb.com\/es\/\"},{\"@type\":\"ListItem\",\"position\":2,\"name\":\"Software Company Outsourcing Services\",\"item\":\"https:\/\/onesolutionsweb.com\/es\/software-company-outsourcing-services\/\"},{\"@type\":\"ListItem\",\"position\":3,\"name\":\"Desarrollo de aplicaciones m\u00f3viles\"}]},{\"@type\":\"WebSite\",\"@id\":\"https:\/\/onesolutionsweb.com\/#website\",\"url\":\"https:\/\/onesolutionsweb.com\/\",\"name\":\"One Solutions\",\"description\":\"Software Solutions\",\"publisher\":{\"@id\":\"https:\/\/onesolutionsweb.com\/#organization\"},\"potentialAction\":[{\"@type\":\"SearchAction\",\"target\":{\"@type\":\"EntryPoint\",\"urlTemplate\":\"https:\/\/onesolutionsweb.com\/?s={search_term_string}\"},\"query-input\":{\"@type\":\"PropertyValueSpecification\",\"valueRequired\":true,\"valueName\":\"search_term_string\"}}],\"inLanguage\":\"es\"},{\"@type\":\"Organization\",\"@id\":\"https:\/\/onesolutionsweb.com\/#organization\",\"name\":\"One Solutions\",\"url\":\"https:\/\/onesolutionsweb.com\/\",\"logo\":{\"@type\":\"ImageObject\",\"inLanguage\":\"es\",\"@id\":\"https:\/\/onesolutionsweb.com\/#\/schema\/logo\/image\/\",\"url\":\"https:\/\/secureservercdn.net\/104.238.71.33\/91x.30f.myftpupload.com\/wp-content\/uploads\/2021\/05\/logoblackico.png?time=1656722807\",\"contentUrl\":\"https:\/\/secureservercdn.net\/104.238.71.33\/91x.30f.myftpupload.com\/wp-content\/uploads\/2021\/05\/logoblackico.png?time=1656722807\",\"width\":494,\"height\":494,\"caption\":\"One Solutions\"},\"image\":{\"@id\":\"https:\/\/onesolutionsweb.com\/#\/schema\/logo\/image\/\"},\"sameAs\":[\"https:\/\/www.facebook.com\/onesolutionsweb\",\"https:\/\/x.com\/OneSolutionsWeb\",\"https:\/\/www.linkedin.com\/company\/onesolutionsweb\",\"https:\/\/www.instagram.com\/onesolutionsweb\/\"]}]}<\/script>\n<!-- \/ Yoast SEO Premium plugin. -->","yoast_head_json":{"title":"Desarrollo de aplicaciones m\u00f3viles - One Solutions","robots":{"index":"index","follow":"follow","max-snippet":"max-snippet:-1","max-image-preview":"max-image-preview:large","max-video-preview":"max-video-preview:-1"},"canonical":"https:\/\/onesolutionsweb.com\/es\/software-company-outsourcing-services\/mobile-applications-development\/","og_locale":"es_ES","og_type":"article","og_title":"Desarrollo de aplicaciones m\u00f3viles","og_description":"El n\u00famero de personas y organizaciones en todas las industrias que utilizan aplicaciones m\u00f3viles para realizar transacciones y obtener informaci\u00f3n para","og_url":"https:\/\/onesolutionsweb.com\/es\/software-company-outsourcing-services\/mobile-applications-development\/","og_site_name":"One Solutions","article_publisher":"https:\/\/www.facebook.com\/onesolutionsweb","article_modified_time":"2022-07-02T16:54:28+00:00","twitter_card":"summary_large_image","twitter_site":"@OneSolutionsWeb","twitter_misc":{"Tiempo de lectura":"2 minutos"},"schema":{"@context":"https:\/\/schema.org","@graph":[{"@type":"WebPage","@id":"https:\/\/onesolutionsweb.com\/es\/software-company-outsourcing-services\/mobile-applications-development\/","url":"https:\/\/onesolutionsweb.com\/es\/software-company-outsourcing-services\/mobile-applications-development\/","name":"Desarrollo de aplicaciones m\u00f3viles - One Solutions","isPartOf":{"@id":"https:\/\/onesolutionsweb.com\/#website"},"datePublished":"2021-12-09T14:20:38+00:00","dateModified":"2022-07-02T16:54:28+00:00","breadcrumb":{"@id":"https:\/\/onesolutionsweb.com\/es\/software-company-outsourcing-services\/mobile-applications-development\/#breadcrumb"},"inLanguage":"es","potentialAction":[{"@type":"ReadAction","target":["https:\/\/onesolutionsweb.com\/es\/software-company-outsourcing-services\/mobile-applications-development\/"]}]},{"@type":"BreadcrumbList","@id":"https:\/\/onesolutionsweb.com\/es\/software-company-outsourcing-services\/mobile-applications-development\/#breadcrumb","itemListElement":[{"@type":"ListItem","position":1,"name":"Portada","item":"https:\/\/onesolutionsweb.com\/es\/"},{"@type":"ListItem","position":2,"name":"Software Company Outsourcing Services","item":"https:\/\/onesolutionsweb.com\/es\/software-company-outsourcing-services\/"},{"@type":"ListItem","position":3,"name":"Desarrollo de aplicaciones m\u00f3viles"}]},{"@type":"WebSite","@id":"https:\/\/onesolutionsweb.com\/#website","url":"https:\/\/onesolutionsweb.com\/","name":"One Solutions","description":"Software Solutions","publisher":{"@id":"https:\/\/onesolutionsweb.com\/#organization"},"potentialAction":[{"@type":"SearchAction","target":{"@type":"EntryPoint","urlTemplate":"https:\/\/onesolutionsweb.com\/?s={search_term_string}"},"query-input":{"@type":"PropertyValueSpecification","valueRequired":true,"valueName":"search_term_string"}}],"inLanguage":"es"},{"@type":"Organization","@id":"https:\/\/onesolutionsweb.com\/#organization","name":"One Solutions","url":"https:\/\/onesolutionsweb.com\/","logo":{"@type":"ImageObject","inLanguage":"es","@id":"https:\/\/onesolutionsweb.com\/#\/schema\/logo\/image\/","url":"https:\/\/secureservercdn.net\/104.238.71.33\/91x.30f.myftpupload.com\/wp-content\/uploads\/2021\/05\/logoblackico.png?time=1656722807","contentUrl":"https:\/\/secureservercdn.net\/104.238.71.33\/91x.30f.myftpupload.com\/wp-content\/uploads\/2021\/05\/logoblackico.png?time=1656722807","width":494,"height":494,"caption":"One Solutions"},"image":{"@id":"https:\/\/onesolutionsweb.com\/#\/schema\/logo\/image\/"},"sameAs":["https:\/\/www.facebook.com\/onesolutionsweb","https:\/\/x.com\/OneSolutionsWeb","https:\/\/www.linkedin.com\/company\/onesolutionsweb","https:\/\/www.instagram.com\/onesolutionsweb\/"]}]}},"_links":{"self":[{"href":"https:\/\/onesolutionsweb.com\/es\/wp-json\/wp\/v2\/pages\/9694","targetHints":{"allow":["GET"]}}],"collection":[{"href":"https:\/\/onesolutionsweb.com\/es\/wp-json\/wp\/v2\/pages"}],"about":[{"href":"https:\/\/onesolutionsweb.com\/es\/wp-json\/wp\/v2\/types\/page"}],"author":[{"embeddable":true,"href":"https:\/\/onesolutionsweb.com\/es\/wp-json\/wp\/v2\/users\/1"}],"replies":[{"embeddable":true,"href":"https:\/\/onesolutionsweb.com\/es\/wp-json\/wp\/v2\/comments?post=9694"}],"version-history":[{"count":4,"href":"https:\/\/onesolutionsweb.com\/es\/wp-json\/wp\/v2\/pages\/9694\/revisions"}],"predecessor-version":[{"id":10292,"href":"https:\/\/onesolutionsweb.com\/es\/wp-json\/wp\/v2\/pages\/9694\/revisions\/10292"}],"up":[{"embeddable":true,"href":"https:\/\/onesolutionsweb.com\/es\/wp-json\/wp\/v2\/pages\/10333"}],"wp:attachment":[{"href":"https:\/\/onesolutionsweb.com\/es\/wp-json\/wp\/v2\/media?parent=9694"}],"curies":[{"name":"wp","href":"https:\/\/api.w.org\/{rel}","templated":true}]}}