{"id":9681,"date":"2021-12-09T14:08:43","date_gmt":"2021-12-09T14:08:43","guid":{"rendered":"https:\/\/onesolutionsweb.com\/interface-design-ui-usability-design-ux\/"},"modified":"2022-07-02T16:54:48","modified_gmt":"2022-07-02T16:54:48","slug":"interface-design-ui-usability-design-ux","status":"publish","type":"page","link":"https:\/\/onesolutionsweb.com\/es\/software-company-outsourcing-services\/interface-design-ui-usability-design-ux\/","title":{"rendered":"Dise\u00f1o de interfaz (UI, Interface Design) y dise\u00f1o de usabilidad (UX, Usability Design)"},"content":{"rendered":"<div class=\"wpb-content-wrapper\"><p>[vc_row bottom_padding=\u00bb30px\u00bb][vc_column width=\u00bb1\/6&#8243;][\/vc_column][vc_column width=\u00bb2\/3&#8243;][vc_single_image image=\u00bb9443&#8243; img_size=\u00bblarge\u00bb alignment=\u00bbcenter\u00bb][\/vc_column][vc_column width=\u00bb1\/6&#8243;][\/vc_column][\/vc_row][vc_row][vc_column width=\u00bb1\/6&#8243;][\/vc_column][vc_column width=\u00bb2\/3&#8243;][vc_column_text]Dise\u00f1o de experiencia del usuario (UX ), se trata de crear y optimizar la experiencia del usuario, proporcion\u00e1ndole una experiencia sencilla, eficiente, relevante y agradable al interactuar con nuestros productos digitales. El dise\u00f1o de UX implica la investigaci\u00f3n y la comprensi\u00f3n de los productos y servicios del cliente<br \/>\nEl dise\u00f1o de la interfaz de usuario (IU) es el proceso de dise\u00f1o de interfaces de usuario en software o dispositivos electr\u00f3nicos, con un enfoque en la est\u00e9tica o el estilo.<\/p>\n<p>La importancia del dise\u00f1o UI\/UX no debe ser ignorada; determina c\u00f3mo el resto del mundo percibe su marca. Te aseguramos un dise\u00f1o atractivo y f\u00e1cil de usar que te har\u00e1 destacar.<\/p>\n<p>Puede contar con nuestro equipo de dise\u00f1o web. Crear\u00e1n un producto atractivo que funcionar\u00e1 en todas las plataformas: web y m\u00f3vil, y se adaptar\u00e1 a sus necesidades espec\u00edficas.<\/p>\n<p>Por favor, p\u00f3ngase en contacto con nosotros si desea echar un ver algunos de nuestros dise\u00f1os.[\/vc_column_text][\/vc_column][vc_column width=\u00bb1\/6&#8243;][\/vc_column][\/vc_row][vc_row top_padding=\u00bb15px\u00bb bottom_padding=\u00bb15px\u00bb align=\u00bbpulse_center_align\u00bb][vc_column width=\u00bb1\/6&#8243;][\/vc_column][vc_column width=\u00bb2\/3&#8243;]<div class=\"colored_theme_button prk_medium pls_shortcoded\"><a href=\"https:\/\/onesolutionsweb.com\/es\/#contact\" target=\"_self\" class=\"pulse_anchor\">Cont\u00e1ctanos<\/a><\/div>[\/vc_column][vc_column width=\u00bb1\/6&#8243;][\/vc_column][\/vc_row]<\/p>\n<\/div>","protected":false},"excerpt":{"rendered":"<p>[vc_row bottom_padding=\u00bb30px\u00bb][vc_column width=\u00bb1\/6&#8243;][\/vc_column][vc_column width=\u00bb2\/3&#8243;][vc_single_image image=\u00bb9443&#8243; img_size=\u00bblarge\u00bb alignment=\u00bbcenter\u00bb][\/vc_column][vc_column width=\u00bb1\/6&#8243;][\/vc_column][\/vc_row][vc_row][vc_column width=\u00bb1\/6&#8243;][\/vc_column][vc_column width=\u00bb2\/3&#8243;][vc_column_text]Dise\u00f1o de experiencia del usuario (UX ), se trata de crear y optimizar la experiencia del usuario, proporcion\u00e1ndole una experiencia sencilla, eficiente, relevante y agradable al interactuar con nuestros productos digitales. El dise\u00f1o de UX implica la investigaci\u00f3n y la comprensi\u00f3n de los productos y servicios [&hellip;]<\/p>\n","protected":false},"author":1,"featured_media":0,"parent":10333,"menu_order":2,"comment_status":"closed","ping_status":"closed","template":"","meta":{"content-type":"","inline_featured_image":false,"footnotes":""},"class_list":["post-9681","page","type-page","status-publish","hentry"],"acf":[],"yoast_head":"<!-- This site is optimized with the Yoast SEO Premium plugin v23.8 (Yoast SEO v26.0) - https:\/\/yoast.com\/wordpress\/plugins\/seo\/ -->\n<title>Dise\u00f1o de interfaz (UI, Interface Design) y dise\u00f1o de usabilidad (UX, Usability Design) - One Solutions<\/title>\n<meta name=\"robots\" content=\"index, follow, max-snippet:-1, max-image-preview:large, max-video-preview:-1\" \/>\n<link rel=\"canonical\" href=\"https:\/\/onesolutionsweb.com\/es\/software-company-outsourcing-services\/interface-design-ui-usability-design-ux\/\" \/>\n<meta property=\"og:locale\" content=\"es_ES\" \/>\n<meta property=\"og:type\" content=\"article\" \/>\n<meta property=\"og:title\" content=\"Dise\u00f1o de interfaz (UI, Interface Design) y dise\u00f1o de usabilidad (UX, Usability Design)\" \/>\n<meta property=\"og:description\" content=\"Dise\u00f1o de experiencia del usuario (UX ), se trata de crear y optimizar la experiencia del usuario, proporcion\u00e1ndole una experiencia sencilla, eficiente,\" \/>\n<meta property=\"og:url\" content=\"https:\/\/onesolutionsweb.com\/es\/software-company-outsourcing-services\/interface-design-ui-usability-design-ux\/\" \/>\n<meta property=\"og:site_name\" content=\"One Solutions\" \/>\n<meta property=\"article:publisher\" content=\"https:\/\/www.facebook.com\/onesolutionsweb\" \/>\n<meta property=\"article:modified_time\" content=\"2022-07-02T16:54:48+00:00\" \/>\n<meta name=\"twitter:card\" content=\"summary_large_image\" \/>\n<meta name=\"twitter:site\" content=\"@OneSolutionsWeb\" \/>\n<meta name=\"twitter:label1\" content=\"Tiempo de lectura\" \/>\n\t<meta name=\"twitter:data1\" content=\"1 minuto\" \/>\n<script type=\"application\/ld+json\" class=\"yoast-schema-graph\">{\"@context\":\"https:\/\/schema.org\",\"@graph\":[{\"@type\":\"WebPage\",\"@id\":\"https:\/\/onesolutionsweb.com\/es\/software-company-outsourcing-services\/interface-design-ui-usability-design-ux\/\",\"url\":\"https:\/\/onesolutionsweb.com\/es\/software-company-outsourcing-services\/interface-design-ui-usability-design-ux\/\",\"name\":\"Dise\u00f1o de interfaz (UI, Interface Design) y dise\u00f1o de usabilidad (UX, Usability Design) - One Solutions\",\"isPartOf\":{\"@id\":\"https:\/\/onesolutionsweb.com\/#website\"},\"datePublished\":\"2021-12-09T14:08:43+00:00\",\"dateModified\":\"2022-07-02T16:54:48+00:00\",\"breadcrumb\":{\"@id\":\"https:\/\/onesolutionsweb.com\/es\/software-company-outsourcing-services\/interface-design-ui-usability-design-ux\/#breadcrumb\"},\"inLanguage\":\"es\",\"potentialAction\":[{\"@type\":\"ReadAction\",\"target\":[\"https:\/\/onesolutionsweb.com\/es\/software-company-outsourcing-services\/interface-design-ui-usability-design-ux\/\"]}]},{\"@type\":\"BreadcrumbList\",\"@id\":\"https:\/\/onesolutionsweb.com\/es\/software-company-outsourcing-services\/interface-design-ui-usability-design-ux\/#breadcrumb\",\"itemListElement\":[{\"@type\":\"ListItem\",\"position\":1,\"name\":\"Portada\",\"item\":\"https:\/\/onesolutionsweb.com\/es\/\"},{\"@type\":\"ListItem\",\"position\":2,\"name\":\"Software Company Outsourcing Services\",\"item\":\"https:\/\/onesolutionsweb.com\/es\/software-company-outsourcing-services\/\"},{\"@type\":\"ListItem\",\"position\":3,\"name\":\"Dise\u00f1o de interfaz (UI, Interface Design) y dise\u00f1o de usabilidad (UX, Usability Design)\"}]},{\"@type\":\"WebSite\",\"@id\":\"https:\/\/onesolutionsweb.com\/#website\",\"url\":\"https:\/\/onesolutionsweb.com\/\",\"name\":\"One Solutions\",\"description\":\"Software Solutions\",\"publisher\":{\"@id\":\"https:\/\/onesolutionsweb.com\/#organization\"},\"potentialAction\":[{\"@type\":\"SearchAction\",\"target\":{\"@type\":\"EntryPoint\",\"urlTemplate\":\"https:\/\/onesolutionsweb.com\/?s={search_term_string}\"},\"query-input\":{\"@type\":\"PropertyValueSpecification\",\"valueRequired\":true,\"valueName\":\"search_term_string\"}}],\"inLanguage\":\"es\"},{\"@type\":\"Organization\",\"@id\":\"https:\/\/onesolutionsweb.com\/#organization\",\"name\":\"One Solutions\",\"url\":\"https:\/\/onesolutionsweb.com\/\",\"logo\":{\"@type\":\"ImageObject\",\"inLanguage\":\"es\",\"@id\":\"https:\/\/onesolutionsweb.com\/#\/schema\/logo\/image\/\",\"url\":\"https:\/\/secureservercdn.net\/104.238.71.33\/91x.30f.myftpupload.com\/wp-content\/uploads\/2021\/05\/logoblackico.png?time=1656722807\",\"contentUrl\":\"https:\/\/secureservercdn.net\/104.238.71.33\/91x.30f.myftpupload.com\/wp-content\/uploads\/2021\/05\/logoblackico.png?time=1656722807\",\"width\":494,\"height\":494,\"caption\":\"One Solutions\"},\"image\":{\"@id\":\"https:\/\/onesolutionsweb.com\/#\/schema\/logo\/image\/\"},\"sameAs\":[\"https:\/\/www.facebook.com\/onesolutionsweb\",\"https:\/\/x.com\/OneSolutionsWeb\",\"https:\/\/www.linkedin.com\/company\/onesolutionsweb\",\"https:\/\/www.instagram.com\/onesolutionsweb\/\"]}]}<\/script>\n<!-- \/ Yoast SEO Premium plugin. -->","yoast_head_json":{"title":"Dise\u00f1o de interfaz (UI, Interface Design) y dise\u00f1o de usabilidad (UX, Usability Design) - One Solutions","robots":{"index":"index","follow":"follow","max-snippet":"max-snippet:-1","max-image-preview":"max-image-preview:large","max-video-preview":"max-video-preview:-1"},"canonical":"https:\/\/onesolutionsweb.com\/es\/software-company-outsourcing-services\/interface-design-ui-usability-design-ux\/","og_locale":"es_ES","og_type":"article","og_title":"Dise\u00f1o de interfaz (UI, Interface Design) y dise\u00f1o de usabilidad (UX, Usability Design)","og_description":"Dise\u00f1o de experiencia del usuario (UX ), se trata de crear y optimizar la experiencia del usuario, proporcion\u00e1ndole una experiencia sencilla, eficiente,","og_url":"https:\/\/onesolutionsweb.com\/es\/software-company-outsourcing-services\/interface-design-ui-usability-design-ux\/","og_site_name":"One Solutions","article_publisher":"https:\/\/www.facebook.com\/onesolutionsweb","article_modified_time":"2022-07-02T16:54:48+00:00","twitter_card":"summary_large_image","twitter_site":"@OneSolutionsWeb","twitter_misc":{"Tiempo de lectura":"1 minuto"},"schema":{"@context":"https:\/\/schema.org","@graph":[{"@type":"WebPage","@id":"https:\/\/onesolutionsweb.com\/es\/software-company-outsourcing-services\/interface-design-ui-usability-design-ux\/","url":"https:\/\/onesolutionsweb.com\/es\/software-company-outsourcing-services\/interface-design-ui-usability-design-ux\/","name":"Dise\u00f1o de interfaz (UI, Interface Design) y dise\u00f1o de usabilidad (UX, Usability Design) - One Solutions","isPartOf":{"@id":"https:\/\/onesolutionsweb.com\/#website"},"datePublished":"2021-12-09T14:08:43+00:00","dateModified":"2022-07-02T16:54:48+00:00","breadcrumb":{"@id":"https:\/\/onesolutionsweb.com\/es\/software-company-outsourcing-services\/interface-design-ui-usability-design-ux\/#breadcrumb"},"inLanguage":"es","potentialAction":[{"@type":"ReadAction","target":["https:\/\/onesolutionsweb.com\/es\/software-company-outsourcing-services\/interface-design-ui-usability-design-ux\/"]}]},{"@type":"BreadcrumbList","@id":"https:\/\/onesolutionsweb.com\/es\/software-company-outsourcing-services\/interface-design-ui-usability-design-ux\/#breadcrumb","itemListElement":[{"@type":"ListItem","position":1,"name":"Portada","item":"https:\/\/onesolutionsweb.com\/es\/"},{"@type":"ListItem","position":2,"name":"Software Company Outsourcing Services","item":"https:\/\/onesolutionsweb.com\/es\/software-company-outsourcing-services\/"},{"@type":"ListItem","position":3,"name":"Dise\u00f1o de interfaz (UI, Interface Design) y dise\u00f1o de usabilidad (UX, Usability Design)"}]},{"@type":"WebSite","@id":"https:\/\/onesolutionsweb.com\/#website","url":"https:\/\/onesolutionsweb.com\/","name":"One Solutions","description":"Software Solutions","publisher":{"@id":"https:\/\/onesolutionsweb.com\/#organization"},"potentialAction":[{"@type":"SearchAction","target":{"@type":"EntryPoint","urlTemplate":"https:\/\/onesolutionsweb.com\/?s={search_term_string}"},"query-input":{"@type":"PropertyValueSpecification","valueRequired":true,"valueName":"search_term_string"}}],"inLanguage":"es"},{"@type":"Organization","@id":"https:\/\/onesolutionsweb.com\/#organization","name":"One Solutions","url":"https:\/\/onesolutionsweb.com\/","logo":{"@type":"ImageObject","inLanguage":"es","@id":"https:\/\/onesolutionsweb.com\/#\/schema\/logo\/image\/","url":"https:\/\/secureservercdn.net\/104.238.71.33\/91x.30f.myftpupload.com\/wp-content\/uploads\/2021\/05\/logoblackico.png?time=1656722807","contentUrl":"https:\/\/secureservercdn.net\/104.238.71.33\/91x.30f.myftpupload.com\/wp-content\/uploads\/2021\/05\/logoblackico.png?time=1656722807","width":494,"height":494,"caption":"One Solutions"},"image":{"@id":"https:\/\/onesolutionsweb.com\/#\/schema\/logo\/image\/"},"sameAs":["https:\/\/www.facebook.com\/onesolutionsweb","https:\/\/x.com\/OneSolutionsWeb","https:\/\/www.linkedin.com\/company\/onesolutionsweb","https:\/\/www.instagram.com\/onesolutionsweb\/"]}]}},"_links":{"self":[{"href":"https:\/\/onesolutionsweb.com\/es\/wp-json\/wp\/v2\/pages\/9681","targetHints":{"allow":["GET"]}}],"collection":[{"href":"https:\/\/onesolutionsweb.com\/es\/wp-json\/wp\/v2\/pages"}],"about":[{"href":"https:\/\/onesolutionsweb.com\/es\/wp-json\/wp\/v2\/types\/page"}],"author":[{"embeddable":true,"href":"https:\/\/onesolutionsweb.com\/es\/wp-json\/wp\/v2\/users\/1"}],"replies":[{"embeddable":true,"href":"https:\/\/onesolutionsweb.com\/es\/wp-json\/wp\/v2\/comments?post=9681"}],"version-history":[{"count":5,"href":"https:\/\/onesolutionsweb.com\/es\/wp-json\/wp\/v2\/pages\/9681\/revisions"}],"predecessor-version":[{"id":9691,"href":"https:\/\/onesolutionsweb.com\/es\/wp-json\/wp\/v2\/pages\/9681\/revisions\/9691"}],"up":[{"embeddable":true,"href":"https:\/\/onesolutionsweb.com\/es\/wp-json\/wp\/v2\/pages\/10333"}],"wp:attachment":[{"href":"https:\/\/onesolutionsweb.com\/es\/wp-json\/wp\/v2\/media?parent=9681"}],"curies":[{"name":"wp","href":"https:\/\/api.w.org\/{rel}","templated":true}]}}