{"id":9587,"date":"2021-12-10T22:06:09","date_gmt":"2021-12-10T22:06:09","guid":{"rendered":"https:\/\/onesolutionsweb.com\/?page_id=9587"},"modified":"2022-07-02T16:52:42","modified_gmt":"2022-07-02T16:52:42","slug":"software-development","status":"publish","type":"page","link":"https:\/\/onesolutionsweb.com\/es\/software-company-outsourcing-services\/software-development\/","title":{"rendered":"Desarrollo de Software"},"content":{"rendered":"<div class=\"wpb-content-wrapper\"><p>[vc_row bottom_padding=\u00bb30px\u00bb][vc_column width=\u00bb1\/6&#8243;][\/vc_column][vc_column width=\u00bb2\/3&#8243;][vc_single_image image=\u00bb9588&#8243; img_size=\u00bblarge\u00bb alignment=\u00bbcenter\u00bb][\/vc_column][vc_column width=\u00bb1\/6&#8243;][\/vc_column][\/vc_row][vc_row][vc_column width=\u00bb1\/6&#8243;][\/vc_column][vc_column width=\u00bb2\/3&#8243;][vc_column_text]Proporcionamos servicios de desarrollo de software de extremo a extremo, creando, dise\u00f1ando, implementando y brindando el soporte necesario del desarrollo de software a medida de acuerdo a las necesidades comerciales de nuestros clientes.<\/p>\n<p>Nuestras soluciones de software son confiables y utilizan tecnolog\u00edas modernas y lenguajes de programaci\u00f3n como HTML, CSS, Javascript, Python, ES6, Wordpress, C# y otros. Con m\u00e1s de 10 a\u00f1os de experiencia en proyectos de desarrollo de software, puede contar con un equipo de expertos para ayudarle a potenciar su proyecto con tecnolog\u00edas de vanguardia.<\/p>\n<p>Para entregar un producto de alta calidad, tomamos en consideraci\u00f3n las etapas del Ciclo de Vida del Desarrollo de Software (SDLC) para cubrir el Ciclo de Vida completo de un software.[\/vc_column_text][vc_single_image image=\u00bb9673&#8243; img_size=\u00bbfull\u00bb alignment=\u00bbcenter\u00bb][vc_column_text]<\/p>\n<h3><span style=\"font-weight: 400;\">METODOLOG\u00cdA DE DESARROLLO DE SOFTWARE<\/span><\/h3>\n<p><span style=\"font-weight: 400;\">Abordamos nuestros desarrollos siguiendo la metodolog\u00eda Agile para los proyectos de desarrollo de software de externalizaci\u00f3n (outsourcing) que realizamos, trabajando estrechamente con los clientes para comprender sus objetivos y proporcionar soluciones oportunas.<\/span><\/p>\n<ul>\n<li style=\"font-weight: 400;\" aria-level=\"1\"><span style=\"font-weight: 400;\">Centrado en las personas<\/span><\/li>\n<li style=\"font-weight: 400;\" aria-level=\"1\"><span style=\"font-weight: 400;\">Centrado en los resultados\u00a0<\/span><\/li>\n<li style=\"font-weight: 400;\" aria-level=\"1\"><span style=\"font-weight: 400;\">Planificaci\u00f3n adaptativa<\/span><\/li>\n<li style=\"font-weight: 400;\" aria-level=\"1\"><span style=\"font-weight: 400;\">Auto-organizaci\u00f3n y\u00a0<\/span><\/li>\n<li style=\"font-weight: 400;\" aria-level=\"1\"><span style=\"font-weight: 400;\">Plazos de entrega cortos<\/span><\/li>\n<\/ul>\n<p><span style=\"font-weight: 400;\">El principal marco referencial que usamos es <\/span><b>Scrum<\/b><span style=\"font-weight: 400;\">, sistema pr\u00e1ctico.<\/span>[\/vc_column_text][vc_single_image image=\u00bb9675&#8243; img_size=\u00bbfull\u00bb alignment=\u00bbcenter\u00bb][vc_column_text]<\/p>\n<h3><\/h3>\n<h3><span style=\"font-weight: 400;\">MANTENIMIENTO Y SOPORTE CONTINUO<\/span><\/h3>\n<p><span style=\"font-weight: 400;\">Una parte clave del proceso de desarrollo de software que ofrecemos, es dar a nuestros clientes el apoyo necesario, una vez que el producto est\u00e1 terminado. Nuestros clientes pueden contar con un mantenimiento y soporte continuo seg\u00fan sea necesario.<\/span><\/p>\n<p>&nbsp;<\/p>\n<h3><span style=\"font-weight: 400;\">RUBROS A LOS QUE SERVIMOS<\/span><\/h3>\n<p><span style=\"font-weight: 400;\">Ofrecemos servicios de desarrollo de software a una variedad de rubros, as\u00ed como a peque\u00f1as, medianas y grandes empresas con productos como:<\/span>[\/vc_column_text][vc_row_inner][vc_column_inner width=\u00bb1\/3&#8243;][vc_single_image image=\u00bb9602&#8243; img_size=\u00bb248&#215;186&#8243; alignment=\u00bbcenter\u00bb][vc_column_text]<\/p>\n<p style=\"text-align: center;\"><span style=\"font-weight: 400;\">Sistemas de gesti\u00f3n minorista y plataformas de comercio electr\u00f3nico<\/span><\/p>\n<p>[\/vc_column_text][\/vc_column_inner][vc_column_inner width=\u00bb1\/3&#8243;][vc_single_image image=\u00bb9596&#8243; img_size=\u00bb248&#215;186&#8243; alignment=\u00bbcenter\u00bb][vc_column_text]<\/p>\n<p style=\"text-align: center;\">Plataformas educativas<\/p>\n<p>[\/vc_column_text][\/vc_column_inner][vc_column_inner width=\u00bb1\/3&#8243;][vc_single_image image=\u00bb9594&#8243; img_size=\u00bb248&#215;186&#8243; alignment=\u00bbcenter\u00bb][vc_column_text]<\/p>\n<p style=\"text-align: center;\">Plataformas integrales de gesti\u00f3n de restaurantes<\/p>\n<p>[\/vc_column_text][\/vc_column_inner][\/vc_row_inner][vc_row_inner][vc_column_inner width=\u00bb1\/3&#8243;][vc_single_image image=\u00bb9592&#8243; img_size=\u00bb248&#215;186&#8243; alignment=\u00bbcenter\u00bb][vc_column_text]<\/p>\n<p style=\"text-align: center;\">Entretenimiento Desarrollo de aplicaciones y m\u00f3viles<\/p>\n<p>[\/vc_column_text][\/vc_column_inner][vc_column_inner width=\u00bb1\/3&#8243;][vc_single_image image=\u00bb9600&#8243; img_size=\u00bb248&#215;186&#8243; alignment=\u00bbcenter\u00bb][vc_column_text]<\/p>\n<p style=\"text-align: center;\"><span style=\"font-weight: 400;\">Procesos de gesti\u00f3n y log\u00edstica para la industria<\/span><\/p>\n<p>[\/vc_column_text][\/vc_column_inner][vc_column_inner width=\u00bb1\/3&#8243;][vc_single_image image=\u00bb9598&#8243; img_size=\u00bb248&#215;186&#8243; alignment=\u00bbcenter\u00bb][vc_column_text]<\/p>\n<p style=\"text-align: center;\">Software de telesalud<\/p>\n<p>[\/vc_column_text][\/vc_column_inner][\/vc_row_inner][vc_column_text]Su empresa puede marcar la diferencia con otras marcas con un software moderno y confiable que le dar\u00e1 una ventaja competitiva, mejorar la gesti\u00f3n de su espacio de trabajo, seguir el progreso de las operaciones, y m\u00e1s.<\/p>\n<p>Nuestros asesores est\u00e1n prestos a atender sus consultas.[\/vc_column_text][\/vc_column][vc_column width=\u00bb1\/6&#8243;][\/vc_column][\/vc_row][vc_row top_padding=\u00bb15px\u00bb bottom_padding=\u00bb15px\u00bb][vc_column width=\u00bb1\/6&#8243;][\/vc_column][vc_column width=\u00bb2\/3&#8243;]<div class=\"colored_theme_button prk_medium pls_shortcoded\"><a href=\"https:\/\/onesolutionsweb.com\/es\/#contact\" target=\"_self\" class=\"pulse_anchor\">Cont\u00e1ctanos<\/a><\/div>[\/vc_column][vc_column width=\u00bb1\/6&#8243;][\/vc_column][\/vc_row]<\/p>\n<\/div>","protected":false},"excerpt":{"rendered":"<p>[vc_row bottom_padding=\u00bb30px\u00bb][vc_column width=\u00bb1\/6&#8243;][\/vc_column][vc_column width=\u00bb2\/3&#8243;][vc_single_image image=\u00bb9588&#8243; img_size=\u00bblarge\u00bb alignment=\u00bbcenter\u00bb][\/vc_column][vc_column width=\u00bb1\/6&#8243;][\/vc_column][\/vc_row][vc_row][vc_column width=\u00bb1\/6&#8243;][\/vc_column][vc_column width=\u00bb2\/3&#8243;][vc_column_text]Proporcionamos servicios de desarrollo de software de extremo a extremo, creando, dise\u00f1ando, implementando y brindando el soporte necesario del desarrollo de software a medida de acuerdo a las necesidades comerciales de nuestros clientes. Nuestras soluciones de software son confiables y utilizan tecnolog\u00edas modernas y lenguajes de [&hellip;]<\/p>\n","protected":false},"author":1,"featured_media":0,"parent":10333,"menu_order":0,"comment_status":"closed","ping_status":"closed","template":"","meta":{"content-type":"","inline_featured_image":false,"footnotes":""},"class_list":["post-9587","page","type-page","status-publish","hentry"],"acf":[],"yoast_head":"<!-- This site is optimized with the Yoast SEO Premium plugin v23.8 (Yoast SEO v26.0) - https:\/\/yoast.com\/wordpress\/plugins\/seo\/ -->\n<title>Desarrollo de Software - One Solutions<\/title>\n<meta name=\"robots\" content=\"index, follow, max-snippet:-1, max-image-preview:large, max-video-preview:-1\" \/>\n<link rel=\"canonical\" href=\"https:\/\/onesolutionsweb.com\/es\/software-company-outsourcing-services\/software-development\/\" \/>\n<meta property=\"og:locale\" content=\"es_ES\" \/>\n<meta property=\"og:type\" content=\"article\" \/>\n<meta property=\"og:title\" content=\"Desarrollo de Software\" \/>\n<meta property=\"og:description\" content=\"Proporcionamos servicios de desarrollo de software de extremo a extremo, creando, dise\u00f1ando, implementando y brindando el soporte necesario del desarrollo\" \/>\n<meta property=\"og:url\" content=\"https:\/\/onesolutionsweb.com\/es\/software-company-outsourcing-services\/software-development\/\" \/>\n<meta property=\"og:site_name\" content=\"One Solutions\" \/>\n<meta property=\"article:publisher\" content=\"https:\/\/www.facebook.com\/onesolutionsweb\" \/>\n<meta property=\"article:modified_time\" content=\"2022-07-02T16:52:42+00:00\" \/>\n<meta name=\"twitter:card\" content=\"summary_large_image\" \/>\n<meta name=\"twitter:site\" content=\"@OneSolutionsWeb\" \/>\n<meta name=\"twitter:label1\" content=\"Tiempo de lectura\" \/>\n\t<meta name=\"twitter:data1\" content=\"2 minutos\" \/>\n<script type=\"application\/ld+json\" class=\"yoast-schema-graph\">{\"@context\":\"https:\/\/schema.org\",\"@graph\":[{\"@type\":\"WebPage\",\"@id\":\"https:\/\/onesolutionsweb.com\/es\/software-company-outsourcing-services\/software-development\/\",\"url\":\"https:\/\/onesolutionsweb.com\/es\/software-company-outsourcing-services\/software-development\/\",\"name\":\"Desarrollo de Software - One Solutions\",\"isPartOf\":{\"@id\":\"https:\/\/onesolutionsweb.com\/#website\"},\"datePublished\":\"2021-12-10T22:06:09+00:00\",\"dateModified\":\"2022-07-02T16:52:42+00:00\",\"breadcrumb\":{\"@id\":\"https:\/\/onesolutionsweb.com\/es\/software-company-outsourcing-services\/software-development\/#breadcrumb\"},\"inLanguage\":\"es\",\"potentialAction\":[{\"@type\":\"ReadAction\",\"target\":[\"https:\/\/onesolutionsweb.com\/es\/software-company-outsourcing-services\/software-development\/\"]}]},{\"@type\":\"BreadcrumbList\",\"@id\":\"https:\/\/onesolutionsweb.com\/es\/software-company-outsourcing-services\/software-development\/#breadcrumb\",\"itemListElement\":[{\"@type\":\"ListItem\",\"position\":1,\"name\":\"Portada\",\"item\":\"https:\/\/onesolutionsweb.com\/es\/\"},{\"@type\":\"ListItem\",\"position\":2,\"name\":\"Software Company Outsourcing Services\",\"item\":\"https:\/\/onesolutionsweb.com\/es\/software-company-outsourcing-services\/\"},{\"@type\":\"ListItem\",\"position\":3,\"name\":\"Desarrollo de Software\"}]},{\"@type\":\"WebSite\",\"@id\":\"https:\/\/onesolutionsweb.com\/#website\",\"url\":\"https:\/\/onesolutionsweb.com\/\",\"name\":\"One Solutions\",\"description\":\"Software Solutions\",\"publisher\":{\"@id\":\"https:\/\/onesolutionsweb.com\/#organization\"},\"potentialAction\":[{\"@type\":\"SearchAction\",\"target\":{\"@type\":\"EntryPoint\",\"urlTemplate\":\"https:\/\/onesolutionsweb.com\/?s={search_term_string}\"},\"query-input\":{\"@type\":\"PropertyValueSpecification\",\"valueRequired\":true,\"valueName\":\"search_term_string\"}}],\"inLanguage\":\"es\"},{\"@type\":\"Organization\",\"@id\":\"https:\/\/onesolutionsweb.com\/#organization\",\"name\":\"One Solutions\",\"url\":\"https:\/\/onesolutionsweb.com\/\",\"logo\":{\"@type\":\"ImageObject\",\"inLanguage\":\"es\",\"@id\":\"https:\/\/onesolutionsweb.com\/#\/schema\/logo\/image\/\",\"url\":\"https:\/\/secureservercdn.net\/104.238.71.33\/91x.30f.myftpupload.com\/wp-content\/uploads\/2021\/05\/logoblackico.png?time=1656722807\",\"contentUrl\":\"https:\/\/secureservercdn.net\/104.238.71.33\/91x.30f.myftpupload.com\/wp-content\/uploads\/2021\/05\/logoblackico.png?time=1656722807\",\"width\":494,\"height\":494,\"caption\":\"One Solutions\"},\"image\":{\"@id\":\"https:\/\/onesolutionsweb.com\/#\/schema\/logo\/image\/\"},\"sameAs\":[\"https:\/\/www.facebook.com\/onesolutionsweb\",\"https:\/\/x.com\/OneSolutionsWeb\",\"https:\/\/www.linkedin.com\/company\/onesolutionsweb\",\"https:\/\/www.instagram.com\/onesolutionsweb\/\"]}]}<\/script>\n<!-- \/ Yoast SEO Premium plugin. -->","yoast_head_json":{"title":"Desarrollo de Software - One Solutions","robots":{"index":"index","follow":"follow","max-snippet":"max-snippet:-1","max-image-preview":"max-image-preview:large","max-video-preview":"max-video-preview:-1"},"canonical":"https:\/\/onesolutionsweb.com\/es\/software-company-outsourcing-services\/software-development\/","og_locale":"es_ES","og_type":"article","og_title":"Desarrollo de Software","og_description":"Proporcionamos servicios de desarrollo de software de extremo a extremo, creando, dise\u00f1ando, implementando y brindando el soporte necesario del desarrollo","og_url":"https:\/\/onesolutionsweb.com\/es\/software-company-outsourcing-services\/software-development\/","og_site_name":"One Solutions","article_publisher":"https:\/\/www.facebook.com\/onesolutionsweb","article_modified_time":"2022-07-02T16:52:42+00:00","twitter_card":"summary_large_image","twitter_site":"@OneSolutionsWeb","twitter_misc":{"Tiempo de lectura":"2 minutos"},"schema":{"@context":"https:\/\/schema.org","@graph":[{"@type":"WebPage","@id":"https:\/\/onesolutionsweb.com\/es\/software-company-outsourcing-services\/software-development\/","url":"https:\/\/onesolutionsweb.com\/es\/software-company-outsourcing-services\/software-development\/","name":"Desarrollo de Software - One Solutions","isPartOf":{"@id":"https:\/\/onesolutionsweb.com\/#website"},"datePublished":"2021-12-10T22:06:09+00:00","dateModified":"2022-07-02T16:52:42+00:00","breadcrumb":{"@id":"https:\/\/onesolutionsweb.com\/es\/software-company-outsourcing-services\/software-development\/#breadcrumb"},"inLanguage":"es","potentialAction":[{"@type":"ReadAction","target":["https:\/\/onesolutionsweb.com\/es\/software-company-outsourcing-services\/software-development\/"]}]},{"@type":"BreadcrumbList","@id":"https:\/\/onesolutionsweb.com\/es\/software-company-outsourcing-services\/software-development\/#breadcrumb","itemListElement":[{"@type":"ListItem","position":1,"name":"Portada","item":"https:\/\/onesolutionsweb.com\/es\/"},{"@type":"ListItem","position":2,"name":"Software Company Outsourcing Services","item":"https:\/\/onesolutionsweb.com\/es\/software-company-outsourcing-services\/"},{"@type":"ListItem","position":3,"name":"Desarrollo de Software"}]},{"@type":"WebSite","@id":"https:\/\/onesolutionsweb.com\/#website","url":"https:\/\/onesolutionsweb.com\/","name":"One Solutions","description":"Software Solutions","publisher":{"@id":"https:\/\/onesolutionsweb.com\/#organization"},"potentialAction":[{"@type":"SearchAction","target":{"@type":"EntryPoint","urlTemplate":"https:\/\/onesolutionsweb.com\/?s={search_term_string}"},"query-input":{"@type":"PropertyValueSpecification","valueRequired":true,"valueName":"search_term_string"}}],"inLanguage":"es"},{"@type":"Organization","@id":"https:\/\/onesolutionsweb.com\/#organization","name":"One Solutions","url":"https:\/\/onesolutionsweb.com\/","logo":{"@type":"ImageObject","inLanguage":"es","@id":"https:\/\/onesolutionsweb.com\/#\/schema\/logo\/image\/","url":"https:\/\/secureservercdn.net\/104.238.71.33\/91x.30f.myftpupload.com\/wp-content\/uploads\/2021\/05\/logoblackico.png?time=1656722807","contentUrl":"https:\/\/secureservercdn.net\/104.238.71.33\/91x.30f.myftpupload.com\/wp-content\/uploads\/2021\/05\/logoblackico.png?time=1656722807","width":494,"height":494,"caption":"One Solutions"},"image":{"@id":"https:\/\/onesolutionsweb.com\/#\/schema\/logo\/image\/"},"sameAs":["https:\/\/www.facebook.com\/onesolutionsweb","https:\/\/x.com\/OneSolutionsWeb","https:\/\/www.linkedin.com\/company\/onesolutionsweb","https:\/\/www.instagram.com\/onesolutionsweb\/"]}]}},"_links":{"self":[{"href":"https:\/\/onesolutionsweb.com\/es\/wp-json\/wp\/v2\/pages\/9587","targetHints":{"allow":["GET"]}}],"collection":[{"href":"https:\/\/onesolutionsweb.com\/es\/wp-json\/wp\/v2\/pages"}],"about":[{"href":"https:\/\/onesolutionsweb.com\/es\/wp-json\/wp\/v2\/types\/page"}],"author":[{"embeddable":true,"href":"https:\/\/onesolutionsweb.com\/es\/wp-json\/wp\/v2\/users\/1"}],"replies":[{"embeddable":true,"href":"https:\/\/onesolutionsweb.com\/es\/wp-json\/wp\/v2\/comments?post=9587"}],"version-history":[{"count":20,"href":"https:\/\/onesolutionsweb.com\/es\/wp-json\/wp\/v2\/pages\/9587\/revisions"}],"predecessor-version":[{"id":9718,"href":"https:\/\/onesolutionsweb.com\/es\/wp-json\/wp\/v2\/pages\/9587\/revisions\/9718"}],"up":[{"embeddable":true,"href":"https:\/\/onesolutionsweb.com\/es\/wp-json\/wp\/v2\/pages\/10333"}],"wp:attachment":[{"href":"https:\/\/onesolutionsweb.com\/es\/wp-json\/wp\/v2\/media?parent=9587"}],"curies":[{"name":"wp","href":"https:\/\/api.w.org\/{rel}","templated":true}]}}