{"id":10259,"date":"2022-04-12T02:16:33","date_gmt":"2022-04-12T02:16:33","guid":{"rendered":"https:\/\/onesolutionsweb.com\/technologies\/laravel-development-service\/"},"modified":"2022-04-12T04:13:14","modified_gmt":"2022-04-12T04:13:14","slug":"laravel-development-service","status":"publish","type":"page","link":"https:\/\/onesolutionsweb.com\/es\/software-company-consulting-outsourcing-technologies\/laravel-development-service\/","title":{"rendered":"Desarrollo en Laravel"},"content":{"rendered":"<div class=\"wpb-content-wrapper\"><p>[vc_row][vc_column width=\u00bb1\/6&#8243;][\/vc_column][vc_column width=\u00bb2\/3&#8243;][vc_column_text]<img decoding=\"async\" class=\"size-full wp-image-8864 alignright lazyload\" data-src=\"http:\/\/onesolutionsweb.com\/wp-content\/uploads\/2021\/05\/langlogosArtboard-1-1.jpg\" alt=\"\" width=\"250\" height=\"250\" data-srcset=\"https:\/\/onesolutionsweb.com\/wp-content\/uploads\/2021\/05\/langlogosArtboard-1-1.jpg 250w, https:\/\/onesolutionsweb.com\/wp-content\/uploads\/2021\/05\/langlogosArtboard-1-1-150x150.jpg 150w\" data-sizes=\"(max-width: 250px) 100vw, 250px\" src=\"data:image\/gif;base64,R0lGODlhAQABAAAAACH5BAEKAAEALAAAAAABAAEAAAICTAEAOw==\" style=\"--smush-placeholder-width: 250px; --smush-placeholder-aspect-ratio: 250\/250;\" \/><noscript><img decoding=\"async\" class=\"size-full wp-image-8864 alignright\" src=\"http:\/\/onesolutionsweb.com\/wp-content\/uploads\/2021\/05\/langlogosArtboard-1-1.jpg\" alt=\"\" width=\"250\" height=\"250\" srcset=\"https:\/\/onesolutionsweb.com\/wp-content\/uploads\/2021\/05\/langlogosArtboard-1-1.jpg 250w, https:\/\/onesolutionsweb.com\/wp-content\/uploads\/2021\/05\/langlogosArtboard-1-1-150x150.jpg 150w\" sizes=\"(max-width: 250px) 100vw, 250px\" \/><\/noscript><\/p>\n<p><b>\u00bfQu\u00e9 es Laravel?<\/b><\/p>\n<p><span style=\"font-weight: 400;\">Creado por Taylor Otwell Laravel es un framework web gratuito y de c\u00f3digo abierto para crear aplicaciones HPH personalizadas; se ejecuta en PHP. La primera versi\u00f3n beta de Laravel estuvo disponible el 9 de junio de 2011, seguida de la versi\u00f3n Laravel 1 m\u00e1s tarde en el mismo mes.<\/span><\/p>\n<p><span style=\"font-weight: 400;\">Muchos desarrolladores consideran que Laravel es uno de los mejores frameworks web de PHP que permite construir sitios web, aplicaciones web y aplicaciones m\u00f3viles de alta calidad.<\/span>[\/vc_column_text][vc_column_text]<b>Servicios de desarrollo de Laravel que ofrecemos<\/b><\/p>\n<p><span style=\"font-weight: 400;\">Utilizando el marco adaptable, nuestro equipo de expertos desarrolladores de Laravel proporciona asistencia completa para la integraci\u00f3n, modificaci\u00f3n e implementaci\u00f3n. Podemos proporcionar servicios para una amplia gama de industrias: comercio electr\u00f3nico, alimentos, moda, entretenimiento, cuidado de la salud, educaci\u00f3n, bienes ra\u00edces, y m\u00e1s.<\/span><\/p>\n<p><span style=\"font-weight: 400;\">Usted puede anticipar una soluci\u00f3n de desarrollo de Laravel competente y extremadamente innovadora de nuestros profesionales de desarrollo web de Laravel con servicios tales como:<\/span>[\/vc_column_text][vc_row_inner][vc_column_inner width=\u00bb1\/6&#8243;][vc_single_image image=\u00bb10241&#8243; img_size=\u00bb50&#215;50&#8243;][\/vc_column_inner][vc_column_inner width=\u00bb5\/6&#8243;][vc_column_text]<b>Aplicaciones web:<\/b><span style=\"font-weight: 400;\"> Una aplicaci\u00f3n web (Web app) es un software que se almacena en un servidor distante y se distribuye a trav\u00e9s de Internet mediante una interfaz de navegador.<\/span>[\/vc_column_text][\/vc_column_inner][\/vc_row_inner][vc_row_inner][vc_column_inner width=\u00bb1\/6&#8243;][vc_single_image image=\u00bb10245&#8243; img_size=\u00bb50&#215;50&#8243;][\/vc_column_inner][vc_column_inner width=\u00bb5\/6&#8243;][vc_column_text]<b>Sitios web:<\/b><span style=\"font-weight: 400;\"> Un sitio web es una colecci\u00f3n de materiales conectados que incluye texto, fotograf\u00edas, v\u00eddeo, audio y otros medios con el objetivo de comunicar toda la informaci\u00f3n sobre su empresa o emprendimiento al resto del mundo.<\/span>[\/vc_column_text][\/vc_column_inner][\/vc_row_inner][vc_row_inner][vc_column_inner width=\u00bb1\/6&#8243;][vc_single_image image=\u00bb10233&#8243; img_size=\u00bb50&#215;50&#8243;][\/vc_column_inner][vc_column_inner width=\u00bb5\/6&#8243;][vc_column_text]<b>Desarrollo de APIs Restful<\/b><span style=\"font-weight: 400;\">: Las siglas REST significan Representational State Transfer y API significa Application Programming Interface. REST no es m\u00e1s que una serie de pautas y estilos arquitect\u00f3nicos utilizados para la transmisi\u00f3n de datos, m\u00e9todos API de conexi\u00f3n con otras bibliotecas o aplicaciones<\/span>[\/vc_column_text][\/vc_column_inner][\/vc_row_inner][vc_row_inner][vc_column_inner width=\u00bb1\/6&#8243;][\/vc_column_inner][vc_column_inner width=\u00bb5\/6&#8243;][vc_column_text]<b>Comercio electr\u00f3nico<\/b><span style=\"font-weight: 400;\">: El comercio electr\u00f3nico, o ecommerce, se refiere a las transacciones en l\u00ednea en las que los individuos y las empresas compran y venden bienes y servicios<\/span>[\/vc_column_text][\/vc_column_inner][\/vc_row_inner][vc_row_inner][vc_column_inner width=\u00bb1\/6&#8243;][vc_single_image image=\u00bb10235&#8243; img_size=\u00bb50&#215;50&#8243;][\/vc_column_inner][vc_column_inner width=\u00bb5\/6&#8243;][vc_column_text]<b>Desarrollo de CRM:<\/b><span style=\"font-weight: 400;\"> Gesti\u00f3n de las relaciones con los clientes (CRM- Customer Relationship Management) Las empresas pueden mejorar su productividad al mejorar los ciclos de ventas y las t\u00e1cticas de marketing utilizando soluciones y aplicaciones de software CRM<\/span>[\/vc_column_text][\/vc_column_inner][\/vc_row_inner][vc_row_inner][vc_column_inner width=\u00bb1\/6&#8243;][\/vc_column_inner][vc_column_inner width=\u00bb5\/6&#8243;][vc_column_text]<b>Soluciones de migraci\u00f3n de datos<\/b><span style=\"font-weight: 400;\">: La migraci\u00f3n de datos se conoce como el proceso de cambio de datos de un sistema a otro con el fin de aumentar su capacidad de almacenamiento de datos o su flexibilidad, adoptar una nueva tecnolog\u00eda, etc.<\/span>[\/vc_column_text][\/vc_column_inner][\/vc_row_inner][vc_row_inner][vc_column_inner width=\u00bb1\/6&#8243;][\/vc_column_inner][vc_column_inner width=\u00bb5\/6&#8243;][vc_column_text]<b>SaaS<\/b><span style=\"font-weight: 400;\">: SaaS son las siglas de software como servicio. Se trata de una estrategia de distribuci\u00f3n de software y de concesi\u00f3n de licencias en la que se accede al software en l\u00ednea a trav\u00e9s de una suscripci\u00f3n en lugar de comprarlo e instalarlo en ordenadores individuales.<\/span>[\/vc_column_text][\/vc_column_inner][\/vc_row_inner][vc_row_inner][vc_column_inner width=\u00bb1\/6&#8243;][vc_single_image image=\u00bb10247&#8243; img_size=\u00bb50&#215;50&#8243;][\/vc_column_inner][vc_column_inner width=\u00bb5\/6&#8243;][vc_column_text]<b>Mantenimiento y soporte:<\/b><span style=\"font-weight: 400;\"> Como parte de nuestros servicios de desarrollo de software a medida, ofrecemos soporte y mantenimiento. El soporte de software se describe como el proceso de reparaci\u00f3n de software defectuoso o \u00abbugs\u00bb mediante un desarrollo reactivo. Cualquier operaci\u00f3n relacionada con la optimizaci\u00f3n de un producto de software se denomina mantenimiento de software.<\/span>[\/vc_column_text][\/vc_column_inner][\/vc_row_inner][vc_column_text]<b>Servicios de desarrollo web Laravel<\/b><\/p>\n<p><span style=\"font-weight: 400;\">Nuestros expertos tienen una experiencia considerable y trabajan con una variedad de sectores para crear soluciones s\u00f3lidas, somos una empresa de desarrollo de Laravel de primer nivel.<\/span>[\/vc_column_text]<div class=\"colored_theme_button prk_medium pls_shortcoded\"><a href=\"https:\/\/onesolutionsweb.com\/es\/#contact\" target=\"_self\" class=\"pulse_anchor\">Cont\u00e1ctanos<\/a><\/div>[\/vc_column][vc_column width=\u00bb1\/6&#8243;][\/vc_column][\/vc_row]<\/p>\n<\/div>","protected":false},"excerpt":{"rendered":"<p>[vc_row][vc_column width=\u00bb1\/6&#8243;][\/vc_column][vc_column width=\u00bb2\/3&#8243;][vc_column_text] \u00bfQu\u00e9 es Laravel? Creado por Taylor Otwell Laravel es un framework web gratuito y de c\u00f3digo abierto para crear aplicaciones HPH personalizadas; se ejecuta en PHP. La primera versi\u00f3n beta de Laravel estuvo disponible el 9 de junio de 2011, seguida de la versi\u00f3n Laravel 1 m\u00e1s tarde en el mismo mes. [&hellip;]<\/p>\n","protected":false},"author":1,"featured_media":0,"parent":10110,"menu_order":14,"comment_status":"closed","ping_status":"closed","template":"","meta":{"content-type":"","inline_featured_image":false,"footnotes":""},"class_list":["post-10259","page","type-page","status-publish","hentry"],"acf":[],"yoast_head":"<!-- This site is optimized with the Yoast SEO Premium plugin v23.8 (Yoast SEO v26.0) - https:\/\/yoast.com\/wordpress\/plugins\/seo\/ -->\n<title>Desarrollo en Laravel - One Solutions<\/title>\n<meta name=\"robots\" content=\"index, follow, max-snippet:-1, max-image-preview:large, max-video-preview:-1\" \/>\n<link rel=\"canonical\" href=\"https:\/\/onesolutionsweb.com\/es\/software-company-consulting-outsourcing-technologies\/laravel-development-service\/\" \/>\n<meta property=\"og:locale\" content=\"es_ES\" \/>\n<meta property=\"og:type\" content=\"article\" \/>\n<meta property=\"og:title\" content=\"Desarrollo en Laravel\" \/>\n<meta property=\"og:description\" content=\"\u00bfQu\u00e9 es Laravel? Creado por Taylor Otwell Laravel es un framework web gratuito y de c\u00f3digo abierto para crear aplicaciones HPH personalizadas; se ejecuta\" \/>\n<meta property=\"og:url\" content=\"https:\/\/onesolutionsweb.com\/es\/software-company-consulting-outsourcing-technologies\/laravel-development-service\/\" \/>\n<meta property=\"og:site_name\" content=\"One Solutions\" \/>\n<meta property=\"article:publisher\" content=\"https:\/\/www.facebook.com\/onesolutionsweb\" \/>\n<meta property=\"article:modified_time\" content=\"2022-04-12T04:13:14+00:00\" \/>\n<meta property=\"og:image\" content=\"http:\/\/onesolutionsweb.com\/wp-content\/uploads\/2021\/05\/langlogosArtboard-1-1.jpg\" \/>\n<meta name=\"twitter:card\" content=\"summary_large_image\" \/>\n<meta name=\"twitter:site\" content=\"@OneSolutionsWeb\" \/>\n<meta name=\"twitter:label1\" content=\"Tiempo de lectura\" \/>\n\t<meta name=\"twitter:data1\" content=\"3 minutos\" \/>\n<script type=\"application\/ld+json\" class=\"yoast-schema-graph\">{\"@context\":\"https:\/\/schema.org\",\"@graph\":[{\"@type\":\"WebPage\",\"@id\":\"https:\/\/onesolutionsweb.com\/es\/software-company-consulting-outsourcing-technologies\/laravel-development-service\/\",\"url\":\"https:\/\/onesolutionsweb.com\/es\/software-company-consulting-outsourcing-technologies\/laravel-development-service\/\",\"name\":\"Desarrollo en Laravel - One Solutions\",\"isPartOf\":{\"@id\":\"https:\/\/onesolutionsweb.com\/#website\"},\"primaryImageOfPage\":{\"@id\":\"https:\/\/onesolutionsweb.com\/es\/software-company-consulting-outsourcing-technologies\/laravel-development-service\/#primaryimage\"},\"image\":{\"@id\":\"https:\/\/onesolutionsweb.com\/es\/software-company-consulting-outsourcing-technologies\/laravel-development-service\/#primaryimage\"},\"thumbnailUrl\":\"http:\/\/onesolutionsweb.com\/wp-content\/uploads\/2021\/05\/langlogosArtboard-1-1.jpg\",\"datePublished\":\"2022-04-12T02:16:33+00:00\",\"dateModified\":\"2022-04-12T04:13:14+00:00\",\"breadcrumb\":{\"@id\":\"https:\/\/onesolutionsweb.com\/es\/software-company-consulting-outsourcing-technologies\/laravel-development-service\/#breadcrumb\"},\"inLanguage\":\"es\",\"potentialAction\":[{\"@type\":\"ReadAction\",\"target\":[\"https:\/\/onesolutionsweb.com\/es\/software-company-consulting-outsourcing-technologies\/laravel-development-service\/\"]}]},{\"@type\":\"ImageObject\",\"inLanguage\":\"es\",\"@id\":\"https:\/\/onesolutionsweb.com\/es\/software-company-consulting-outsourcing-technologies\/laravel-development-service\/#primaryimage\",\"url\":\"http:\/\/onesolutionsweb.com\/wp-content\/uploads\/2021\/05\/langlogosArtboard-1-1.jpg\",\"contentUrl\":\"http:\/\/onesolutionsweb.com\/wp-content\/uploads\/2021\/05\/langlogosArtboard-1-1.jpg\"},{\"@type\":\"BreadcrumbList\",\"@id\":\"https:\/\/onesolutionsweb.com\/es\/software-company-consulting-outsourcing-technologies\/laravel-development-service\/#breadcrumb\",\"itemListElement\":[{\"@type\":\"ListItem\",\"position\":1,\"name\":\"Portada\",\"item\":\"https:\/\/onesolutionsweb.com\/es\/\"},{\"@type\":\"ListItem\",\"position\":2,\"name\":\"Tecnolog\u00edas\",\"item\":\"https:\/\/onesolutionsweb.com\/es\/software-company-consulting-outsourcing-technologies\/\"},{\"@type\":\"ListItem\",\"position\":3,\"name\":\"Desarrollo en Laravel\"}]},{\"@type\":\"WebSite\",\"@id\":\"https:\/\/onesolutionsweb.com\/#website\",\"url\":\"https:\/\/onesolutionsweb.com\/\",\"name\":\"One Solutions\",\"description\":\"Software Solutions\",\"publisher\":{\"@id\":\"https:\/\/onesolutionsweb.com\/#organization\"},\"potentialAction\":[{\"@type\":\"SearchAction\",\"target\":{\"@type\":\"EntryPoint\",\"urlTemplate\":\"https:\/\/onesolutionsweb.com\/?s={search_term_string}\"},\"query-input\":{\"@type\":\"PropertyValueSpecification\",\"valueRequired\":true,\"valueName\":\"search_term_string\"}}],\"inLanguage\":\"es\"},{\"@type\":\"Organization\",\"@id\":\"https:\/\/onesolutionsweb.com\/#organization\",\"name\":\"One Solutions\",\"url\":\"https:\/\/onesolutionsweb.com\/\",\"logo\":{\"@type\":\"ImageObject\",\"inLanguage\":\"es\",\"@id\":\"https:\/\/onesolutionsweb.com\/#\/schema\/logo\/image\/\",\"url\":\"https:\/\/secureservercdn.net\/104.238.71.33\/91x.30f.myftpupload.com\/wp-content\/uploads\/2021\/05\/logoblackico.png?time=1656722807\",\"contentUrl\":\"https:\/\/secureservercdn.net\/104.238.71.33\/91x.30f.myftpupload.com\/wp-content\/uploads\/2021\/05\/logoblackico.png?time=1656722807\",\"width\":494,\"height\":494,\"caption\":\"One Solutions\"},\"image\":{\"@id\":\"https:\/\/onesolutionsweb.com\/#\/schema\/logo\/image\/\"},\"sameAs\":[\"https:\/\/www.facebook.com\/onesolutionsweb\",\"https:\/\/x.com\/OneSolutionsWeb\",\"https:\/\/www.linkedin.com\/company\/onesolutionsweb\",\"https:\/\/www.instagram.com\/onesolutionsweb\/\"]}]}<\/script>\n<!-- \/ Yoast SEO Premium plugin. -->","yoast_head_json":{"title":"Desarrollo en Laravel - One Solutions","robots":{"index":"index","follow":"follow","max-snippet":"max-snippet:-1","max-image-preview":"max-image-preview:large","max-video-preview":"max-video-preview:-1"},"canonical":"https:\/\/onesolutionsweb.com\/es\/software-company-consulting-outsourcing-technologies\/laravel-development-service\/","og_locale":"es_ES","og_type":"article","og_title":"Desarrollo en Laravel","og_description":"\u00bfQu\u00e9 es Laravel? Creado por Taylor Otwell Laravel es un framework web gratuito y de c\u00f3digo abierto para crear aplicaciones HPH personalizadas; se ejecuta","og_url":"https:\/\/onesolutionsweb.com\/es\/software-company-consulting-outsourcing-technologies\/laravel-development-service\/","og_site_name":"One Solutions","article_publisher":"https:\/\/www.facebook.com\/onesolutionsweb","article_modified_time":"2022-04-12T04:13:14+00:00","og_image":[{"url":"http:\/\/onesolutionsweb.com\/wp-content\/uploads\/2021\/05\/langlogosArtboard-1-1.jpg","type":"","width":"","height":""}],"twitter_card":"summary_large_image","twitter_site":"@OneSolutionsWeb","twitter_misc":{"Tiempo de lectura":"3 minutos"},"schema":{"@context":"https:\/\/schema.org","@graph":[{"@type":"WebPage","@id":"https:\/\/onesolutionsweb.com\/es\/software-company-consulting-outsourcing-technologies\/laravel-development-service\/","url":"https:\/\/onesolutionsweb.com\/es\/software-company-consulting-outsourcing-technologies\/laravel-development-service\/","name":"Desarrollo en Laravel - One Solutions","isPartOf":{"@id":"https:\/\/onesolutionsweb.com\/#website"},"primaryImageOfPage":{"@id":"https:\/\/onesolutionsweb.com\/es\/software-company-consulting-outsourcing-technologies\/laravel-development-service\/#primaryimage"},"image":{"@id":"https:\/\/onesolutionsweb.com\/es\/software-company-consulting-outsourcing-technologies\/laravel-development-service\/#primaryimage"},"thumbnailUrl":"http:\/\/onesolutionsweb.com\/wp-content\/uploads\/2021\/05\/langlogosArtboard-1-1.jpg","datePublished":"2022-04-12T02:16:33+00:00","dateModified":"2022-04-12T04:13:14+00:00","breadcrumb":{"@id":"https:\/\/onesolutionsweb.com\/es\/software-company-consulting-outsourcing-technologies\/laravel-development-service\/#breadcrumb"},"inLanguage":"es","potentialAction":[{"@type":"ReadAction","target":["https:\/\/onesolutionsweb.com\/es\/software-company-consulting-outsourcing-technologies\/laravel-development-service\/"]}]},{"@type":"ImageObject","inLanguage":"es","@id":"https:\/\/onesolutionsweb.com\/es\/software-company-consulting-outsourcing-technologies\/laravel-development-service\/#primaryimage","url":"http:\/\/onesolutionsweb.com\/wp-content\/uploads\/2021\/05\/langlogosArtboard-1-1.jpg","contentUrl":"http:\/\/onesolutionsweb.com\/wp-content\/uploads\/2021\/05\/langlogosArtboard-1-1.jpg"},{"@type":"BreadcrumbList","@id":"https:\/\/onesolutionsweb.com\/es\/software-company-consulting-outsourcing-technologies\/laravel-development-service\/#breadcrumb","itemListElement":[{"@type":"ListItem","position":1,"name":"Portada","item":"https:\/\/onesolutionsweb.com\/es\/"},{"@type":"ListItem","position":2,"name":"Tecnolog\u00edas","item":"https:\/\/onesolutionsweb.com\/es\/software-company-consulting-outsourcing-technologies\/"},{"@type":"ListItem","position":3,"name":"Desarrollo en Laravel"}]},{"@type":"WebSite","@id":"https:\/\/onesolutionsweb.com\/#website","url":"https:\/\/onesolutionsweb.com\/","name":"One Solutions","description":"Software Solutions","publisher":{"@id":"https:\/\/onesolutionsweb.com\/#organization"},"potentialAction":[{"@type":"SearchAction","target":{"@type":"EntryPoint","urlTemplate":"https:\/\/onesolutionsweb.com\/?s={search_term_string}"},"query-input":{"@type":"PropertyValueSpecification","valueRequired":true,"valueName":"search_term_string"}}],"inLanguage":"es"},{"@type":"Organization","@id":"https:\/\/onesolutionsweb.com\/#organization","name":"One Solutions","url":"https:\/\/onesolutionsweb.com\/","logo":{"@type":"ImageObject","inLanguage":"es","@id":"https:\/\/onesolutionsweb.com\/#\/schema\/logo\/image\/","url":"https:\/\/secureservercdn.net\/104.238.71.33\/91x.30f.myftpupload.com\/wp-content\/uploads\/2021\/05\/logoblackico.png?time=1656722807","contentUrl":"https:\/\/secureservercdn.net\/104.238.71.33\/91x.30f.myftpupload.com\/wp-content\/uploads\/2021\/05\/logoblackico.png?time=1656722807","width":494,"height":494,"caption":"One Solutions"},"image":{"@id":"https:\/\/onesolutionsweb.com\/#\/schema\/logo\/image\/"},"sameAs":["https:\/\/www.facebook.com\/onesolutionsweb","https:\/\/x.com\/OneSolutionsWeb","https:\/\/www.linkedin.com\/company\/onesolutionsweb","https:\/\/www.instagram.com\/onesolutionsweb\/"]}]}},"_links":{"self":[{"href":"https:\/\/onesolutionsweb.com\/es\/wp-json\/wp\/v2\/pages\/10259","targetHints":{"allow":["GET"]}}],"collection":[{"href":"https:\/\/onesolutionsweb.com\/es\/wp-json\/wp\/v2\/pages"}],"about":[{"href":"https:\/\/onesolutionsweb.com\/es\/wp-json\/wp\/v2\/types\/page"}],"author":[{"embeddable":true,"href":"https:\/\/onesolutionsweb.com\/es\/wp-json\/wp\/v2\/users\/1"}],"replies":[{"embeddable":true,"href":"https:\/\/onesolutionsweb.com\/es\/wp-json\/wp\/v2\/comments?post=10259"}],"version-history":[{"count":3,"href":"https:\/\/onesolutionsweb.com\/es\/wp-json\/wp\/v2\/pages\/10259\/revisions"}],"predecessor-version":[{"id":10264,"href":"https:\/\/onesolutionsweb.com\/es\/wp-json\/wp\/v2\/pages\/10259\/revisions\/10264"}],"up":[{"embeddable":true,"href":"https:\/\/onesolutionsweb.com\/es\/wp-json\/wp\/v2\/pages\/10110"}],"wp:attachment":[{"href":"https:\/\/onesolutionsweb.com\/es\/wp-json\/wp\/v2\/media?parent=10259"}],"curies":[{"name":"wp","href":"https:\/\/api.w.org\/{rel}","templated":true}]}}