{"id":10213,"date":"2022-02-16T20:36:14","date_gmt":"2022-02-16T20:36:14","guid":{"rendered":"https:\/\/onesolutionsweb.com\/technologies\/next-js-development-service\/"},"modified":"2022-02-16T23:14:20","modified_gmt":"2022-02-16T23:14:20","slug":"next-js","status":"publish","type":"page","link":"https:\/\/onesolutionsweb.com\/es\/software-company-consulting-outsourcing-technologies\/next-js\/","title":{"rendered":"Desarrollo en Next JS"},"content":{"rendered":"<div class=\"wpb-content-wrapper\"><p>[vc_row][vc_column width=\u00bb1\/6&#8243;][\/vc_column][vc_column width=\u00bb2\/3&#8243;][vc_column_text]<strong><img decoding=\"async\" class=\"size-full wp-image-10197 alignright lazyload\" data-src=\"http:\/\/onesolutionsweb.com\/wp-content\/uploads\/2022\/02\/nextjs.png\" alt=\"\" width=\"250\" height=\"250\" data-srcset=\"https:\/\/onesolutionsweb.com\/wp-content\/uploads\/2022\/02\/nextjs.png 250w, https:\/\/onesolutionsweb.com\/wp-content\/uploads\/2022\/02\/nextjs-150x150.png 150w\" data-sizes=\"(max-width: 250px) 100vw, 250px\" src=\"data:image\/gif;base64,R0lGODlhAQABAAAAACH5BAEKAAEALAAAAAABAAEAAAICTAEAOw==\" style=\"--smush-placeholder-width: 250px; --smush-placeholder-aspect-ratio: 250\/250;\" \/><noscript><img decoding=\"async\" class=\"size-full wp-image-10197 alignright\" src=\"http:\/\/onesolutionsweb.com\/wp-content\/uploads\/2022\/02\/nextjs.png\" alt=\"\" width=\"250\" height=\"250\" srcset=\"https:\/\/onesolutionsweb.com\/wp-content\/uploads\/2022\/02\/nextjs.png 250w, https:\/\/onesolutionsweb.com\/wp-content\/uploads\/2022\/02\/nextjs-150x150.png 150w\" sizes=\"(max-width: 250px) 100vw, 250px\" \/><\/noscript>\u00bfQu\u00e9 es Next.js?<\/strong><\/p>\n<p>Next.js es un framework creado por <a href=\"https:\/\/vercel.com\/\">Vercel<\/a>, fue publicado por primera vez como proyecto de c\u00f3digo abierto en GitHub el 25 de octubre de 2016.<\/p>\n<p>&nbsp;<\/p>\n<p>Next.js es un marco de desarrollo de c\u00f3digo abierto basado en Node.js y Babel que se integra con React para desarrollar aplicaciones de una sola p\u00e1gina.\u00a0 Seg\u00fan el sitio oficial <a href=\"https:\/\/nextjs.org\/\">nextjs.org<\/a>:<\/p>\n<p>&nbsp;<\/p>\n<p style=\"text-align: center;\"><em>\u00abCon Next.js, la renderizaci\u00f3n del servidor de las aplicaciones React nunca ha sido tan f\u00e1cil, independientemente de la procedencia de los datos\u00bb.<\/em><\/p>\n<p><em>\u00a0<\/em><\/p>\n<p><strong>Beneficios de Next.js <\/strong><\/p>\n<p>El framework Next.js existe desde hace pocos a\u00f1os, pero se ha convertido r\u00e1pidamente en una de las herramientas m\u00e1s populares para los desarrolladores de React porque es un framework full-stack que maneja tanto el front-end como el back-end de tu aplicaci\u00f3n y soporta una gran variedad de m\u00e9todos de renderizado. Podemos enumerar algunas de sus ventajas:<\/p>\n<p><strong>Forma parte del ecosistema React<\/strong>: Es una parte integral del ecosistema de React.<\/p>\n<p><strong>Rendimiento:<\/strong>\u00a0 Las aplicaciones construidas con Next.js son incre\u00edblemente r\u00e1pidas gracias a los sitios est\u00e1ticos y al renderizado del lado del servidor.<\/p>\n<p><strong>Sencillo:<\/strong> Next.js es sencillo a la hora de desplegar aplicaciones React, y f\u00e1cil de configurar.<\/p>\n<p><strong>Rutas API:<\/strong> Next.js proporciona rutas API, es decir, Next.js puede utilizarse para crear una interfaz para los datos que Next.js almacena y recupera.<\/p>\n<p><strong>Optimizaci\u00f3n de motores de b\u00fasqueda mejorada (SEO):<\/strong> Puedes construir una aplicaci\u00f3n web con todas las caracter\u00edsticas e interacci\u00f3n que necesites con los beneficios del SEO.<\/p>\n<p><strong><img decoding=\"async\" class=\"wp-image-10173 alignright lazyload\" data-src=\"http:\/\/onesolutionsweb.com\/wp-content\/uploads\/2022\/02\/Server-300x300.png\" alt=\"\" width=\"260\" height=\"260\" data-srcset=\"https:\/\/onesolutionsweb.com\/wp-content\/uploads\/2022\/02\/Server-300x300.png 300w, https:\/\/onesolutionsweb.com\/wp-content\/uploads\/2022\/02\/Server-1024x1024.png 1024w, https:\/\/onesolutionsweb.com\/wp-content\/uploads\/2022\/02\/Server-150x150.png 150w, https:\/\/onesolutionsweb.com\/wp-content\/uploads\/2022\/02\/Server-768x768.png 768w, https:\/\/onesolutionsweb.com\/wp-content\/uploads\/2022\/02\/Server.png 1272w\" data-sizes=\"(max-width: 260px) 100vw, 260px\" src=\"data:image\/gif;base64,R0lGODlhAQABAAAAACH5BAEKAAEALAAAAAABAAEAAAICTAEAOw==\" style=\"--smush-placeholder-width: 260px; --smush-placeholder-aspect-ratio: 260\/260;\" \/><noscript><img decoding=\"async\" class=\" wp-image-10173 alignright\" src=\"http:\/\/onesolutionsweb.com\/wp-content\/uploads\/2022\/02\/Server-300x300.png\" alt=\"\" width=\"260\" height=\"260\" srcset=\"https:\/\/onesolutionsweb.com\/wp-content\/uploads\/2022\/02\/Server-300x300.png 300w, https:\/\/onesolutionsweb.com\/wp-content\/uploads\/2022\/02\/Server-1024x1024.png 1024w, https:\/\/onesolutionsweb.com\/wp-content\/uploads\/2022\/02\/Server-150x150.png 150w, https:\/\/onesolutionsweb.com\/wp-content\/uploads\/2022\/02\/Server-768x768.png 768w, https:\/\/onesolutionsweb.com\/wp-content\/uploads\/2022\/02\/Server.png 1272w\" sizes=\"(max-width: 260px) 100vw, 260px\" \/><\/noscript>\u00a0<\/strong><\/p>\n<p><strong>Del lado del servidor<\/strong><\/p>\n<p>Next.js es inicialmente un framework front-end para React al mismo tiempo, a\u00f1adi\u00f3 algunas caracter\u00edsticas \u00abback-end\u00bb, las Rutas API, que pueden realizar c\u00f3digo del lado del servidor y pueden ser consideradas como back-end. Por eso se puede considerar como un framework full-stack.<\/p>\n<p>&nbsp;<\/p>\n<p><strong>Haga crecer sus proyectos con los mejores desarrolladores<\/strong><\/p>\n<p>No somos una empresa de software m\u00e1s; ofrecemos a sus proyectos la mejor asistencia, experiencia probada e ingenieros cualificados a un precio razonable.[\/vc_column_text]<div class=\"colored_theme_button prk_medium pls_shortcoded\"><a href=\"https:\/\/onesolutionsweb.com\/es\/#contact\" target=\"_self\" class=\"pulse_anchor\">Cont\u00e1ctanos<\/a><\/div>[\/vc_column][vc_column width=\u00bb1\/6&#8243;][\/vc_column][\/vc_row]<\/p>\n<\/div>","protected":false},"excerpt":{"rendered":"<p>[vc_row][vc_column width=\u00bb1\/6&#8243;][\/vc_column][vc_column width=\u00bb2\/3&#8243;][vc_column_text]\u00bfQu\u00e9 es Next.js? Next.js es un framework creado por Vercel, fue publicado por primera vez como proyecto de c\u00f3digo abierto en GitHub el 25 de octubre de 2016. &nbsp; Next.js es un marco de desarrollo de c\u00f3digo abierto basado en Node.js y Babel que se integra con React para desarrollar aplicaciones de una [&hellip;]<\/p>\n","protected":false},"author":1,"featured_media":0,"parent":10110,"menu_order":13,"comment_status":"closed","ping_status":"closed","template":"","meta":{"content-type":"","inline_featured_image":false,"footnotes":""},"class_list":["post-10213","page","type-page","status-publish","hentry"],"acf":[],"yoast_head":"<!-- This site is optimized with the Yoast SEO Premium plugin v23.8 (Yoast SEO v26.0) - https:\/\/yoast.com\/wordpress\/plugins\/seo\/ -->\n<title>Desarrollo en Next JS - One Solutions<\/title>\n<meta name=\"robots\" content=\"index, follow, max-snippet:-1, max-image-preview:large, max-video-preview:-1\" \/>\n<link rel=\"canonical\" href=\"https:\/\/onesolutionsweb.com\/es\/software-company-consulting-outsourcing-technologies\/next-js\/\" \/>\n<meta property=\"og:locale\" content=\"es_ES\" \/>\n<meta property=\"og:type\" content=\"article\" \/>\n<meta property=\"og:title\" content=\"Desarrollo en Next JS\" \/>\n<meta property=\"og:description\" content=\"\u00bfQu\u00e9 es Next.js? Next.js es un framework creado por Vercel, fue publicado por primera vez como proyecto de c\u00f3digo abierto en GitHub el 25 de octubre de\" \/>\n<meta property=\"og:url\" content=\"https:\/\/onesolutionsweb.com\/es\/software-company-consulting-outsourcing-technologies\/next-js\/\" \/>\n<meta property=\"og:site_name\" content=\"One Solutions\" \/>\n<meta property=\"article:publisher\" content=\"https:\/\/www.facebook.com\/onesolutionsweb\" \/>\n<meta property=\"article:modified_time\" content=\"2022-02-16T23:14:20+00:00\" \/>\n<meta property=\"og:image\" content=\"http:\/\/onesolutionsweb.com\/wp-content\/uploads\/2022\/02\/nextjs.png\" \/>\n<meta name=\"twitter:card\" content=\"summary_large_image\" \/>\n<meta name=\"twitter:site\" content=\"@OneSolutionsWeb\" \/>\n<meta name=\"twitter:label1\" content=\"Tiempo de lectura\" \/>\n\t<meta name=\"twitter:data1\" content=\"2 minutos\" \/>\n<script type=\"application\/ld+json\" class=\"yoast-schema-graph\">{\"@context\":\"https:\/\/schema.org\",\"@graph\":[{\"@type\":\"WebPage\",\"@id\":\"https:\/\/onesolutionsweb.com\/es\/software-company-consulting-outsourcing-technologies\/next-js\/\",\"url\":\"https:\/\/onesolutionsweb.com\/es\/software-company-consulting-outsourcing-technologies\/next-js\/\",\"name\":\"Desarrollo en Next JS - One Solutions\",\"isPartOf\":{\"@id\":\"https:\/\/onesolutionsweb.com\/#website\"},\"primaryImageOfPage\":{\"@id\":\"https:\/\/onesolutionsweb.com\/es\/software-company-consulting-outsourcing-technologies\/next-js\/#primaryimage\"},\"image\":{\"@id\":\"https:\/\/onesolutionsweb.com\/es\/software-company-consulting-outsourcing-technologies\/next-js\/#primaryimage\"},\"thumbnailUrl\":\"http:\/\/onesolutionsweb.com\/wp-content\/uploads\/2022\/02\/nextjs.png\",\"datePublished\":\"2022-02-16T20:36:14+00:00\",\"dateModified\":\"2022-02-16T23:14:20+00:00\",\"breadcrumb\":{\"@id\":\"https:\/\/onesolutionsweb.com\/es\/software-company-consulting-outsourcing-technologies\/next-js\/#breadcrumb\"},\"inLanguage\":\"es\",\"potentialAction\":[{\"@type\":\"ReadAction\",\"target\":[\"https:\/\/onesolutionsweb.com\/es\/software-company-consulting-outsourcing-technologies\/next-js\/\"]}]},{\"@type\":\"ImageObject\",\"inLanguage\":\"es\",\"@id\":\"https:\/\/onesolutionsweb.com\/es\/software-company-consulting-outsourcing-technologies\/next-js\/#primaryimage\",\"url\":\"http:\/\/onesolutionsweb.com\/wp-content\/uploads\/2022\/02\/nextjs.png\",\"contentUrl\":\"http:\/\/onesolutionsweb.com\/wp-content\/uploads\/2022\/02\/nextjs.png\"},{\"@type\":\"BreadcrumbList\",\"@id\":\"https:\/\/onesolutionsweb.com\/es\/software-company-consulting-outsourcing-technologies\/next-js\/#breadcrumb\",\"itemListElement\":[{\"@type\":\"ListItem\",\"position\":1,\"name\":\"Portada\",\"item\":\"https:\/\/onesolutionsweb.com\/es\/\"},{\"@type\":\"ListItem\",\"position\":2,\"name\":\"Tecnolog\u00edas\",\"item\":\"https:\/\/onesolutionsweb.com\/es\/software-company-consulting-outsourcing-technologies\/\"},{\"@type\":\"ListItem\",\"position\":3,\"name\":\"Desarrollo en Next JS\"}]},{\"@type\":\"WebSite\",\"@id\":\"https:\/\/onesolutionsweb.com\/#website\",\"url\":\"https:\/\/onesolutionsweb.com\/\",\"name\":\"One Solutions\",\"description\":\"Software Solutions\",\"publisher\":{\"@id\":\"https:\/\/onesolutionsweb.com\/#organization\"},\"potentialAction\":[{\"@type\":\"SearchAction\",\"target\":{\"@type\":\"EntryPoint\",\"urlTemplate\":\"https:\/\/onesolutionsweb.com\/?s={search_term_string}\"},\"query-input\":{\"@type\":\"PropertyValueSpecification\",\"valueRequired\":true,\"valueName\":\"search_term_string\"}}],\"inLanguage\":\"es\"},{\"@type\":\"Organization\",\"@id\":\"https:\/\/onesolutionsweb.com\/#organization\",\"name\":\"One Solutions\",\"url\":\"https:\/\/onesolutionsweb.com\/\",\"logo\":{\"@type\":\"ImageObject\",\"inLanguage\":\"es\",\"@id\":\"https:\/\/onesolutionsweb.com\/#\/schema\/logo\/image\/\",\"url\":\"https:\/\/secureservercdn.net\/104.238.71.33\/91x.30f.myftpupload.com\/wp-content\/uploads\/2021\/05\/logoblackico.png?time=1656722807\",\"contentUrl\":\"https:\/\/secureservercdn.net\/104.238.71.33\/91x.30f.myftpupload.com\/wp-content\/uploads\/2021\/05\/logoblackico.png?time=1656722807\",\"width\":494,\"height\":494,\"caption\":\"One Solutions\"},\"image\":{\"@id\":\"https:\/\/onesolutionsweb.com\/#\/schema\/logo\/image\/\"},\"sameAs\":[\"https:\/\/www.facebook.com\/onesolutionsweb\",\"https:\/\/x.com\/OneSolutionsWeb\",\"https:\/\/www.linkedin.com\/company\/onesolutionsweb\",\"https:\/\/www.instagram.com\/onesolutionsweb\/\"]}]}<\/script>\n<!-- \/ Yoast SEO Premium plugin. -->","yoast_head_json":{"title":"Desarrollo en Next JS - One Solutions","robots":{"index":"index","follow":"follow","max-snippet":"max-snippet:-1","max-image-preview":"max-image-preview:large","max-video-preview":"max-video-preview:-1"},"canonical":"https:\/\/onesolutionsweb.com\/es\/software-company-consulting-outsourcing-technologies\/next-js\/","og_locale":"es_ES","og_type":"article","og_title":"Desarrollo en Next JS","og_description":"\u00bfQu\u00e9 es Next.js? Next.js es un framework creado por Vercel, fue publicado por primera vez como proyecto de c\u00f3digo abierto en GitHub el 25 de octubre de","og_url":"https:\/\/onesolutionsweb.com\/es\/software-company-consulting-outsourcing-technologies\/next-js\/","og_site_name":"One Solutions","article_publisher":"https:\/\/www.facebook.com\/onesolutionsweb","article_modified_time":"2022-02-16T23:14:20+00:00","og_image":[{"url":"http:\/\/onesolutionsweb.com\/wp-content\/uploads\/2022\/02\/nextjs.png","type":"","width":"","height":""}],"twitter_card":"summary_large_image","twitter_site":"@OneSolutionsWeb","twitter_misc":{"Tiempo de lectura":"2 minutos"},"schema":{"@context":"https:\/\/schema.org","@graph":[{"@type":"WebPage","@id":"https:\/\/onesolutionsweb.com\/es\/software-company-consulting-outsourcing-technologies\/next-js\/","url":"https:\/\/onesolutionsweb.com\/es\/software-company-consulting-outsourcing-technologies\/next-js\/","name":"Desarrollo en Next JS - One Solutions","isPartOf":{"@id":"https:\/\/onesolutionsweb.com\/#website"},"primaryImageOfPage":{"@id":"https:\/\/onesolutionsweb.com\/es\/software-company-consulting-outsourcing-technologies\/next-js\/#primaryimage"},"image":{"@id":"https:\/\/onesolutionsweb.com\/es\/software-company-consulting-outsourcing-technologies\/next-js\/#primaryimage"},"thumbnailUrl":"http:\/\/onesolutionsweb.com\/wp-content\/uploads\/2022\/02\/nextjs.png","datePublished":"2022-02-16T20:36:14+00:00","dateModified":"2022-02-16T23:14:20+00:00","breadcrumb":{"@id":"https:\/\/onesolutionsweb.com\/es\/software-company-consulting-outsourcing-technologies\/next-js\/#breadcrumb"},"inLanguage":"es","potentialAction":[{"@type":"ReadAction","target":["https:\/\/onesolutionsweb.com\/es\/software-company-consulting-outsourcing-technologies\/next-js\/"]}]},{"@type":"ImageObject","inLanguage":"es","@id":"https:\/\/onesolutionsweb.com\/es\/software-company-consulting-outsourcing-technologies\/next-js\/#primaryimage","url":"http:\/\/onesolutionsweb.com\/wp-content\/uploads\/2022\/02\/nextjs.png","contentUrl":"http:\/\/onesolutionsweb.com\/wp-content\/uploads\/2022\/02\/nextjs.png"},{"@type":"BreadcrumbList","@id":"https:\/\/onesolutionsweb.com\/es\/software-company-consulting-outsourcing-technologies\/next-js\/#breadcrumb","itemListElement":[{"@type":"ListItem","position":1,"name":"Portada","item":"https:\/\/onesolutionsweb.com\/es\/"},{"@type":"ListItem","position":2,"name":"Tecnolog\u00edas","item":"https:\/\/onesolutionsweb.com\/es\/software-company-consulting-outsourcing-technologies\/"},{"@type":"ListItem","position":3,"name":"Desarrollo en Next JS"}]},{"@type":"WebSite","@id":"https:\/\/onesolutionsweb.com\/#website","url":"https:\/\/onesolutionsweb.com\/","name":"One Solutions","description":"Software Solutions","publisher":{"@id":"https:\/\/onesolutionsweb.com\/#organization"},"potentialAction":[{"@type":"SearchAction","target":{"@type":"EntryPoint","urlTemplate":"https:\/\/onesolutionsweb.com\/?s={search_term_string}"},"query-input":{"@type":"PropertyValueSpecification","valueRequired":true,"valueName":"search_term_string"}}],"inLanguage":"es"},{"@type":"Organization","@id":"https:\/\/onesolutionsweb.com\/#organization","name":"One Solutions","url":"https:\/\/onesolutionsweb.com\/","logo":{"@type":"ImageObject","inLanguage":"es","@id":"https:\/\/onesolutionsweb.com\/#\/schema\/logo\/image\/","url":"https:\/\/secureservercdn.net\/104.238.71.33\/91x.30f.myftpupload.com\/wp-content\/uploads\/2021\/05\/logoblackico.png?time=1656722807","contentUrl":"https:\/\/secureservercdn.net\/104.238.71.33\/91x.30f.myftpupload.com\/wp-content\/uploads\/2021\/05\/logoblackico.png?time=1656722807","width":494,"height":494,"caption":"One Solutions"},"image":{"@id":"https:\/\/onesolutionsweb.com\/#\/schema\/logo\/image\/"},"sameAs":["https:\/\/www.facebook.com\/onesolutionsweb","https:\/\/x.com\/OneSolutionsWeb","https:\/\/www.linkedin.com\/company\/onesolutionsweb","https:\/\/www.instagram.com\/onesolutionsweb\/"]}]}},"_links":{"self":[{"href":"https:\/\/onesolutionsweb.com\/es\/wp-json\/wp\/v2\/pages\/10213","targetHints":{"allow":["GET"]}}],"collection":[{"href":"https:\/\/onesolutionsweb.com\/es\/wp-json\/wp\/v2\/pages"}],"about":[{"href":"https:\/\/onesolutionsweb.com\/es\/wp-json\/wp\/v2\/types\/page"}],"author":[{"embeddable":true,"href":"https:\/\/onesolutionsweb.com\/es\/wp-json\/wp\/v2\/users\/1"}],"replies":[{"embeddable":true,"href":"https:\/\/onesolutionsweb.com\/es\/wp-json\/wp\/v2\/comments?post=10213"}],"version-history":[{"count":2,"href":"https:\/\/onesolutionsweb.com\/es\/wp-json\/wp\/v2\/pages\/10213\/revisions"}],"predecessor-version":[{"id":10215,"href":"https:\/\/onesolutionsweb.com\/es\/wp-json\/wp\/v2\/pages\/10213\/revisions\/10215"}],"up":[{"embeddable":true,"href":"https:\/\/onesolutionsweb.com\/es\/wp-json\/wp\/v2\/pages\/10110"}],"wp:attachment":[{"href":"https:\/\/onesolutionsweb.com\/es\/wp-json\/wp\/v2\/media?parent=10213"}],"curies":[{"name":"wp","href":"https:\/\/api.w.org\/{rel}","templated":true}]}}