{"id":10208,"date":"2022-02-16T20:47:12","date_gmt":"2022-02-16T20:47:12","guid":{"rendered":"https:\/\/onesolutionsweb.com\/technologies\/magento-3\/"},"modified":"2022-02-16T23:15:41","modified_gmt":"2022-02-16T23:15:41","slug":"magento","status":"publish","type":"page","link":"https:\/\/onesolutionsweb.com\/es\/software-company-consulting-outsourcing-technologies\/magento\/","title":{"rendered":"Desarrollo en Magento"},"content":{"rendered":"<div class=\"wpb-content-wrapper\"><p>[vc_row][vc_column width=\u00bb1\/6&#8243;][\/vc_column][vc_column width=\u00bb2\/3&#8243;][vc_column_text]<strong><img decoding=\"async\" class=\"size-medium wp-image-10179 alignright lazyload\" data-src=\"http:\/\/onesolutionsweb.com\/wp-content\/uploads\/2022\/02\/magento-1-logo__1_-1-300x225.png\" alt=\"\" width=\"300\" height=\"225\" data-srcset=\"https:\/\/onesolutionsweb.com\/wp-content\/uploads\/2022\/02\/magento-1-logo__1_-1-300x225.png 300w, https:\/\/onesolutionsweb.com\/wp-content\/uploads\/2022\/02\/magento-1-logo__1_-1-768x576.png 768w, https:\/\/onesolutionsweb.com\/wp-content\/uploads\/2022\/02\/magento-1-logo__1_-1.png 800w\" data-sizes=\"(max-width: 300px) 100vw, 300px\" src=\"data:image\/gif;base64,R0lGODlhAQABAAAAACH5BAEKAAEALAAAAAABAAEAAAICTAEAOw==\" style=\"--smush-placeholder-width: 300px; --smush-placeholder-aspect-ratio: 300\/225;\" \/><noscript><img decoding=\"async\" class=\"size-medium wp-image-10179 alignright\" src=\"http:\/\/onesolutionsweb.com\/wp-content\/uploads\/2022\/02\/magento-1-logo__1_-1-300x225.png\" alt=\"\" width=\"300\" height=\"225\" srcset=\"https:\/\/onesolutionsweb.com\/wp-content\/uploads\/2022\/02\/magento-1-logo__1_-1-300x225.png 300w, https:\/\/onesolutionsweb.com\/wp-content\/uploads\/2022\/02\/magento-1-logo__1_-1-768x576.png 768w, https:\/\/onesolutionsweb.com\/wp-content\/uploads\/2022\/02\/magento-1-logo__1_-1.png 800w\" sizes=\"(max-width: 300px) 100vw, 300px\" \/><\/noscript>\u00bfQu\u00e9 es Magento?<\/strong><\/p>\n<p>Magento es una plataforma de comercio electr\u00f3nico construida con tecnolog\u00eda de c\u00f3digo abierto, escrita en PHP. El software fue desarrollado originalmente por Varien Inc., y posteriormente fue adquirido por Adobe Inc. en mayo de 2018.<\/p>\n<p>&nbsp;<\/p>\n<p>Magento proporciona una plataforma escalable, adaptable y duradera para aplicaciones de comercio electr\u00f3nico, as\u00ed como una serie de herramientas y caracter\u00edsticas esenciales: marketing, optimizaci\u00f3n de motores de b\u00fasqueda, herramientas de gesti\u00f3n de cat\u00e1logos y mucho m\u00e1s.<\/p>\n<p><img decoding=\"async\" class=\"aligncenter wp-image-10185 size-large lazyload\" data-src=\"http:\/\/onesolutionsweb.com\/wp-content\/uploads\/2022\/02\/pexels-negative-space-34577-1024x683.jpg\" alt=\"\" width=\"1024\" height=\"683\" data-srcset=\"https:\/\/onesolutionsweb.com\/wp-content\/uploads\/2022\/02\/pexels-negative-space-34577-1024x683.jpg 1024w, https:\/\/onesolutionsweb.com\/wp-content\/uploads\/2022\/02\/pexels-negative-space-34577-300x200.jpg 300w, https:\/\/onesolutionsweb.com\/wp-content\/uploads\/2022\/02\/pexels-negative-space-34577-768x512.jpg 768w, https:\/\/onesolutionsweb.com\/wp-content\/uploads\/2022\/02\/pexels-negative-space-34577-1536x1024.jpg 1536w, https:\/\/onesolutionsweb.com\/wp-content\/uploads\/2022\/02\/pexels-negative-space-34577.jpg 1920w\" data-sizes=\"(max-width: 1024px) 100vw, 1024px\" src=\"data:image\/gif;base64,R0lGODlhAQABAAAAACH5BAEKAAEALAAAAAABAAEAAAICTAEAOw==\" style=\"--smush-placeholder-width: 1024px; --smush-placeholder-aspect-ratio: 1024\/683;\" \/><noscript><img decoding=\"async\" class=\"aligncenter wp-image-10185 size-large\" src=\"http:\/\/onesolutionsweb.com\/wp-content\/uploads\/2022\/02\/pexels-negative-space-34577-1024x683.jpg\" alt=\"\" width=\"1024\" height=\"683\" srcset=\"https:\/\/onesolutionsweb.com\/wp-content\/uploads\/2022\/02\/pexels-negative-space-34577-1024x683.jpg 1024w, https:\/\/onesolutionsweb.com\/wp-content\/uploads\/2022\/02\/pexels-negative-space-34577-300x200.jpg 300w, https:\/\/onesolutionsweb.com\/wp-content\/uploads\/2022\/02\/pexels-negative-space-34577-768x512.jpg 768w, https:\/\/onesolutionsweb.com\/wp-content\/uploads\/2022\/02\/pexels-negative-space-34577-1536x1024.jpg 1536w, https:\/\/onesolutionsweb.com\/wp-content\/uploads\/2022\/02\/pexels-negative-space-34577.jpg 1920w\" sizes=\"(max-width: 1024px) 100vw, 1024px\" \/><\/noscript><\/p>\n<p>Magento ofrece una versi\u00f3n gratuita de c\u00f3digo abierto y otra de pago.<\/p>\n<p><strong>Magento Open Source<\/strong>: Se puede descargar y utilizar de forma gratuita, anteriormente se conoc\u00eda como Magento Community Edition. Est\u00e1 dise\u00f1ada para peque\u00f1as empresas de comercio electr\u00f3nico que no requieren tanta asistencia como las grandes empresas. Proporciona a los usuarios caracter\u00edsticas y funcionalidades b\u00e1sicas.<\/p>\n<p>Sin embargo, tambi\u00e9n hay gastos relacionados que tendr\u00e1 que pagar al ser configurada por primera vez como: servicio de alojamiento, nombre de dominio, desarrollo del sistema, dise\u00f1o web, extensiones de terceros, mantenimiento de sitios web.<\/p>\n<p><strong>Magento Commerce:<\/strong> Esta edici\u00f3n, antes conocida como Magento Enterprise Edition, es una versi\u00f3n premium. Para utilizarla, el usuario debe pagar una licencia anual. Ofrece un grado considerablemente mayor de funcionalidad para comercio electr\u00f3nico, as\u00ed como una amplia variedad de caracter\u00edsticas adicionales y el apoyo del equipo de Magento.<\/p>\n<p>En esta edici\u00f3n, tambi\u00e9n hay que pagar los gastos relacionados y la cuota de licencia anual.<\/p>\n<p>La versi\u00f3n Magento Commerce ofrece soluciones de seguridad m\u00e1s robustas, escalabilidad, puede manejar tiendas online con un gran n\u00famero de pedidos y transacciones, viene con caracter\u00edsticas adicionales como: Segmentaci\u00f3n de Clientes, Opciones de Regalos, A\u00f1adir al Carrito por SKU, informes adicionales, etc.<\/p>\n<p><strong><img decoding=\"async\" class=\"size-medium wp-image-10187 alignright lazyload\" data-src=\"http:\/\/onesolutionsweb.com\/wp-content\/uploads\/2022\/02\/pexels-cottonbro-5076510-200x300.jpg\" alt=\"\" width=\"200\" height=\"300\" data-srcset=\"https:\/\/onesolutionsweb.com\/wp-content\/uploads\/2022\/02\/pexels-cottonbro-5076510-200x300.jpg 200w, https:\/\/onesolutionsweb.com\/wp-content\/uploads\/2022\/02\/pexels-cottonbro-5076510-683x1024.jpg 683w, https:\/\/onesolutionsweb.com\/wp-content\/uploads\/2022\/02\/pexels-cottonbro-5076510-768x1152.jpg 768w, https:\/\/onesolutionsweb.com\/wp-content\/uploads\/2022\/02\/pexels-cottonbro-5076510-1024x1536.jpg 1024w, https:\/\/onesolutionsweb.com\/wp-content\/uploads\/2022\/02\/pexels-cottonbro-5076510.jpg 1280w\" data-sizes=\"(max-width: 200px) 100vw, 200px\" src=\"data:image\/gif;base64,R0lGODlhAQABAAAAACH5BAEKAAEALAAAAAABAAEAAAICTAEAOw==\" style=\"--smush-placeholder-width: 200px; --smush-placeholder-aspect-ratio: 200\/300;\" \/><noscript><img decoding=\"async\" class=\"size-medium wp-image-10187 alignright\" src=\"http:\/\/onesolutionsweb.com\/wp-content\/uploads\/2022\/02\/pexels-cottonbro-5076510-200x300.jpg\" alt=\"\" width=\"200\" height=\"300\" srcset=\"https:\/\/onesolutionsweb.com\/wp-content\/uploads\/2022\/02\/pexels-cottonbro-5076510-200x300.jpg 200w, https:\/\/onesolutionsweb.com\/wp-content\/uploads\/2022\/02\/pexels-cottonbro-5076510-683x1024.jpg 683w, https:\/\/onesolutionsweb.com\/wp-content\/uploads\/2022\/02\/pexels-cottonbro-5076510-768x1152.jpg 768w, https:\/\/onesolutionsweb.com\/wp-content\/uploads\/2022\/02\/pexels-cottonbro-5076510-1024x1536.jpg 1024w, https:\/\/onesolutionsweb.com\/wp-content\/uploads\/2022\/02\/pexels-cottonbro-5076510.jpg 1280w\" sizes=\"(max-width: 200px) 100vw, 200px\" \/><\/noscript>\u00bfQu\u00e9 es Magento 2?<\/strong><\/p>\n<p>Magento 2 es la actualizaci\u00f3n m\u00e1s reciente de los desarrolladores. Con mejoras en caracter\u00edsticas como:<\/p>\n<ul>\n<li>Una experiencia comercial m\u00e1s productiva<\/li>\n<li>Velocidades de carga un 50% m\u00e1s r\u00e1pidas<\/li>\n<li>Procesar un alto n\u00famero de pedidos por hora<\/li>\n<li>Hacer los pagos m\u00e1s seguros<\/li>\n<li>Mantenimiento m\u00e1s f\u00e1cil<\/li>\n<\/ul>\n<p>&nbsp;<\/p>\n<p><strong>Empresa de desarrollo web\u00a0 Magento<\/strong><\/p>\n<p>A pesar de que Magento es una plataforma de c\u00f3digo abierto, no es adecuada para principiantes debido a la complejidad de la personalizaci\u00f3n. Si desea asistencia profesional, p\u00f3ngase en contacto con nosotros para contratar a desarrolladores en Magento cualificados con amplia experiencia y conocimientos.<\/p>\n<p>\u00bfQuiere saber m\u00e1s?[\/vc_column_text]<div class=\"colored_theme_button prk_medium pls_shortcoded\"><a href=\"https:\/\/onesolutionsweb.com\/es\/#contact\" target=\"_self\" class=\"pulse_anchor\">Cont\u00e1ctanos<\/a><\/div>[\/vc_column][vc_column width=\u00bb1\/6&#8243;][\/vc_column][\/vc_row]<\/p>\n<\/div>","protected":false},"excerpt":{"rendered":"<p>[vc_row][vc_column width=\u00bb1\/6&#8243;][\/vc_column][vc_column width=\u00bb2\/3&#8243;][vc_column_text]\u00bfQu\u00e9 es Magento? Magento es una plataforma de comercio electr\u00f3nico construida con tecnolog\u00eda de c\u00f3digo abierto, escrita en PHP. El software fue desarrollado originalmente por Varien Inc., y posteriormente fue adquirido por Adobe Inc. en mayo de 2018. &nbsp; Magento proporciona una plataforma escalable, adaptable y duradera para aplicaciones de comercio electr\u00f3nico, as\u00ed [&hellip;]<\/p>\n","protected":false},"author":1,"featured_media":0,"parent":10110,"menu_order":12,"comment_status":"closed","ping_status":"closed","template":"","meta":{"content-type":"","inline_featured_image":false,"footnotes":""},"class_list":["post-10208","page","type-page","status-publish","hentry"],"acf":[],"yoast_head":"<!-- This site is optimized with the Yoast SEO Premium plugin v23.8 (Yoast SEO v26.0) - https:\/\/yoast.com\/wordpress\/plugins\/seo\/ -->\n<title>Desarrollo en Magento - One Solutions<\/title>\n<meta name=\"robots\" content=\"index, follow, max-snippet:-1, max-image-preview:large, max-video-preview:-1\" \/>\n<link rel=\"canonical\" href=\"https:\/\/onesolutionsweb.com\/es\/software-company-consulting-outsourcing-technologies\/magento\/\" \/>\n<meta property=\"og:locale\" content=\"es_ES\" \/>\n<meta property=\"og:type\" content=\"article\" \/>\n<meta property=\"og:title\" content=\"Desarrollo en Magento\" \/>\n<meta property=\"og:description\" content=\"\u00bfQu\u00e9 es Magento? Magento es una plataforma de comercio electr\u00f3nico construida con tecnolog\u00eda de c\u00f3digo abierto, escrita en PHP. El software fue\" \/>\n<meta property=\"og:url\" content=\"https:\/\/onesolutionsweb.com\/es\/software-company-consulting-outsourcing-technologies\/magento\/\" \/>\n<meta property=\"og:site_name\" content=\"One Solutions\" \/>\n<meta property=\"article:publisher\" content=\"https:\/\/www.facebook.com\/onesolutionsweb\" \/>\n<meta property=\"article:modified_time\" content=\"2022-02-16T23:15:41+00:00\" \/>\n<meta property=\"og:image\" content=\"http:\/\/onesolutionsweb.com\/wp-content\/uploads\/2022\/02\/magento-1-logo__1_-1-300x225.png\" \/>\n<meta name=\"twitter:card\" content=\"summary_large_image\" \/>\n<meta name=\"twitter:site\" content=\"@OneSolutionsWeb\" \/>\n<meta name=\"twitter:label1\" content=\"Tiempo de lectura\" \/>\n\t<meta name=\"twitter:data1\" content=\"3 minutos\" \/>\n<script type=\"application\/ld+json\" class=\"yoast-schema-graph\">{\"@context\":\"https:\/\/schema.org\",\"@graph\":[{\"@type\":\"WebPage\",\"@id\":\"https:\/\/onesolutionsweb.com\/es\/software-company-consulting-outsourcing-technologies\/magento\/\",\"url\":\"https:\/\/onesolutionsweb.com\/es\/software-company-consulting-outsourcing-technologies\/magento\/\",\"name\":\"Desarrollo en Magento - One Solutions\",\"isPartOf\":{\"@id\":\"https:\/\/onesolutionsweb.com\/#website\"},\"primaryImageOfPage\":{\"@id\":\"https:\/\/onesolutionsweb.com\/es\/software-company-consulting-outsourcing-technologies\/magento\/#primaryimage\"},\"image\":{\"@id\":\"https:\/\/onesolutionsweb.com\/es\/software-company-consulting-outsourcing-technologies\/magento\/#primaryimage\"},\"thumbnailUrl\":\"http:\/\/onesolutionsweb.com\/wp-content\/uploads\/2022\/02\/magento-1-logo__1_-1-300x225.png\",\"datePublished\":\"2022-02-16T20:47:12+00:00\",\"dateModified\":\"2022-02-16T23:15:41+00:00\",\"breadcrumb\":{\"@id\":\"https:\/\/onesolutionsweb.com\/es\/software-company-consulting-outsourcing-technologies\/magento\/#breadcrumb\"},\"inLanguage\":\"es\",\"potentialAction\":[{\"@type\":\"ReadAction\",\"target\":[\"https:\/\/onesolutionsweb.com\/es\/software-company-consulting-outsourcing-technologies\/magento\/\"]}]},{\"@type\":\"ImageObject\",\"inLanguage\":\"es\",\"@id\":\"https:\/\/onesolutionsweb.com\/es\/software-company-consulting-outsourcing-technologies\/magento\/#primaryimage\",\"url\":\"http:\/\/onesolutionsweb.com\/wp-content\/uploads\/2022\/02\/magento-1-logo__1_-1-300x225.png\",\"contentUrl\":\"http:\/\/onesolutionsweb.com\/wp-content\/uploads\/2022\/02\/magento-1-logo__1_-1-300x225.png\"},{\"@type\":\"BreadcrumbList\",\"@id\":\"https:\/\/onesolutionsweb.com\/es\/software-company-consulting-outsourcing-technologies\/magento\/#breadcrumb\",\"itemListElement\":[{\"@type\":\"ListItem\",\"position\":1,\"name\":\"Portada\",\"item\":\"https:\/\/onesolutionsweb.com\/es\/\"},{\"@type\":\"ListItem\",\"position\":2,\"name\":\"Tecnolog\u00edas\",\"item\":\"https:\/\/onesolutionsweb.com\/es\/software-company-consulting-outsourcing-technologies\/\"},{\"@type\":\"ListItem\",\"position\":3,\"name\":\"Desarrollo en Magento\"}]},{\"@type\":\"WebSite\",\"@id\":\"https:\/\/onesolutionsweb.com\/#website\",\"url\":\"https:\/\/onesolutionsweb.com\/\",\"name\":\"One Solutions\",\"description\":\"Software Solutions\",\"publisher\":{\"@id\":\"https:\/\/onesolutionsweb.com\/#organization\"},\"potentialAction\":[{\"@type\":\"SearchAction\",\"target\":{\"@type\":\"EntryPoint\",\"urlTemplate\":\"https:\/\/onesolutionsweb.com\/?s={search_term_string}\"},\"query-input\":{\"@type\":\"PropertyValueSpecification\",\"valueRequired\":true,\"valueName\":\"search_term_string\"}}],\"inLanguage\":\"es\"},{\"@type\":\"Organization\",\"@id\":\"https:\/\/onesolutionsweb.com\/#organization\",\"name\":\"One Solutions\",\"url\":\"https:\/\/onesolutionsweb.com\/\",\"logo\":{\"@type\":\"ImageObject\",\"inLanguage\":\"es\",\"@id\":\"https:\/\/onesolutionsweb.com\/#\/schema\/logo\/image\/\",\"url\":\"https:\/\/secureservercdn.net\/104.238.71.33\/91x.30f.myftpupload.com\/wp-content\/uploads\/2021\/05\/logoblackico.png?time=1656722807\",\"contentUrl\":\"https:\/\/secureservercdn.net\/104.238.71.33\/91x.30f.myftpupload.com\/wp-content\/uploads\/2021\/05\/logoblackico.png?time=1656722807\",\"width\":494,\"height\":494,\"caption\":\"One Solutions\"},\"image\":{\"@id\":\"https:\/\/onesolutionsweb.com\/#\/schema\/logo\/image\/\"},\"sameAs\":[\"https:\/\/www.facebook.com\/onesolutionsweb\",\"https:\/\/x.com\/OneSolutionsWeb\",\"https:\/\/www.linkedin.com\/company\/onesolutionsweb\",\"https:\/\/www.instagram.com\/onesolutionsweb\/\"]}]}<\/script>\n<!-- \/ Yoast SEO Premium plugin. -->","yoast_head_json":{"title":"Desarrollo en Magento - One Solutions","robots":{"index":"index","follow":"follow","max-snippet":"max-snippet:-1","max-image-preview":"max-image-preview:large","max-video-preview":"max-video-preview:-1"},"canonical":"https:\/\/onesolutionsweb.com\/es\/software-company-consulting-outsourcing-technologies\/magento\/","og_locale":"es_ES","og_type":"article","og_title":"Desarrollo en Magento","og_description":"\u00bfQu\u00e9 es Magento? Magento es una plataforma de comercio electr\u00f3nico construida con tecnolog\u00eda de c\u00f3digo abierto, escrita en PHP. El software fue","og_url":"https:\/\/onesolutionsweb.com\/es\/software-company-consulting-outsourcing-technologies\/magento\/","og_site_name":"One Solutions","article_publisher":"https:\/\/www.facebook.com\/onesolutionsweb","article_modified_time":"2022-02-16T23:15:41+00:00","og_image":[{"url":"http:\/\/onesolutionsweb.com\/wp-content\/uploads\/2022\/02\/magento-1-logo__1_-1-300x225.png","type":"","width":"","height":""}],"twitter_card":"summary_large_image","twitter_site":"@OneSolutionsWeb","twitter_misc":{"Tiempo de lectura":"3 minutos"},"schema":{"@context":"https:\/\/schema.org","@graph":[{"@type":"WebPage","@id":"https:\/\/onesolutionsweb.com\/es\/software-company-consulting-outsourcing-technologies\/magento\/","url":"https:\/\/onesolutionsweb.com\/es\/software-company-consulting-outsourcing-technologies\/magento\/","name":"Desarrollo en Magento - One Solutions","isPartOf":{"@id":"https:\/\/onesolutionsweb.com\/#website"},"primaryImageOfPage":{"@id":"https:\/\/onesolutionsweb.com\/es\/software-company-consulting-outsourcing-technologies\/magento\/#primaryimage"},"image":{"@id":"https:\/\/onesolutionsweb.com\/es\/software-company-consulting-outsourcing-technologies\/magento\/#primaryimage"},"thumbnailUrl":"http:\/\/onesolutionsweb.com\/wp-content\/uploads\/2022\/02\/magento-1-logo__1_-1-300x225.png","datePublished":"2022-02-16T20:47:12+00:00","dateModified":"2022-02-16T23:15:41+00:00","breadcrumb":{"@id":"https:\/\/onesolutionsweb.com\/es\/software-company-consulting-outsourcing-technologies\/magento\/#breadcrumb"},"inLanguage":"es","potentialAction":[{"@type":"ReadAction","target":["https:\/\/onesolutionsweb.com\/es\/software-company-consulting-outsourcing-technologies\/magento\/"]}]},{"@type":"ImageObject","inLanguage":"es","@id":"https:\/\/onesolutionsweb.com\/es\/software-company-consulting-outsourcing-technologies\/magento\/#primaryimage","url":"http:\/\/onesolutionsweb.com\/wp-content\/uploads\/2022\/02\/magento-1-logo__1_-1-300x225.png","contentUrl":"http:\/\/onesolutionsweb.com\/wp-content\/uploads\/2022\/02\/magento-1-logo__1_-1-300x225.png"},{"@type":"BreadcrumbList","@id":"https:\/\/onesolutionsweb.com\/es\/software-company-consulting-outsourcing-technologies\/magento\/#breadcrumb","itemListElement":[{"@type":"ListItem","position":1,"name":"Portada","item":"https:\/\/onesolutionsweb.com\/es\/"},{"@type":"ListItem","position":2,"name":"Tecnolog\u00edas","item":"https:\/\/onesolutionsweb.com\/es\/software-company-consulting-outsourcing-technologies\/"},{"@type":"ListItem","position":3,"name":"Desarrollo en Magento"}]},{"@type":"WebSite","@id":"https:\/\/onesolutionsweb.com\/#website","url":"https:\/\/onesolutionsweb.com\/","name":"One Solutions","description":"Software Solutions","publisher":{"@id":"https:\/\/onesolutionsweb.com\/#organization"},"potentialAction":[{"@type":"SearchAction","target":{"@type":"EntryPoint","urlTemplate":"https:\/\/onesolutionsweb.com\/?s={search_term_string}"},"query-input":{"@type":"PropertyValueSpecification","valueRequired":true,"valueName":"search_term_string"}}],"inLanguage":"es"},{"@type":"Organization","@id":"https:\/\/onesolutionsweb.com\/#organization","name":"One Solutions","url":"https:\/\/onesolutionsweb.com\/","logo":{"@type":"ImageObject","inLanguage":"es","@id":"https:\/\/onesolutionsweb.com\/#\/schema\/logo\/image\/","url":"https:\/\/secureservercdn.net\/104.238.71.33\/91x.30f.myftpupload.com\/wp-content\/uploads\/2021\/05\/logoblackico.png?time=1656722807","contentUrl":"https:\/\/secureservercdn.net\/104.238.71.33\/91x.30f.myftpupload.com\/wp-content\/uploads\/2021\/05\/logoblackico.png?time=1656722807","width":494,"height":494,"caption":"One Solutions"},"image":{"@id":"https:\/\/onesolutionsweb.com\/#\/schema\/logo\/image\/"},"sameAs":["https:\/\/www.facebook.com\/onesolutionsweb","https:\/\/x.com\/OneSolutionsWeb","https:\/\/www.linkedin.com\/company\/onesolutionsweb","https:\/\/www.instagram.com\/onesolutionsweb\/"]}]}},"_links":{"self":[{"href":"https:\/\/onesolutionsweb.com\/es\/wp-json\/wp\/v2\/pages\/10208","targetHints":{"allow":["GET"]}}],"collection":[{"href":"https:\/\/onesolutionsweb.com\/es\/wp-json\/wp\/v2\/pages"}],"about":[{"href":"https:\/\/onesolutionsweb.com\/es\/wp-json\/wp\/v2\/types\/page"}],"author":[{"embeddable":true,"href":"https:\/\/onesolutionsweb.com\/es\/wp-json\/wp\/v2\/users\/1"}],"replies":[{"embeddable":true,"href":"https:\/\/onesolutionsweb.com\/es\/wp-json\/wp\/v2\/comments?post=10208"}],"version-history":[{"count":3,"href":"https:\/\/onesolutionsweb.com\/es\/wp-json\/wp\/v2\/pages\/10208\/revisions"}],"predecessor-version":[{"id":10212,"href":"https:\/\/onesolutionsweb.com\/es\/wp-json\/wp\/v2\/pages\/10208\/revisions\/10212"}],"up":[{"embeddable":true,"href":"https:\/\/onesolutionsweb.com\/es\/wp-json\/wp\/v2\/pages\/10110"}],"wp:attachment":[{"href":"https:\/\/onesolutionsweb.com\/es\/wp-json\/wp\/v2\/media?parent=10208"}],"curies":[{"name":"wp","href":"https:\/\/api.w.org\/{rel}","templated":true}]}}