{"id":10080,"date":"2022-02-10T20:27:10","date_gmt":"2022-02-10T20:27:10","guid":{"rendered":"https:\/\/onesolutionsweb.com\/?page_id=10080"},"modified":"2022-02-10T20:40:43","modified_gmt":"2022-02-10T20:40:43","slug":"kotlin","status":"publish","type":"page","link":"https:\/\/onesolutionsweb.com\/es\/kotlin\/","title":{"rendered":"Desarrollo en Kotlin"},"content":{"rendered":"<div class=\"wpb-content-wrapper\"><p>[vc_row][vc_column width=\u00bb1\/6&#8243;][\/vc_column][vc_column width=\u00bb2\/3&#8243;][vc_column_text]<strong> <img decoding=\"async\" class=\"size-medium wp-image-10090 alignright lazyload\" data-src=\"http:\/\/onesolutionsweb.com\/wp-content\/uploads\/2022\/02\/Kotlin_Icon-300x300.png\" alt=\"\" width=\"300\" height=\"300\" data-srcset=\"https:\/\/onesolutionsweb.com\/wp-content\/uploads\/2022\/02\/Kotlin_Icon-300x300.png 300w, https:\/\/onesolutionsweb.com\/wp-content\/uploads\/2022\/02\/Kotlin_Icon-150x150.png 150w, https:\/\/onesolutionsweb.com\/wp-content\/uploads\/2022\/02\/Kotlin_Icon.png 600w\" data-sizes=\"(max-width: 300px) 100vw, 300px\" src=\"data:image\/gif;base64,R0lGODlhAQABAAAAACH5BAEKAAEALAAAAAABAAEAAAICTAEAOw==\" style=\"--smush-placeholder-width: 300px; --smush-placeholder-aspect-ratio: 300\/300;\" \/><noscript><img decoding=\"async\" class=\"size-medium wp-image-10090 alignright\" src=\"http:\/\/onesolutionsweb.com\/wp-content\/uploads\/2022\/02\/Kotlin_Icon-300x300.png\" alt=\"\" width=\"300\" height=\"300\" srcset=\"https:\/\/onesolutionsweb.com\/wp-content\/uploads\/2022\/02\/Kotlin_Icon-300x300.png 300w, https:\/\/onesolutionsweb.com\/wp-content\/uploads\/2022\/02\/Kotlin_Icon-150x150.png 150w, https:\/\/onesolutionsweb.com\/wp-content\/uploads\/2022\/02\/Kotlin_Icon.png 600w\" sizes=\"(max-width: 300px) 100vw, 300px\" \/><\/noscript><\/strong><\/p>\n<p><strong>\u00bfQu\u00e9 es Kotlin?<\/strong><\/p>\n<p>Kotlin es un lenguaje de programaci\u00f3n de prop\u00f3sito general y orientado a objetos, dise\u00f1ado para interoperar plenamente con Java. El nombre de Kotlin deriva de la isla de Kotlin, cerca de San Petersburgo, donde se cre\u00f3 por JetBrains.<\/p>\n<p>Kotlin 1.0 se public\u00f3 el 15 de febrero de 2016. El 7 de mayo de 2019, Google anunci\u00f3 que el lenguaje de programaci\u00f3n Kotlin es ahora su lenguaje preferido para los desarrolladores de aplicaciones Android.<\/p>\n<p><strong>Java vs Kotlin<\/strong><\/p>\n<p><strong><img decoding=\"async\" class=\"size-medium wp-image-10084 aligncenter lazyload\" data-src=\"http:\/\/onesolutionsweb.com\/wp-content\/uploads\/2022\/02\/Kotlin-vs-Java-2-300x150.png\" alt=\"\" width=\"300\" height=\"150\" data-srcset=\"https:\/\/onesolutionsweb.com\/wp-content\/uploads\/2022\/02\/Kotlin-vs-Java-2-300x150.png 300w, https:\/\/onesolutionsweb.com\/wp-content\/uploads\/2022\/02\/Kotlin-vs-Java-2.png 318w\" data-sizes=\"(max-width: 300px) 100vw, 300px\" src=\"data:image\/gif;base64,R0lGODlhAQABAAAAACH5BAEKAAEALAAAAAABAAEAAAICTAEAOw==\" style=\"--smush-placeholder-width: 300px; --smush-placeholder-aspect-ratio: 300\/150;\" \/><noscript><img decoding=\"async\" class=\"size-medium wp-image-10084 aligncenter\" src=\"http:\/\/onesolutionsweb.com\/wp-content\/uploads\/2022\/02\/Kotlin-vs-Java-2-300x150.png\" alt=\"\" width=\"300\" height=\"150\" srcset=\"https:\/\/onesolutionsweb.com\/wp-content\/uploads\/2022\/02\/Kotlin-vs-Java-2-300x150.png 300w, https:\/\/onesolutionsweb.com\/wp-content\/uploads\/2022\/02\/Kotlin-vs-Java-2.png 318w\" sizes=\"(max-width: 300px) 100vw, 300px\" \/><\/noscript>\u00a0<\/strong><\/p>\n<p>El desarrollo de aplicaciones Android es una forma fant\u00e1stica de impulsar el \u00e9xito de su empresa. Las aplicaciones Android pueden estar escritas en Java o en Kotlin. Las empresas pueden simplemente convertir el c\u00f3digo Java a Kotlin, lo que les permite alejarse de Java gradualmente.<\/p>\n<p>Sin embargo, \u00bfcu\u00e1l es la mejor opci\u00f3n para el desarrollo de aplicaciones Android? \u00bfEs seguro asumir que la nueva popularidad de Kotlin significa que deber\u00edas usarlo para crear tu aplicaci\u00f3n empresarial?\u00a0 Vamos a ver algunas de las diferencias entre Kotlin y Java para aclarar algunas dudas.<\/p>\n<p><strong>Java<\/strong><\/p>\n<p>Es el principal lenguaje para el desarrollo de Android<\/p>\n<p><strong><img decoding=\"async\" class=\"size-medium wp-image-10082 aligncenter lazyload\" data-src=\"http:\/\/onesolutionsweb.com\/wp-content\/uploads\/2022\/02\/java-android-removebg-preview-1-300x159.png\" alt=\"\" width=\"300\" height=\"159\" data-srcset=\"https:\/\/onesolutionsweb.com\/wp-content\/uploads\/2022\/02\/java-android-removebg-preview-1-300x159.png 300w, https:\/\/onesolutionsweb.com\/wp-content\/uploads\/2022\/02\/java-android-removebg-preview-1.png 686w\" data-sizes=\"(max-width: 300px) 100vw, 300px\" src=\"data:image\/gif;base64,R0lGODlhAQABAAAAACH5BAEKAAEALAAAAAABAAEAAAICTAEAOw==\" style=\"--smush-placeholder-width: 300px; --smush-placeholder-aspect-ratio: 300\/159;\" \/><noscript><img decoding=\"async\" class=\"size-medium wp-image-10082 aligncenter\" src=\"http:\/\/onesolutionsweb.com\/wp-content\/uploads\/2022\/02\/java-android-removebg-preview-1-300x159.png\" alt=\"\" width=\"300\" height=\"159\" srcset=\"https:\/\/onesolutionsweb.com\/wp-content\/uploads\/2022\/02\/java-android-removebg-preview-1-300x159.png 300w, https:\/\/onesolutionsweb.com\/wp-content\/uploads\/2022\/02\/java-android-removebg-preview-1.png 686w\" sizes=\"(max-width: 300px) 100vw, 300px\" \/><\/noscript><\/strong><\/p>\n<p><strong>Ventajas de Java<\/strong><strong>\u00a0<\/strong><\/p>\n<ul>\n<li>Java es multiplataforma y funciona pr\u00e1cticamente en cualquier dispositivo, servidor o sistema operativo<\/li>\n<li>Se puede entender f\u00e1cilmente<\/li>\n<li>Es f\u00e1cil crear aplicaciones modulares y reutilizar el c\u00f3digo<\/li>\n<li>El SDK (software development kit) de Android complementa a Java con numerosas bibliotecas est\u00e1ndar de Java<\/li>\n<li>Es un lenguaje de c\u00f3digo abierto<\/li>\n<li>Es un amplio ecosistema de c\u00f3digo abierto; debido a la adopci\u00f3n por parte de Google de la JVM (JVM, por sus siglas en ingl\u00e9s) o M\u00e1quina Virtual Java.<\/li>\n<\/ul>\n<p><strong>Desventajas de Java<\/strong><strong>\u00a0<\/strong><\/p>\n<ul>\n<li>Es un poco lento comparado con otros lenguajes de programaci\u00f3n<\/li>\n<li>Hay m\u00e1s l\u00edneas de c\u00f3digo en Java y m\u00e1s posibilidades de errores<\/li>\n<\/ul>\n<p><strong>Kotlin<\/strong><\/p>\n<p>Kotlin es un lenguaje de reciente creaci\u00f3n que se inspira en Java y que, por tanto, puede utilizarse en cualquier lugar donde se utilice Java en la actualidad.<\/p>\n<p><strong><img decoding=\"async\" class=\"size-medium wp-image-10086 aligncenter lazyload\" data-src=\"http:\/\/onesolutionsweb.com\/wp-content\/uploads\/2022\/02\/Kotlin-android-300x225.png\" alt=\"\" width=\"300\" height=\"225\" data-srcset=\"https:\/\/onesolutionsweb.com\/wp-content\/uploads\/2022\/02\/Kotlin-android-300x225.png 300w, https:\/\/onesolutionsweb.com\/wp-content\/uploads\/2022\/02\/Kotlin-android-768x576.png 768w, https:\/\/onesolutionsweb.com\/wp-content\/uploads\/2022\/02\/Kotlin-android.png 798w\" data-sizes=\"(max-width: 300px) 100vw, 300px\" src=\"data:image\/gif;base64,R0lGODlhAQABAAAAACH5BAEKAAEALAAAAAABAAEAAAICTAEAOw==\" style=\"--smush-placeholder-width: 300px; --smush-placeholder-aspect-ratio: 300\/225;\" \/><noscript><img decoding=\"async\" class=\"size-medium wp-image-10086 aligncenter\" src=\"http:\/\/onesolutionsweb.com\/wp-content\/uploads\/2022\/02\/Kotlin-android-300x225.png\" alt=\"\" width=\"300\" height=\"225\" srcset=\"https:\/\/onesolutionsweb.com\/wp-content\/uploads\/2022\/02\/Kotlin-android-300x225.png 300w, https:\/\/onesolutionsweb.com\/wp-content\/uploads\/2022\/02\/Kotlin-android-768x576.png 768w, https:\/\/onesolutionsweb.com\/wp-content\/uploads\/2022\/02\/Kotlin-android.png 798w\" sizes=\"(max-width: 300px) 100vw, 300px\" \/><\/noscript><\/strong><\/p>\n<p><strong>Ventajas de Kotlin<\/strong><strong>\u00a0<\/strong><\/p>\n<ul>\n<li>Es m\u00e1s conciso en comparaci\u00f3n con Java, menos l\u00edneas de codificaci\u00f3n, menos c\u00f3digo significa menos errores<\/li>\n<li>Migrar de Java a Kotlin es f\u00e1cil<\/li>\n<li>Tiene Null en su sistema de tipos que es un punto de preocupaci\u00f3n importante de Java<\/li>\n<\/ul>\n<p><strong>Desventajas de Kotlin<\/strong><\/p>\n<ul>\n<li>Su velocidad de compilaci\u00f3n es un poco lenta en comparaci\u00f3n con Java<\/li>\n<li>Las aplicaciones hechas en Kotlin no son compactas<\/li>\n<li>Su comunidad de apoyo es peque\u00f1a<\/li>\n<li>Hay muy pocos desarrolladores de Kotlin disponibles en el mercado<\/li>\n<\/ul>\n<p>Tanto Kotlin como Java tienen sus ventajas y desventajas.<\/p>\n<p>Cuando se trata de rendimiento, las aplicaciones desarrolladas con Kotlin y Java son pr\u00e1cticamente comparables. Las siguientes son quiz\u00e1 las ventajas m\u00e1s significativas de Kotlin: Se cree que las apps creadas en Kotlin son m\u00e1s seguras, as\u00ed como un lenguaje de programaci\u00f3n m\u00e1s conciso que elimina los frecuentes errores de programaci\u00f3n.<\/p>\n<p>Cuando se trata de crear apps complejas, Java supera a Kotlin en t\u00e9rminos de soportar el grado de c\u00f3digo necesario.<\/p>\n<p>Si no est\u00e1s seguro de qu\u00e9 lenguaje utilizar en tu desarrollo, recomendamos que consultes a profesionales.<\/p>\n<p><strong>Desarrolladores profesionales Kotlin<\/strong><\/p>\n<p>En el mercado, hay pocos desarrolladores en Kotlin. Como resultado, encontrar un mentor experimentado puede ser dif\u00edcil. Nos complace anunciar que tenemos un equipo de desarrollo Kotlin disponibles para trabajar en el desarrollo de su aplicaci\u00f3n Android.[\/vc_column_text]<div class=\"colored_theme_button prk_medium pls_shortcoded\"><a href=\"https:\/\/onesolutionsweb.com\/es\/#contact\" target=\"_self\" class=\"pulse_anchor\">Cont\u00e1ctanos<\/a><\/div>[\/vc_column][vc_column width=\u00bb1\/6&#8243;][\/vc_column][\/vc_row]<\/p>\n<\/div>","protected":false},"excerpt":{"rendered":"<p>[vc_row][vc_column width=\u00bb1\/6&#8243;][\/vc_column][vc_column width=\u00bb2\/3&#8243;][vc_column_text] \u00bfQu\u00e9 es Kotlin? Kotlin es un lenguaje de programaci\u00f3n de prop\u00f3sito general y orientado a objetos, dise\u00f1ado para interoperar plenamente con Java. El nombre de Kotlin deriva de la isla de Kotlin, cerca de San Petersburgo, donde se cre\u00f3 por JetBrains. Kotlin 1.0 se public\u00f3 el 15 de febrero de 2016. El [&hellip;]<\/p>\n","protected":false},"author":1,"featured_media":0,"parent":0,"menu_order":4,"comment_status":"closed","ping_status":"closed","template":"","meta":{"content-type":"","inline_featured_image":false,"footnotes":""},"class_list":["post-10080","page","type-page","status-publish","hentry"],"acf":[],"yoast_head":"<!-- This site is optimized with the Yoast SEO Premium plugin v23.8 (Yoast SEO v26.0) - https:\/\/yoast.com\/wordpress\/plugins\/seo\/ -->\n<title>Desarrollo en Kotlin - One Solutions<\/title>\n<meta name=\"robots\" content=\"index, follow, max-snippet:-1, max-image-preview:large, max-video-preview:-1\" \/>\n<link rel=\"canonical\" href=\"https:\/\/onesolutionsweb.com\/es\/kotlin\/\" \/>\n<meta property=\"og:locale\" content=\"es_ES\" \/>\n<meta property=\"og:type\" content=\"article\" \/>\n<meta property=\"og:title\" content=\"Desarrollo en Kotlin\" \/>\n<meta property=\"og:description\" content=\"\u00bfQu\u00e9 es Kotlin? Kotlin es un lenguaje de programaci\u00f3n de prop\u00f3sito general y orientado a objetos, dise\u00f1ado para interoperar plenamente con Java. El nombre\" \/>\n<meta property=\"og:url\" content=\"https:\/\/onesolutionsweb.com\/es\/kotlin\/\" \/>\n<meta property=\"og:site_name\" content=\"One Solutions\" \/>\n<meta property=\"article:publisher\" content=\"https:\/\/www.facebook.com\/onesolutionsweb\" \/>\n<meta property=\"article:modified_time\" content=\"2022-02-10T20:40:43+00:00\" \/>\n<meta property=\"og:image\" content=\"http:\/\/onesolutionsweb.com\/wp-content\/uploads\/2022\/02\/Kotlin_Icon-300x300.png\" \/>\n<meta name=\"twitter:card\" content=\"summary_large_image\" \/>\n<meta name=\"twitter:site\" content=\"@OneSolutionsWeb\" \/>\n<meta name=\"twitter:label1\" content=\"Tiempo de lectura\" \/>\n\t<meta name=\"twitter:data1\" content=\"3 minutos\" \/>\n<script type=\"application\/ld+json\" class=\"yoast-schema-graph\">{\"@context\":\"https:\/\/schema.org\",\"@graph\":[{\"@type\":\"WebPage\",\"@id\":\"https:\/\/onesolutionsweb.com\/es\/kotlin\/\",\"url\":\"https:\/\/onesolutionsweb.com\/es\/kotlin\/\",\"name\":\"Desarrollo en Kotlin - One Solutions\",\"isPartOf\":{\"@id\":\"https:\/\/onesolutionsweb.com\/#website\"},\"primaryImageOfPage\":{\"@id\":\"https:\/\/onesolutionsweb.com\/es\/kotlin\/#primaryimage\"},\"image\":{\"@id\":\"https:\/\/onesolutionsweb.com\/es\/kotlin\/#primaryimage\"},\"thumbnailUrl\":\"http:\/\/onesolutionsweb.com\/wp-content\/uploads\/2022\/02\/Kotlin_Icon-300x300.png\",\"datePublished\":\"2022-02-10T20:27:10+00:00\",\"dateModified\":\"2022-02-10T20:40:43+00:00\",\"breadcrumb\":{\"@id\":\"https:\/\/onesolutionsweb.com\/es\/kotlin\/#breadcrumb\"},\"inLanguage\":\"es\",\"potentialAction\":[{\"@type\":\"ReadAction\",\"target\":[\"https:\/\/onesolutionsweb.com\/es\/kotlin\/\"]}]},{\"@type\":\"ImageObject\",\"inLanguage\":\"es\",\"@id\":\"https:\/\/onesolutionsweb.com\/es\/kotlin\/#primaryimage\",\"url\":\"http:\/\/onesolutionsweb.com\/wp-content\/uploads\/2022\/02\/Kotlin_Icon-300x300.png\",\"contentUrl\":\"http:\/\/onesolutionsweb.com\/wp-content\/uploads\/2022\/02\/Kotlin_Icon-300x300.png\"},{\"@type\":\"BreadcrumbList\",\"@id\":\"https:\/\/onesolutionsweb.com\/es\/kotlin\/#breadcrumb\",\"itemListElement\":[{\"@type\":\"ListItem\",\"position\":1,\"name\":\"Portada\",\"item\":\"https:\/\/onesolutionsweb.com\/es\/\"},{\"@type\":\"ListItem\",\"position\":2,\"name\":\"Desarrollo en Kotlin\"}]},{\"@type\":\"WebSite\",\"@id\":\"https:\/\/onesolutionsweb.com\/#website\",\"url\":\"https:\/\/onesolutionsweb.com\/\",\"name\":\"One Solutions\",\"description\":\"Software Solutions\",\"publisher\":{\"@id\":\"https:\/\/onesolutionsweb.com\/#organization\"},\"potentialAction\":[{\"@type\":\"SearchAction\",\"target\":{\"@type\":\"EntryPoint\",\"urlTemplate\":\"https:\/\/onesolutionsweb.com\/?s={search_term_string}\"},\"query-input\":{\"@type\":\"PropertyValueSpecification\",\"valueRequired\":true,\"valueName\":\"search_term_string\"}}],\"inLanguage\":\"es\"},{\"@type\":\"Organization\",\"@id\":\"https:\/\/onesolutionsweb.com\/#organization\",\"name\":\"One Solutions\",\"url\":\"https:\/\/onesolutionsweb.com\/\",\"logo\":{\"@type\":\"ImageObject\",\"inLanguage\":\"es\",\"@id\":\"https:\/\/onesolutionsweb.com\/#\/schema\/logo\/image\/\",\"url\":\"https:\/\/secureservercdn.net\/104.238.71.33\/91x.30f.myftpupload.com\/wp-content\/uploads\/2021\/05\/logoblackico.png?time=1656722807\",\"contentUrl\":\"https:\/\/secureservercdn.net\/104.238.71.33\/91x.30f.myftpupload.com\/wp-content\/uploads\/2021\/05\/logoblackico.png?time=1656722807\",\"width\":494,\"height\":494,\"caption\":\"One Solutions\"},\"image\":{\"@id\":\"https:\/\/onesolutionsweb.com\/#\/schema\/logo\/image\/\"},\"sameAs\":[\"https:\/\/www.facebook.com\/onesolutionsweb\",\"https:\/\/x.com\/OneSolutionsWeb\",\"https:\/\/www.linkedin.com\/company\/onesolutionsweb\",\"https:\/\/www.instagram.com\/onesolutionsweb\/\"]}]}<\/script>\n<!-- \/ Yoast SEO Premium plugin. -->","yoast_head_json":{"title":"Desarrollo en Kotlin - One Solutions","robots":{"index":"index","follow":"follow","max-snippet":"max-snippet:-1","max-image-preview":"max-image-preview:large","max-video-preview":"max-video-preview:-1"},"canonical":"https:\/\/onesolutionsweb.com\/es\/kotlin\/","og_locale":"es_ES","og_type":"article","og_title":"Desarrollo en Kotlin","og_description":"\u00bfQu\u00e9 es Kotlin? Kotlin es un lenguaje de programaci\u00f3n de prop\u00f3sito general y orientado a objetos, dise\u00f1ado para interoperar plenamente con Java. El nombre","og_url":"https:\/\/onesolutionsweb.com\/es\/kotlin\/","og_site_name":"One Solutions","article_publisher":"https:\/\/www.facebook.com\/onesolutionsweb","article_modified_time":"2022-02-10T20:40:43+00:00","og_image":[{"url":"http:\/\/onesolutionsweb.com\/wp-content\/uploads\/2022\/02\/Kotlin_Icon-300x300.png","type":"","width":"","height":""}],"twitter_card":"summary_large_image","twitter_site":"@OneSolutionsWeb","twitter_misc":{"Tiempo de lectura":"3 minutos"},"schema":{"@context":"https:\/\/schema.org","@graph":[{"@type":"WebPage","@id":"https:\/\/onesolutionsweb.com\/es\/kotlin\/","url":"https:\/\/onesolutionsweb.com\/es\/kotlin\/","name":"Desarrollo en Kotlin - One Solutions","isPartOf":{"@id":"https:\/\/onesolutionsweb.com\/#website"},"primaryImageOfPage":{"@id":"https:\/\/onesolutionsweb.com\/es\/kotlin\/#primaryimage"},"image":{"@id":"https:\/\/onesolutionsweb.com\/es\/kotlin\/#primaryimage"},"thumbnailUrl":"http:\/\/onesolutionsweb.com\/wp-content\/uploads\/2022\/02\/Kotlin_Icon-300x300.png","datePublished":"2022-02-10T20:27:10+00:00","dateModified":"2022-02-10T20:40:43+00:00","breadcrumb":{"@id":"https:\/\/onesolutionsweb.com\/es\/kotlin\/#breadcrumb"},"inLanguage":"es","potentialAction":[{"@type":"ReadAction","target":["https:\/\/onesolutionsweb.com\/es\/kotlin\/"]}]},{"@type":"ImageObject","inLanguage":"es","@id":"https:\/\/onesolutionsweb.com\/es\/kotlin\/#primaryimage","url":"http:\/\/onesolutionsweb.com\/wp-content\/uploads\/2022\/02\/Kotlin_Icon-300x300.png","contentUrl":"http:\/\/onesolutionsweb.com\/wp-content\/uploads\/2022\/02\/Kotlin_Icon-300x300.png"},{"@type":"BreadcrumbList","@id":"https:\/\/onesolutionsweb.com\/es\/kotlin\/#breadcrumb","itemListElement":[{"@type":"ListItem","position":1,"name":"Portada","item":"https:\/\/onesolutionsweb.com\/es\/"},{"@type":"ListItem","position":2,"name":"Desarrollo en Kotlin"}]},{"@type":"WebSite","@id":"https:\/\/onesolutionsweb.com\/#website","url":"https:\/\/onesolutionsweb.com\/","name":"One Solutions","description":"Software Solutions","publisher":{"@id":"https:\/\/onesolutionsweb.com\/#organization"},"potentialAction":[{"@type":"SearchAction","target":{"@type":"EntryPoint","urlTemplate":"https:\/\/onesolutionsweb.com\/?s={search_term_string}"},"query-input":{"@type":"PropertyValueSpecification","valueRequired":true,"valueName":"search_term_string"}}],"inLanguage":"es"},{"@type":"Organization","@id":"https:\/\/onesolutionsweb.com\/#organization","name":"One Solutions","url":"https:\/\/onesolutionsweb.com\/","logo":{"@type":"ImageObject","inLanguage":"es","@id":"https:\/\/onesolutionsweb.com\/#\/schema\/logo\/image\/","url":"https:\/\/secureservercdn.net\/104.238.71.33\/91x.30f.myftpupload.com\/wp-content\/uploads\/2021\/05\/logoblackico.png?time=1656722807","contentUrl":"https:\/\/secureservercdn.net\/104.238.71.33\/91x.30f.myftpupload.com\/wp-content\/uploads\/2021\/05\/logoblackico.png?time=1656722807","width":494,"height":494,"caption":"One Solutions"},"image":{"@id":"https:\/\/onesolutionsweb.com\/#\/schema\/logo\/image\/"},"sameAs":["https:\/\/www.facebook.com\/onesolutionsweb","https:\/\/x.com\/OneSolutionsWeb","https:\/\/www.linkedin.com\/company\/onesolutionsweb","https:\/\/www.instagram.com\/onesolutionsweb\/"]}]}},"_links":{"self":[{"href":"https:\/\/onesolutionsweb.com\/es\/wp-json\/wp\/v2\/pages\/10080","targetHints":{"allow":["GET"]}}],"collection":[{"href":"https:\/\/onesolutionsweb.com\/es\/wp-json\/wp\/v2\/pages"}],"about":[{"href":"https:\/\/onesolutionsweb.com\/es\/wp-json\/wp\/v2\/types\/page"}],"author":[{"embeddable":true,"href":"https:\/\/onesolutionsweb.com\/es\/wp-json\/wp\/v2\/users\/1"}],"replies":[{"embeddable":true,"href":"https:\/\/onesolutionsweb.com\/es\/wp-json\/wp\/v2\/comments?post=10080"}],"version-history":[{"count":3,"href":"https:\/\/onesolutionsweb.com\/es\/wp-json\/wp\/v2\/pages\/10080\/revisions"}],"predecessor-version":[{"id":10097,"href":"https:\/\/onesolutionsweb.com\/es\/wp-json\/wp\/v2\/pages\/10080\/revisions\/10097"}],"wp:attachment":[{"href":"https:\/\/onesolutionsweb.com\/es\/wp-json\/wp\/v2\/media?parent=10080"}],"curies":[{"name":"wp","href":"https:\/\/api.w.org\/{rel}","templated":true}]}}