{"id":10053,"date":"2022-02-03T23:49:35","date_gmt":"2022-02-03T23:49:35","guid":{"rendered":"https:\/\/onesolutionsweb.com\/php\/"},"modified":"2022-02-14T14:49:26","modified_gmt":"2022-02-14T14:49:26","slug":"php","status":"publish","type":"page","link":"https:\/\/onesolutionsweb.com\/es\/software-company-consulting-outsourcing-technologies\/php\/","title":{"rendered":"Desarrollo en Php"},"content":{"rendered":"<div class=\"wpb-content-wrapper\"><p>[vc_row][vc_column width=\u00bb1\/6&#8243;][\/vc_column][vc_column width=\u00bb2\/3&#8243;][vc_column_text]<strong> <img decoding=\"async\" class=\"size-medium wp-image-9919 alignright lazyload\" data-src=\"http:\/\/onesolutionsweb.com\/wp-content\/uploads\/2022\/02\/PHP-logo.svg-300x162.png\" alt=\"\" width=\"300\" height=\"162\" data-srcset=\"https:\/\/onesolutionsweb.com\/wp-content\/uploads\/2022\/02\/PHP-logo.svg-300x162.png 300w, https:\/\/onesolutionsweb.com\/wp-content\/uploads\/2022\/02\/PHP-logo.svg-1024x553.png 1024w, https:\/\/onesolutionsweb.com\/wp-content\/uploads\/2022\/02\/PHP-logo.svg-768x415.png 768w, https:\/\/onesolutionsweb.com\/wp-content\/uploads\/2022\/02\/PHP-logo.svg-1536x830.png 1536w, https:\/\/onesolutionsweb.com\/wp-content\/uploads\/2022\/02\/PHP-logo.svg-2048x1106.png 2048w\" data-sizes=\"(max-width: 300px) 100vw, 300px\" src=\"data:image\/gif;base64,R0lGODlhAQABAAAAACH5BAEKAAEALAAAAAABAAEAAAICTAEAOw==\" style=\"--smush-placeholder-width: 300px; --smush-placeholder-aspect-ratio: 300\/162;\" \/><noscript><img decoding=\"async\" class=\"size-medium wp-image-9919 alignright\" src=\"http:\/\/onesolutionsweb.com\/wp-content\/uploads\/2022\/02\/PHP-logo.svg-300x162.png\" alt=\"\" width=\"300\" height=\"162\" srcset=\"https:\/\/onesolutionsweb.com\/wp-content\/uploads\/2022\/02\/PHP-logo.svg-300x162.png 300w, https:\/\/onesolutionsweb.com\/wp-content\/uploads\/2022\/02\/PHP-logo.svg-1024x553.png 1024w, https:\/\/onesolutionsweb.com\/wp-content\/uploads\/2022\/02\/PHP-logo.svg-768x415.png 768w, https:\/\/onesolutionsweb.com\/wp-content\/uploads\/2022\/02\/PHP-logo.svg-1536x830.png 1536w, https:\/\/onesolutionsweb.com\/wp-content\/uploads\/2022\/02\/PHP-logo.svg-2048x1106.png 2048w\" sizes=\"(max-width: 300px) 100vw, 300px\" \/><\/noscript><\/strong><\/p>\n<p><strong>\u00bfQue es PHP?<\/strong><\/p>\n<p>PHP originalmente viene del acr\u00f3nimo en ingl\u00e9s \u201cPersonal Home Page\u201d, pero actualmente se lo interpreta como \u201cHypertext Pre-processor\u201d que se podr\u00eda traducir como \u201cLenguaje de Programaci\u00f3n Interpretado\u201d, es un lenguaje de scripting de c\u00f3digo abierto y de prop\u00f3sito general, que se utiliza para desarrollar sitios o aplicaciones web.\u00a0 PHP fue creado por Rasmus Lerdorf en 1994 como un lenguaje de scripting intuitivo del lado del servidor<\/p>\n<p><strong>\u00bfQu\u00e9 son los lenguajes de scripting?<\/strong><\/p>\n<p>Un lenguaje de scripting es una especie de lenguaje de programaci\u00f3n inform\u00e1tica que se utiliza para enviar instrucciones, o scripts, al software. Estos contienen una serie de comandos que se interpretan uno a uno en tiempo de ejecuci\u00f3n, a diferencia de los lenguajes de programaci\u00f3n que se compilan primero antes de ejecutarse.<\/p>\n<p><strong>Diferencias entre los Lenguajes de Programaci\u00f3n Vs. Los lenguajes Scripting<\/strong><\/p>\n<p><strong>\u00a0<\/strong><\/p>\n<table>\n<tbody>\n<tr>\n<td width=\"283\"><strong>Lenguaje de Programaci\u00f3n<\/strong><\/td>\n<td width=\"283\"><strong>Lenguaje Scripting<\/strong><\/td>\n<\/tr>\n<tr>\n<td width=\"283\">Compilados<\/td>\n<td width=\"283\">Interpretados<\/td>\n<\/tr>\n<tr>\n<td width=\"283\">Datos y c\u00f3digo separados<\/td>\n<td width=\"283\">Datos y c\u00f3digo integrados<\/td>\n<\/tr>\n<tr>\n<td width=\"283\">El c\u00f3digo tiene que ser compilado antes de ser ejecutado<\/td>\n<td width=\"283\">El c\u00f3digo se suele ejecutar sin compilar<\/td>\n<\/tr>\n<tr>\n<td width=\"283\">No es necesario integrarlo en otros lenguajes<\/td>\n<td width=\"283\">Suele estar integrado en otros entornos de software<\/td>\n<\/tr>\n<tr>\n<td width=\"283\">M\u00e1s orientado al detalle<\/td>\n<td width=\"283\">M\u00e1s productivo<\/td>\n<\/tr>\n<tr>\n<td width=\"283\">Se utiliza para desarrollar diferentes aplicaciones como: web, m\u00f3vil, etc.<\/td>\n<td width=\"283\">Se utiliza sobre todo para el desarrollo web<\/td>\n<\/tr>\n<tr>\n<td width=\"283\">Ejemplos: Perl, Ruby, Visual Basic, Python<\/td>\n<td width=\"283\">Ejemplos: Java, CC++, Ada, Pascal<\/td>\n<\/tr>\n<\/tbody>\n<\/table>\n<p><strong>\u00bfPor qu\u00e9 utilizar PHP para el desarrollo web?<\/strong><\/p>\n<p>PHP es conocido como uno de los lenguajes de programaci\u00f3n m\u00e1s utilizados en el lado del servidor con beneficios como:<\/p>\n<ul>\n<li>C\u00f3digo abierto<\/li>\n<li>Escalabilidad<\/li>\n<li>Alto rendimiento<\/li>\n<li>Seguridad<\/li>\n<li>Eficiencia en costos<\/li>\n<\/ul>\n<p><strong>Aplicaciones web desarrolladas con PHP<\/strong><\/p>\n<p>Muchos gigantes de la tecnolog\u00eda y empresas de diferentes \u00e1mbitos utilizan PHP<\/p>\n<p><strong>Plataformas de redes sociales como Facebook utilizan PHP<\/strong><\/p>\n<p>Facebook se desarroll\u00f3 originalmente en PHP, pero con el tiempo ha incluido una variedad de aspectos y servicios que utilizan diferentes lenguajes y tecnolog\u00edas. Crearon su propio lenguaje de programaci\u00f3n, aunque todav\u00eda basado en PHP (<a href=\"https:\/\/www.facebook.com\/notes\/10158791295597200\/\">HipHop for PHP<\/a>)<\/p>\n<p><img decoding=\"async\" class=\"wp-image-9917 size-full aligncenter lazyload\" data-src=\"http:\/\/onesolutionsweb.com\/wp-content\/uploads\/2022\/02\/ejemplosanunciosfacebook.jpeg\" alt=\"\" width=\"509\" height=\"339\" data-srcset=\"https:\/\/onesolutionsweb.com\/wp-content\/uploads\/2022\/02\/ejemplosanunciosfacebook.jpeg 509w, https:\/\/onesolutionsweb.com\/wp-content\/uploads\/2022\/02\/ejemplosanunciosfacebook-300x200.jpeg 300w\" data-sizes=\"(max-width: 509px) 100vw, 509px\" src=\"data:image\/gif;base64,R0lGODlhAQABAAAAACH5BAEKAAEALAAAAAABAAEAAAICTAEAOw==\" style=\"--smush-placeholder-width: 509px; --smush-placeholder-aspect-ratio: 509\/339;\" \/><noscript><img decoding=\"async\" class=\"wp-image-9917 size-full aligncenter\" src=\"http:\/\/onesolutionsweb.com\/wp-content\/uploads\/2022\/02\/ejemplosanunciosfacebook.jpeg\" alt=\"\" width=\"509\" height=\"339\" srcset=\"https:\/\/onesolutionsweb.com\/wp-content\/uploads\/2022\/02\/ejemplosanunciosfacebook.jpeg 509w, https:\/\/onesolutionsweb.com\/wp-content\/uploads\/2022\/02\/ejemplosanunciosfacebook-300x200.jpeg 300w\" sizes=\"(max-width: 509px) 100vw, 509px\" \/><\/noscript><\/p>\n<p>&nbsp;<\/p>\n<p><strong>WordPress<\/strong><\/p>\n<p>WordPress es una plataforma de creaci\u00f3n de sitios web gratuita y de c\u00f3digo abierto o, dicho de otro modo, un sistema de gesti\u00f3n de contenidos (CMS) basado en PHP que aprovecha una base de datos MySQL.<\/p>\n<p><img decoding=\"async\" class=\"aligncenter wp-image-9923 size-full lazyload\" data-src=\"http:\/\/onesolutionsweb.com\/wp-content\/uploads\/2022\/02\/wpe.jpg\" alt=\"\" width=\"1042\" height=\"665\" data-srcset=\"https:\/\/onesolutionsweb.com\/wp-content\/uploads\/2022\/02\/wpe.jpg 1042w, https:\/\/onesolutionsweb.com\/wp-content\/uploads\/2022\/02\/wpe-300x191.jpg 300w, https:\/\/onesolutionsweb.com\/wp-content\/uploads\/2022\/02\/wpe-1024x654.jpg 1024w, https:\/\/onesolutionsweb.com\/wp-content\/uploads\/2022\/02\/wpe-768x490.jpg 768w\" data-sizes=\"(max-width: 1042px) 100vw, 1042px\" src=\"data:image\/gif;base64,R0lGODlhAQABAAAAACH5BAEKAAEALAAAAAABAAEAAAICTAEAOw==\" style=\"--smush-placeholder-width: 1042px; --smush-placeholder-aspect-ratio: 1042\/665;\" \/><noscript><img decoding=\"async\" class=\"aligncenter wp-image-9923 size-full\" src=\"http:\/\/onesolutionsweb.com\/wp-content\/uploads\/2022\/02\/wpe.jpg\" alt=\"\" width=\"1042\" height=\"665\" srcset=\"https:\/\/onesolutionsweb.com\/wp-content\/uploads\/2022\/02\/wpe.jpg 1042w, https:\/\/onesolutionsweb.com\/wp-content\/uploads\/2022\/02\/wpe-300x191.jpg 300w, https:\/\/onesolutionsweb.com\/wp-content\/uploads\/2022\/02\/wpe-1024x654.jpg 1024w, https:\/\/onesolutionsweb.com\/wp-content\/uploads\/2022\/02\/wpe-768x490.jpg 768w\" sizes=\"(max-width: 1042px) 100vw, 1042px\" \/><\/noscript><\/p>\n<p><strong>Spotify<\/strong><\/p>\n<p>Spotify es un servicio de streaming de m\u00fasica, podcasts y v\u00eddeos que permite acceder a millones de canciones y otros materiales de todo el mundo. Utiliza PHP en el lado del servidor.<\/p>\n<p><img decoding=\"async\" class=\"wp-image-9921 size-full alignright lazyload\" data-src=\"http:\/\/onesolutionsweb.com\/wp-content\/uploads\/2022\/02\/spotify.jpg\" alt=\"\" width=\"939\" height=\"528\" data-srcset=\"https:\/\/onesolutionsweb.com\/wp-content\/uploads\/2022\/02\/spotify.jpg 939w, https:\/\/onesolutionsweb.com\/wp-content\/uploads\/2022\/02\/spotify-300x169.jpg 300w, https:\/\/onesolutionsweb.com\/wp-content\/uploads\/2022\/02\/spotify-768x432.jpg 768w\" data-sizes=\"(max-width: 939px) 100vw, 939px\" src=\"data:image\/gif;base64,R0lGODlhAQABAAAAACH5BAEKAAEALAAAAAABAAEAAAICTAEAOw==\" style=\"--smush-placeholder-width: 939px; --smush-placeholder-aspect-ratio: 939\/528;\" \/><noscript><img decoding=\"async\" class=\"wp-image-9921 size-full alignright\" src=\"http:\/\/onesolutionsweb.com\/wp-content\/uploads\/2022\/02\/spotify.jpg\" alt=\"\" width=\"939\" height=\"528\" srcset=\"https:\/\/onesolutionsweb.com\/wp-content\/uploads\/2022\/02\/spotify.jpg 939w, https:\/\/onesolutionsweb.com\/wp-content\/uploads\/2022\/02\/spotify-300x169.jpg 300w, https:\/\/onesolutionsweb.com\/wp-content\/uploads\/2022\/02\/spotify-768x432.jpg 768w\" sizes=\"(max-width: 939px) 100vw, 939px\" \/><\/noscript><\/p>\n<p><strong>\u00a0<\/strong><\/p>\n<p><strong>Desarrollos en PHP <\/strong><\/p>\n<p>One Solutions ofrece desarrolladores PHP profesionales con m\u00e1s de 10 a\u00f1os de experiencia para trabajar con soluciones web HPH escalables y fiables a precios competitivos. Podemos crear desarrollos PHP para sitios de comercio electr\u00f3nico, sitios de redes sociales y m\u00e1s.<\/p>\n<p>Para saber m\u00e1s sobre nuestros servicios de outsourcing en PHP, p\u00f3ngase en contacto con nosotros ahora mismo.[\/vc_column_text]<div class=\"colored_theme_button prk_medium pls_shortcoded\"><a href=\"https:\/\/onesolutionsweb.com\/es\/#contact\" target=\"_self\" class=\"pulse_anchor\">Cont\u00e1ctanos<\/a><\/div>[\/vc_column][vc_column width=\u00bb1\/6&#8243;][\/vc_column][\/vc_row]<\/p>\n<\/div>","protected":false},"excerpt":{"rendered":"<p>[vc_row][vc_column width=\u00bb1\/6&#8243;][\/vc_column][vc_column width=\u00bb2\/3&#8243;][vc_column_text] \u00bfQue es PHP? PHP originalmente viene del acr\u00f3nimo en ingl\u00e9s \u201cPersonal Home Page\u201d, pero actualmente se lo interpreta como \u201cHypertext Pre-processor\u201d que se podr\u00eda traducir como \u201cLenguaje de Programaci\u00f3n Interpretado\u201d, es un lenguaje de scripting de c\u00f3digo abierto y de prop\u00f3sito general, que se utiliza para desarrollar sitios o aplicaciones web.\u00a0 PHP [&hellip;]<\/p>\n","protected":false},"author":1,"featured_media":0,"parent":10110,"menu_order":11,"comment_status":"closed","ping_status":"closed","template":"","meta":{"content-type":"","inline_featured_image":false,"footnotes":""},"class_list":["post-10053","page","type-page","status-publish","hentry"],"acf":[],"yoast_head":"<!-- This site is optimized with the Yoast SEO Premium plugin v23.8 (Yoast SEO v26.0) - https:\/\/yoast.com\/wordpress\/plugins\/seo\/ -->\n<title>Desarrollo en Php - One Solutions<\/title>\n<meta name=\"robots\" content=\"index, follow, max-snippet:-1, max-image-preview:large, max-video-preview:-1\" \/>\n<link rel=\"canonical\" href=\"https:\/\/onesolutionsweb.com\/es\/software-company-consulting-outsourcing-technologies\/php\/\" \/>\n<meta property=\"og:locale\" content=\"es_ES\" \/>\n<meta property=\"og:type\" content=\"article\" \/>\n<meta property=\"og:title\" content=\"Desarrollo en Php\" \/>\n<meta property=\"og:description\" content=\"\u00bfQue es PHP? PHP originalmente viene del acr\u00f3nimo en ingl\u00e9s \u201cPersonal Home Page\u201d, pero actualmente se lo interpreta como \u201cHypertext Pre-processor\u201d que se\" \/>\n<meta property=\"og:url\" content=\"https:\/\/onesolutionsweb.com\/es\/software-company-consulting-outsourcing-technologies\/php\/\" \/>\n<meta property=\"og:site_name\" content=\"One Solutions\" \/>\n<meta property=\"article:publisher\" content=\"https:\/\/www.facebook.com\/onesolutionsweb\" \/>\n<meta property=\"article:modified_time\" content=\"2022-02-14T14:49:26+00:00\" \/>\n<meta property=\"og:image\" content=\"http:\/\/onesolutionsweb.com\/wp-content\/uploads\/2022\/02\/PHP-logo.svg-300x162.png\" \/>\n<meta name=\"twitter:card\" content=\"summary_large_image\" \/>\n<meta name=\"twitter:site\" content=\"@OneSolutionsWeb\" \/>\n<meta name=\"twitter:label1\" content=\"Tiempo de lectura\" \/>\n\t<meta name=\"twitter:data1\" content=\"3 minutos\" \/>\n<script type=\"application\/ld+json\" class=\"yoast-schema-graph\">{\"@context\":\"https:\/\/schema.org\",\"@graph\":[{\"@type\":\"WebPage\",\"@id\":\"https:\/\/onesolutionsweb.com\/es\/software-company-consulting-outsourcing-technologies\/php\/\",\"url\":\"https:\/\/onesolutionsweb.com\/es\/software-company-consulting-outsourcing-technologies\/php\/\",\"name\":\"Desarrollo en Php - One Solutions\",\"isPartOf\":{\"@id\":\"https:\/\/onesolutionsweb.com\/#website\"},\"primaryImageOfPage\":{\"@id\":\"https:\/\/onesolutionsweb.com\/es\/software-company-consulting-outsourcing-technologies\/php\/#primaryimage\"},\"image\":{\"@id\":\"https:\/\/onesolutionsweb.com\/es\/software-company-consulting-outsourcing-technologies\/php\/#primaryimage\"},\"thumbnailUrl\":\"http:\/\/onesolutionsweb.com\/wp-content\/uploads\/2022\/02\/PHP-logo.svg-300x162.png\",\"datePublished\":\"2022-02-03T23:49:35+00:00\",\"dateModified\":\"2022-02-14T14:49:26+00:00\",\"breadcrumb\":{\"@id\":\"https:\/\/onesolutionsweb.com\/es\/software-company-consulting-outsourcing-technologies\/php\/#breadcrumb\"},\"inLanguage\":\"es\",\"potentialAction\":[{\"@type\":\"ReadAction\",\"target\":[\"https:\/\/onesolutionsweb.com\/es\/software-company-consulting-outsourcing-technologies\/php\/\"]}]},{\"@type\":\"ImageObject\",\"inLanguage\":\"es\",\"@id\":\"https:\/\/onesolutionsweb.com\/es\/software-company-consulting-outsourcing-technologies\/php\/#primaryimage\",\"url\":\"http:\/\/onesolutionsweb.com\/wp-content\/uploads\/2022\/02\/PHP-logo.svg-300x162.png\",\"contentUrl\":\"http:\/\/onesolutionsweb.com\/wp-content\/uploads\/2022\/02\/PHP-logo.svg-300x162.png\"},{\"@type\":\"BreadcrumbList\",\"@id\":\"https:\/\/onesolutionsweb.com\/es\/software-company-consulting-outsourcing-technologies\/php\/#breadcrumb\",\"itemListElement\":[{\"@type\":\"ListItem\",\"position\":1,\"name\":\"Portada\",\"item\":\"https:\/\/onesolutionsweb.com\/es\/\"},{\"@type\":\"ListItem\",\"position\":2,\"name\":\"Tecnolog\u00edas\",\"item\":\"https:\/\/onesolutionsweb.com\/es\/software-company-consulting-outsourcing-technologies\/\"},{\"@type\":\"ListItem\",\"position\":3,\"name\":\"Desarrollo en Php\"}]},{\"@type\":\"WebSite\",\"@id\":\"https:\/\/onesolutionsweb.com\/#website\",\"url\":\"https:\/\/onesolutionsweb.com\/\",\"name\":\"One Solutions\",\"description\":\"Software Solutions\",\"publisher\":{\"@id\":\"https:\/\/onesolutionsweb.com\/#organization\"},\"potentialAction\":[{\"@type\":\"SearchAction\",\"target\":{\"@type\":\"EntryPoint\",\"urlTemplate\":\"https:\/\/onesolutionsweb.com\/?s={search_term_string}\"},\"query-input\":{\"@type\":\"PropertyValueSpecification\",\"valueRequired\":true,\"valueName\":\"search_term_string\"}}],\"inLanguage\":\"es\"},{\"@type\":\"Organization\",\"@id\":\"https:\/\/onesolutionsweb.com\/#organization\",\"name\":\"One Solutions\",\"url\":\"https:\/\/onesolutionsweb.com\/\",\"logo\":{\"@type\":\"ImageObject\",\"inLanguage\":\"es\",\"@id\":\"https:\/\/onesolutionsweb.com\/#\/schema\/logo\/image\/\",\"url\":\"https:\/\/secureservercdn.net\/104.238.71.33\/91x.30f.myftpupload.com\/wp-content\/uploads\/2021\/05\/logoblackico.png?time=1656722807\",\"contentUrl\":\"https:\/\/secureservercdn.net\/104.238.71.33\/91x.30f.myftpupload.com\/wp-content\/uploads\/2021\/05\/logoblackico.png?time=1656722807\",\"width\":494,\"height\":494,\"caption\":\"One Solutions\"},\"image\":{\"@id\":\"https:\/\/onesolutionsweb.com\/#\/schema\/logo\/image\/\"},\"sameAs\":[\"https:\/\/www.facebook.com\/onesolutionsweb\",\"https:\/\/x.com\/OneSolutionsWeb\",\"https:\/\/www.linkedin.com\/company\/onesolutionsweb\",\"https:\/\/www.instagram.com\/onesolutionsweb\/\"]}]}<\/script>\n<!-- \/ Yoast SEO Premium plugin. -->","yoast_head_json":{"title":"Desarrollo en Php - One Solutions","robots":{"index":"index","follow":"follow","max-snippet":"max-snippet:-1","max-image-preview":"max-image-preview:large","max-video-preview":"max-video-preview:-1"},"canonical":"https:\/\/onesolutionsweb.com\/es\/software-company-consulting-outsourcing-technologies\/php\/","og_locale":"es_ES","og_type":"article","og_title":"Desarrollo en Php","og_description":"\u00bfQue es PHP? PHP originalmente viene del acr\u00f3nimo en ingl\u00e9s \u201cPersonal Home Page\u201d, pero actualmente se lo interpreta como \u201cHypertext Pre-processor\u201d que se","og_url":"https:\/\/onesolutionsweb.com\/es\/software-company-consulting-outsourcing-technologies\/php\/","og_site_name":"One Solutions","article_publisher":"https:\/\/www.facebook.com\/onesolutionsweb","article_modified_time":"2022-02-14T14:49:26+00:00","og_image":[{"url":"http:\/\/onesolutionsweb.com\/wp-content\/uploads\/2022\/02\/PHP-logo.svg-300x162.png","type":"","width":"","height":""}],"twitter_card":"summary_large_image","twitter_site":"@OneSolutionsWeb","twitter_misc":{"Tiempo de lectura":"3 minutos"},"schema":{"@context":"https:\/\/schema.org","@graph":[{"@type":"WebPage","@id":"https:\/\/onesolutionsweb.com\/es\/software-company-consulting-outsourcing-technologies\/php\/","url":"https:\/\/onesolutionsweb.com\/es\/software-company-consulting-outsourcing-technologies\/php\/","name":"Desarrollo en Php - One Solutions","isPartOf":{"@id":"https:\/\/onesolutionsweb.com\/#website"},"primaryImageOfPage":{"@id":"https:\/\/onesolutionsweb.com\/es\/software-company-consulting-outsourcing-technologies\/php\/#primaryimage"},"image":{"@id":"https:\/\/onesolutionsweb.com\/es\/software-company-consulting-outsourcing-technologies\/php\/#primaryimage"},"thumbnailUrl":"http:\/\/onesolutionsweb.com\/wp-content\/uploads\/2022\/02\/PHP-logo.svg-300x162.png","datePublished":"2022-02-03T23:49:35+00:00","dateModified":"2022-02-14T14:49:26+00:00","breadcrumb":{"@id":"https:\/\/onesolutionsweb.com\/es\/software-company-consulting-outsourcing-technologies\/php\/#breadcrumb"},"inLanguage":"es","potentialAction":[{"@type":"ReadAction","target":["https:\/\/onesolutionsweb.com\/es\/software-company-consulting-outsourcing-technologies\/php\/"]}]},{"@type":"ImageObject","inLanguage":"es","@id":"https:\/\/onesolutionsweb.com\/es\/software-company-consulting-outsourcing-technologies\/php\/#primaryimage","url":"http:\/\/onesolutionsweb.com\/wp-content\/uploads\/2022\/02\/PHP-logo.svg-300x162.png","contentUrl":"http:\/\/onesolutionsweb.com\/wp-content\/uploads\/2022\/02\/PHP-logo.svg-300x162.png"},{"@type":"BreadcrumbList","@id":"https:\/\/onesolutionsweb.com\/es\/software-company-consulting-outsourcing-technologies\/php\/#breadcrumb","itemListElement":[{"@type":"ListItem","position":1,"name":"Portada","item":"https:\/\/onesolutionsweb.com\/es\/"},{"@type":"ListItem","position":2,"name":"Tecnolog\u00edas","item":"https:\/\/onesolutionsweb.com\/es\/software-company-consulting-outsourcing-technologies\/"},{"@type":"ListItem","position":3,"name":"Desarrollo en Php"}]},{"@type":"WebSite","@id":"https:\/\/onesolutionsweb.com\/#website","url":"https:\/\/onesolutionsweb.com\/","name":"One Solutions","description":"Software Solutions","publisher":{"@id":"https:\/\/onesolutionsweb.com\/#organization"},"potentialAction":[{"@type":"SearchAction","target":{"@type":"EntryPoint","urlTemplate":"https:\/\/onesolutionsweb.com\/?s={search_term_string}"},"query-input":{"@type":"PropertyValueSpecification","valueRequired":true,"valueName":"search_term_string"}}],"inLanguage":"es"},{"@type":"Organization","@id":"https:\/\/onesolutionsweb.com\/#organization","name":"One Solutions","url":"https:\/\/onesolutionsweb.com\/","logo":{"@type":"ImageObject","inLanguage":"es","@id":"https:\/\/onesolutionsweb.com\/#\/schema\/logo\/image\/","url":"https:\/\/secureservercdn.net\/104.238.71.33\/91x.30f.myftpupload.com\/wp-content\/uploads\/2021\/05\/logoblackico.png?time=1656722807","contentUrl":"https:\/\/secureservercdn.net\/104.238.71.33\/91x.30f.myftpupload.com\/wp-content\/uploads\/2021\/05\/logoblackico.png?time=1656722807","width":494,"height":494,"caption":"One Solutions"},"image":{"@id":"https:\/\/onesolutionsweb.com\/#\/schema\/logo\/image\/"},"sameAs":["https:\/\/www.facebook.com\/onesolutionsweb","https:\/\/x.com\/OneSolutionsWeb","https:\/\/www.linkedin.com\/company\/onesolutionsweb","https:\/\/www.instagram.com\/onesolutionsweb\/"]}]}},"_links":{"self":[{"href":"https:\/\/onesolutionsweb.com\/es\/wp-json\/wp\/v2\/pages\/10053","targetHints":{"allow":["GET"]}}],"collection":[{"href":"https:\/\/onesolutionsweb.com\/es\/wp-json\/wp\/v2\/pages"}],"about":[{"href":"https:\/\/onesolutionsweb.com\/es\/wp-json\/wp\/v2\/types\/page"}],"author":[{"embeddable":true,"href":"https:\/\/onesolutionsweb.com\/es\/wp-json\/wp\/v2\/users\/1"}],"replies":[{"embeddable":true,"href":"https:\/\/onesolutionsweb.com\/es\/wp-json\/wp\/v2\/comments?post=10053"}],"version-history":[{"count":3,"href":"https:\/\/onesolutionsweb.com\/es\/wp-json\/wp\/v2\/pages\/10053\/revisions"}],"predecessor-version":[{"id":10159,"href":"https:\/\/onesolutionsweb.com\/es\/wp-json\/wp\/v2\/pages\/10053\/revisions\/10159"}],"up":[{"embeddable":true,"href":"https:\/\/onesolutionsweb.com\/es\/wp-json\/wp\/v2\/pages\/10110"}],"wp:attachment":[{"href":"https:\/\/onesolutionsweb.com\/es\/wp-json\/wp\/v2\/media?parent=10053"}],"curies":[{"name":"wp","href":"https:\/\/api.w.org\/{rel}","templated":true}]}}