{"id":10043,"date":"2022-02-10T16:52:56","date_gmt":"2022-02-10T16:52:56","guid":{"rendered":"https:\/\/onesolutionsweb.com\/node-js-development-service\/"},"modified":"2024-02-22T16:18:13","modified_gmt":"2024-02-22T16:18:13","slug":"node-js","status":"publish","type":"page","link":"https:\/\/onesolutionsweb.com\/es\/software-company-consulting-outsourcing-technologies\/node-js\/","title":{"rendered":"Desarrollo en Node.js"},"content":{"rendered":"<div class=\"wpb-content-wrapper\"><p>[vc_row][vc_column width=\u00bb1\/6&#8243;][\/vc_column][vc_column width=\u00bb2\/3&#8243;][vc_column_text]<strong><img decoding=\"async\" class=\"size-medium wp-image-10032 alignright lazyload\" data-src=\"http:\/\/onesolutionsweb.com\/wp-content\/uploads\/2022\/02\/1280px-Node.js_logo.svg-300x184.png\" alt=\"\" width=\"300\" height=\"184\" data-srcset=\"https:\/\/onesolutionsweb.com\/wp-content\/uploads\/2022\/02\/1280px-Node.js_logo.svg-300x184.png 300w, https:\/\/onesolutionsweb.com\/wp-content\/uploads\/2022\/02\/1280px-Node.js_logo.svg-1024x626.png 1024w, https:\/\/onesolutionsweb.com\/wp-content\/uploads\/2022\/02\/1280px-Node.js_logo.svg-768x470.png 768w, https:\/\/onesolutionsweb.com\/wp-content\/uploads\/2022\/02\/1280px-Node.js_logo.svg.png 1280w\" data-sizes=\"(max-width: 300px) 100vw, 300px\" src=\"data:image\/gif;base64,R0lGODlhAQABAAAAACH5BAEKAAEALAAAAAABAAEAAAICTAEAOw==\" style=\"--smush-placeholder-width: 300px; --smush-placeholder-aspect-ratio: 300\/184;\" \/><noscript><img decoding=\"async\" class=\"size-medium wp-image-10032 alignright\" src=\"http:\/\/onesolutionsweb.com\/wp-content\/uploads\/2022\/02\/1280px-Node.js_logo.svg-300x184.png\" alt=\"\" width=\"300\" height=\"184\" srcset=\"https:\/\/onesolutionsweb.com\/wp-content\/uploads\/2022\/02\/1280px-Node.js_logo.svg-300x184.png 300w, https:\/\/onesolutionsweb.com\/wp-content\/uploads\/2022\/02\/1280px-Node.js_logo.svg-1024x626.png 1024w, https:\/\/onesolutionsweb.com\/wp-content\/uploads\/2022\/02\/1280px-Node.js_logo.svg-768x470.png 768w, https:\/\/onesolutionsweb.com\/wp-content\/uploads\/2022\/02\/1280px-Node.js_logo.svg.png 1280w\" sizes=\"(max-width: 300px) 100vw, 300px\" \/><\/noscript>\u00a0<\/strong><strong>\u00bfQue es Node.JS?<\/strong><\/p>\n<p>Node.js fue desarrollado por Ryan Dahl en 2009. Node.js es un c\u00f3digo abierto, back-end, multiplataforma construido sobre el motor JavaScript de Google Chrome (motor V8), toma el c\u00f3digo JavaScript y lo ejecuta fuera de un navegador web antes de que la p\u00e1gina sea enviada al navegador web del usuario.<\/p>\n<p>&nbsp;<\/p>\n<p>Podemos extractar de la p\u00e1gina oficial de <a href=\"https:\/\/nodejs.org\/en\/about\/\">Node.js<\/a>:<\/p>\n<p><strong><em>\u201cIdeado como un entorno de ejecuci\u00f3n de JavaScript orientado a eventos as\u00edncronos, Node.js est\u00e1 dise\u00f1ado para crear aplicaciones network escalables\u201d<\/em><\/strong><\/p>\n<p><em><u>\u00a0<\/u><\/em><\/p>\n<p><strong>\u00bfPor qu\u00e9 Node.JS?<\/strong><\/p>\n<p>Este potente lenguaje de programaci\u00f3n tambi\u00e9n ofrece muchas ventajas para el desarrollo web:<\/p>\n<ul>\n<li>js se basa en JavaScript<\/li>\n<li>C\u00f3digo abierto, de uso gratuito<\/li>\n<li>F\u00e1cil de aprender: Si entiendes JavaScript, Node.js ser\u00e1 f\u00e1cil de aprender.<\/li>\n<li>Escalabilidad<\/li>\n<li>Alto rendimiento<\/li>\n<li>Se ejecuta en varias plataformas<\/li>\n<li>Lenguaje de programaci\u00f3n \u00fanico, permite migrar los datos f\u00e1cilmente<\/li>\n<li>Extensibilidad<\/li>\n<li>Soporte<\/li>\n<li>JavaScript es de naturaleza de programaci\u00f3n as\u00edncrona y tambi\u00e9n lo es Nod.js<\/li>\n<\/ul>\n<p>[\/vc_column_text][vc_column_text]<strong>Node.JS Library<\/strong><\/p>\n<p><img decoding=\"async\" class=\"alignleft wp-image-10019 lazyload\" data-src=\"http:\/\/onesolutionsweb.com\/wp-content\/uploads\/2022\/02\/partnerships_2-300x300.jpg\" alt=\"\" width=\"193\" height=\"193\" data-srcset=\"https:\/\/onesolutionsweb.com\/wp-content\/uploads\/2022\/02\/partnerships_2-300x300.jpg 300w, https:\/\/onesolutionsweb.com\/wp-content\/uploads\/2022\/02\/partnerships_2-1024x1024.jpg 1024w, https:\/\/onesolutionsweb.com\/wp-content\/uploads\/2022\/02\/partnerships_2-150x150.jpg 150w, https:\/\/onesolutionsweb.com\/wp-content\/uploads\/2022\/02\/partnerships_2-768x768.jpg 768w, https:\/\/onesolutionsweb.com\/wp-content\/uploads\/2022\/02\/partnerships_2-1536x1536.jpg 1536w, https:\/\/onesolutionsweb.com\/wp-content\/uploads\/2022\/02\/partnerships_2.jpg 1732w\" data-sizes=\"(max-width: 193px) 100vw, 193px\" src=\"data:image\/gif;base64,R0lGODlhAQABAAAAACH5BAEKAAEALAAAAAABAAEAAAICTAEAOw==\" style=\"--smush-placeholder-width: 193px; --smush-placeholder-aspect-ratio: 193\/193;\" \/><noscript><img decoding=\"async\" class=\"alignleft wp-image-10019 \" src=\"http:\/\/onesolutionsweb.com\/wp-content\/uploads\/2022\/02\/partnerships_2-300x300.jpg\" alt=\"\" width=\"193\" height=\"193\" srcset=\"https:\/\/onesolutionsweb.com\/wp-content\/uploads\/2022\/02\/partnerships_2-300x300.jpg 300w, https:\/\/onesolutionsweb.com\/wp-content\/uploads\/2022\/02\/partnerships_2-1024x1024.jpg 1024w, https:\/\/onesolutionsweb.com\/wp-content\/uploads\/2022\/02\/partnerships_2-150x150.jpg 150w, https:\/\/onesolutionsweb.com\/wp-content\/uploads\/2022\/02\/partnerships_2-768x768.jpg 768w, https:\/\/onesolutionsweb.com\/wp-content\/uploads\/2022\/02\/partnerships_2-1536x1536.jpg 1536w, https:\/\/onesolutionsweb.com\/wp-content\/uploads\/2022\/02\/partnerships_2.jpg 1732w\" sizes=\"(max-width: 193px) 100vw, 193px\" \/><\/noscript><\/p>\n<p>Node.js offers a <a href=\"https:\/\/nodejs.org\/api\/\">standard library<\/a> and open-source packages you can freely use.<\/p>\n<p>&nbsp;<\/p>\n<p>&nbsp;<\/p>\n<p>[\/vc_column_text][vc_column_text]<strong>Una amplia gama de industrias utiliza Node.js<\/strong><\/p>\n<p><img decoding=\"async\" class=\"wp-image-10033 size-full aligncenter lazyload\" data-src=\"http:\/\/onesolutionsweb.com\/wp-content\/uploads\/2022\/02\/image-44.png\" alt=\"\" width=\"391\" height=\"278\" data-srcset=\"https:\/\/onesolutionsweb.com\/wp-content\/uploads\/2022\/02\/image-44.png 391w, https:\/\/onesolutionsweb.com\/wp-content\/uploads\/2022\/02\/image-44-300x213.png 300w\" data-sizes=\"(max-width: 391px) 100vw, 391px\" src=\"data:image\/gif;base64,R0lGODlhAQABAAAAACH5BAEKAAEALAAAAAABAAEAAAICTAEAOw==\" style=\"--smush-placeholder-width: 391px; --smush-placeholder-aspect-ratio: 391\/278;\" \/><noscript><img decoding=\"async\" class=\"wp-image-10033 size-full aligncenter\" src=\"http:\/\/onesolutionsweb.com\/wp-content\/uploads\/2022\/02\/image-44.png\" alt=\"\" width=\"391\" height=\"278\" srcset=\"https:\/\/onesolutionsweb.com\/wp-content\/uploads\/2022\/02\/image-44.png 391w, https:\/\/onesolutionsweb.com\/wp-content\/uploads\/2022\/02\/image-44-300x213.png 300w\" sizes=\"(max-width: 391px) 100vw, 391px\" \/><\/noscript><\/p>\n<p>Node.js puede ser utilizado por peque\u00f1as o grandes empresas, su escalabilidad y sus bajos costos de desarrollo lo convierten en una fant\u00e1stica herramienta para trabajar en el desarrollo de software.\u00a0 Entre las empresas que utilizan Node.js se encuentran las siguientes: Netflix, LinkedIn, Uber, Nasa, Pay Pal, Walmart, GoDaddy.<\/p>\n<p><strong>Desarrollos Node.JS <\/strong><\/p>\n<p><strong><img decoding=\"async\" class=\"size-full wp-image-10044 alignright lazyload\" data-src=\"http:\/\/onesolutionsweb.com\/wp-content\/uploads\/2022\/02\/image-45.png\" alt=\"\" width=\"155\" height=\"136\" src=\"data:image\/gif;base64,R0lGODlhAQABAAAAACH5BAEKAAEALAAAAAABAAEAAAICTAEAOw==\" style=\"--smush-placeholder-width: 155px; --smush-placeholder-aspect-ratio: 155\/136;\" \/><noscript><img decoding=\"async\" class=\"size-full wp-image-10044 alignright\" src=\"http:\/\/onesolutionsweb.com\/wp-content\/uploads\/2022\/02\/image-45.png\" alt=\"\" width=\"155\" height=\"136\" \/><\/noscript><\/strong>Los ingenieros de One Solutions utilizan Node.JS para crear software r\u00e1pido y escalable para una gran variedad de sectores, como la salud, el comercio minorista o los servicios financieros, entre otros. Nuestra empresa estar\u00e1 encantada de guiarle en su viaje en desarrollo de aplicaciones.<\/p>\n<p>\u00bfQuiere saber m\u00e1s?[\/vc_column_text]<div class=\"colored_theme_button prk_medium pls_shortcoded\"><a href=\"https:\/\/onesolutionsweb.com\/#contact\" target=\"_self\" class=\"pulse_anchor\">Contact Us<\/a><\/div>[\/vc_column][vc_column width=\u00bb1\/6&#8243;][\/vc_column][\/vc_row]<\/p>\n<\/div>","protected":false},"excerpt":{"rendered":"<p>[vc_row][vc_column width=\u00bb1\/6&#8243;][\/vc_column][vc_column width=\u00bb2\/3&#8243;][vc_column_text]\u00a0\u00bfQue es Node.JS? Node.js fue desarrollado por Ryan Dahl en 2009. Node.js es un c\u00f3digo abierto, back-end, multiplataforma construido sobre el motor JavaScript de Google Chrome (motor V8), toma el c\u00f3digo JavaScript y lo ejecuta fuera de un navegador web antes de que la p\u00e1gina sea enviada al navegador web del usuario. &nbsp; [&hellip;]<\/p>\n","protected":false},"author":1,"featured_media":0,"parent":10110,"menu_order":9,"comment_status":"closed","ping_status":"closed","template":"","meta":{"content-type":"","inline_featured_image":false,"footnotes":""},"class_list":["post-10043","page","type-page","status-publish","hentry"],"acf":[],"yoast_head":"<!-- This site is optimized with the Yoast SEO Premium plugin v23.8 (Yoast SEO v26.0) - https:\/\/yoast.com\/wordpress\/plugins\/seo\/ -->\n<title>Desarrollo en Node.js - One Solutions<\/title>\n<meta name=\"robots\" content=\"index, follow, max-snippet:-1, max-image-preview:large, max-video-preview:-1\" \/>\n<link rel=\"canonical\" href=\"https:\/\/onesolutionsweb.com\/es\/software-company-consulting-outsourcing-technologies\/node-js\/\" \/>\n<meta property=\"og:locale\" content=\"es_ES\" \/>\n<meta property=\"og:type\" content=\"article\" \/>\n<meta property=\"og:title\" content=\"Desarrollo en Node.js\" \/>\n<meta property=\"og:description\" content=\"\u00a0\u00bfQue es Node.JS? Node.js fue desarrollado por Ryan Dahl en 2009. Node.js es un c\u00f3digo abierto, back-end, multiplataforma construido sobre el motor\" \/>\n<meta property=\"og:url\" content=\"https:\/\/onesolutionsweb.com\/es\/software-company-consulting-outsourcing-technologies\/node-js\/\" \/>\n<meta property=\"og:site_name\" content=\"One Solutions\" \/>\n<meta property=\"article:publisher\" content=\"https:\/\/www.facebook.com\/onesolutionsweb\" \/>\n<meta property=\"article:modified_time\" content=\"2024-02-22T16:18:13+00:00\" \/>\n<meta property=\"og:image\" content=\"http:\/\/onesolutionsweb.com\/wp-content\/uploads\/2022\/02\/1280px-Node.js_logo.svg-300x184.png\" \/>\n<meta name=\"twitter:card\" content=\"summary_large_image\" \/>\n<meta name=\"twitter:site\" content=\"@OneSolutionsWeb\" \/>\n<meta name=\"twitter:label1\" content=\"Tiempo de lectura\" \/>\n\t<meta name=\"twitter:data1\" content=\"3 minutos\" \/>\n<script type=\"application\/ld+json\" class=\"yoast-schema-graph\">{\"@context\":\"https:\/\/schema.org\",\"@graph\":[{\"@type\":\"WebPage\",\"@id\":\"https:\/\/onesolutionsweb.com\/es\/software-company-consulting-outsourcing-technologies\/node-js\/\",\"url\":\"https:\/\/onesolutionsweb.com\/es\/software-company-consulting-outsourcing-technologies\/node-js\/\",\"name\":\"Desarrollo en Node.js - One Solutions\",\"isPartOf\":{\"@id\":\"https:\/\/onesolutionsweb.com\/#website\"},\"primaryImageOfPage\":{\"@id\":\"https:\/\/onesolutionsweb.com\/es\/software-company-consulting-outsourcing-technologies\/node-js\/#primaryimage\"},\"image\":{\"@id\":\"https:\/\/onesolutionsweb.com\/es\/software-company-consulting-outsourcing-technologies\/node-js\/#primaryimage\"},\"thumbnailUrl\":\"http:\/\/onesolutionsweb.com\/wp-content\/uploads\/2022\/02\/1280px-Node.js_logo.svg-300x184.png\",\"datePublished\":\"2022-02-10T16:52:56+00:00\",\"dateModified\":\"2024-02-22T16:18:13+00:00\",\"breadcrumb\":{\"@id\":\"https:\/\/onesolutionsweb.com\/es\/software-company-consulting-outsourcing-technologies\/node-js\/#breadcrumb\"},\"inLanguage\":\"es\",\"potentialAction\":[{\"@type\":\"ReadAction\",\"target\":[\"https:\/\/onesolutionsweb.com\/es\/software-company-consulting-outsourcing-technologies\/node-js\/\"]}]},{\"@type\":\"ImageObject\",\"inLanguage\":\"es\",\"@id\":\"https:\/\/onesolutionsweb.com\/es\/software-company-consulting-outsourcing-technologies\/node-js\/#primaryimage\",\"url\":\"http:\/\/onesolutionsweb.com\/wp-content\/uploads\/2022\/02\/1280px-Node.js_logo.svg-300x184.png\",\"contentUrl\":\"http:\/\/onesolutionsweb.com\/wp-content\/uploads\/2022\/02\/1280px-Node.js_logo.svg-300x184.png\"},{\"@type\":\"BreadcrumbList\",\"@id\":\"https:\/\/onesolutionsweb.com\/es\/software-company-consulting-outsourcing-technologies\/node-js\/#breadcrumb\",\"itemListElement\":[{\"@type\":\"ListItem\",\"position\":1,\"name\":\"Portada\",\"item\":\"https:\/\/onesolutionsweb.com\/es\/\"},{\"@type\":\"ListItem\",\"position\":2,\"name\":\"Tecnolog\u00edas\",\"item\":\"https:\/\/onesolutionsweb.com\/es\/software-company-consulting-outsourcing-technologies\/\"},{\"@type\":\"ListItem\",\"position\":3,\"name\":\"Desarrollo en Node.js\"}]},{\"@type\":\"WebSite\",\"@id\":\"https:\/\/onesolutionsweb.com\/#website\",\"url\":\"https:\/\/onesolutionsweb.com\/\",\"name\":\"One Solutions\",\"description\":\"Software Solutions\",\"publisher\":{\"@id\":\"https:\/\/onesolutionsweb.com\/#organization\"},\"potentialAction\":[{\"@type\":\"SearchAction\",\"target\":{\"@type\":\"EntryPoint\",\"urlTemplate\":\"https:\/\/onesolutionsweb.com\/?s={search_term_string}\"},\"query-input\":{\"@type\":\"PropertyValueSpecification\",\"valueRequired\":true,\"valueName\":\"search_term_string\"}}],\"inLanguage\":\"es\"},{\"@type\":\"Organization\",\"@id\":\"https:\/\/onesolutionsweb.com\/#organization\",\"name\":\"One Solutions\",\"url\":\"https:\/\/onesolutionsweb.com\/\",\"logo\":{\"@type\":\"ImageObject\",\"inLanguage\":\"es\",\"@id\":\"https:\/\/onesolutionsweb.com\/#\/schema\/logo\/image\/\",\"url\":\"https:\/\/secureservercdn.net\/104.238.71.33\/91x.30f.myftpupload.com\/wp-content\/uploads\/2021\/05\/logoblackico.png?time=1656722807\",\"contentUrl\":\"https:\/\/secureservercdn.net\/104.238.71.33\/91x.30f.myftpupload.com\/wp-content\/uploads\/2021\/05\/logoblackico.png?time=1656722807\",\"width\":494,\"height\":494,\"caption\":\"One Solutions\"},\"image\":{\"@id\":\"https:\/\/onesolutionsweb.com\/#\/schema\/logo\/image\/\"},\"sameAs\":[\"https:\/\/www.facebook.com\/onesolutionsweb\",\"https:\/\/x.com\/OneSolutionsWeb\",\"https:\/\/www.linkedin.com\/company\/onesolutionsweb\",\"https:\/\/www.instagram.com\/onesolutionsweb\/\"]}]}<\/script>\n<!-- \/ Yoast SEO Premium plugin. -->","yoast_head_json":{"title":"Desarrollo en Node.js - One Solutions","robots":{"index":"index","follow":"follow","max-snippet":"max-snippet:-1","max-image-preview":"max-image-preview:large","max-video-preview":"max-video-preview:-1"},"canonical":"https:\/\/onesolutionsweb.com\/es\/software-company-consulting-outsourcing-technologies\/node-js\/","og_locale":"es_ES","og_type":"article","og_title":"Desarrollo en Node.js","og_description":"\u00a0\u00bfQue es Node.JS? Node.js fue desarrollado por Ryan Dahl en 2009. Node.js es un c\u00f3digo abierto, back-end, multiplataforma construido sobre el motor","og_url":"https:\/\/onesolutionsweb.com\/es\/software-company-consulting-outsourcing-technologies\/node-js\/","og_site_name":"One Solutions","article_publisher":"https:\/\/www.facebook.com\/onesolutionsweb","article_modified_time":"2024-02-22T16:18:13+00:00","og_image":[{"url":"http:\/\/onesolutionsweb.com\/wp-content\/uploads\/2022\/02\/1280px-Node.js_logo.svg-300x184.png","type":"","width":"","height":""}],"twitter_card":"summary_large_image","twitter_site":"@OneSolutionsWeb","twitter_misc":{"Tiempo de lectura":"3 minutos"},"schema":{"@context":"https:\/\/schema.org","@graph":[{"@type":"WebPage","@id":"https:\/\/onesolutionsweb.com\/es\/software-company-consulting-outsourcing-technologies\/node-js\/","url":"https:\/\/onesolutionsweb.com\/es\/software-company-consulting-outsourcing-technologies\/node-js\/","name":"Desarrollo en Node.js - One Solutions","isPartOf":{"@id":"https:\/\/onesolutionsweb.com\/#website"},"primaryImageOfPage":{"@id":"https:\/\/onesolutionsweb.com\/es\/software-company-consulting-outsourcing-technologies\/node-js\/#primaryimage"},"image":{"@id":"https:\/\/onesolutionsweb.com\/es\/software-company-consulting-outsourcing-technologies\/node-js\/#primaryimage"},"thumbnailUrl":"http:\/\/onesolutionsweb.com\/wp-content\/uploads\/2022\/02\/1280px-Node.js_logo.svg-300x184.png","datePublished":"2022-02-10T16:52:56+00:00","dateModified":"2024-02-22T16:18:13+00:00","breadcrumb":{"@id":"https:\/\/onesolutionsweb.com\/es\/software-company-consulting-outsourcing-technologies\/node-js\/#breadcrumb"},"inLanguage":"es","potentialAction":[{"@type":"ReadAction","target":["https:\/\/onesolutionsweb.com\/es\/software-company-consulting-outsourcing-technologies\/node-js\/"]}]},{"@type":"ImageObject","inLanguage":"es","@id":"https:\/\/onesolutionsweb.com\/es\/software-company-consulting-outsourcing-technologies\/node-js\/#primaryimage","url":"http:\/\/onesolutionsweb.com\/wp-content\/uploads\/2022\/02\/1280px-Node.js_logo.svg-300x184.png","contentUrl":"http:\/\/onesolutionsweb.com\/wp-content\/uploads\/2022\/02\/1280px-Node.js_logo.svg-300x184.png"},{"@type":"BreadcrumbList","@id":"https:\/\/onesolutionsweb.com\/es\/software-company-consulting-outsourcing-technologies\/node-js\/#breadcrumb","itemListElement":[{"@type":"ListItem","position":1,"name":"Portada","item":"https:\/\/onesolutionsweb.com\/es\/"},{"@type":"ListItem","position":2,"name":"Tecnolog\u00edas","item":"https:\/\/onesolutionsweb.com\/es\/software-company-consulting-outsourcing-technologies\/"},{"@type":"ListItem","position":3,"name":"Desarrollo en Node.js"}]},{"@type":"WebSite","@id":"https:\/\/onesolutionsweb.com\/#website","url":"https:\/\/onesolutionsweb.com\/","name":"One Solutions","description":"Software Solutions","publisher":{"@id":"https:\/\/onesolutionsweb.com\/#organization"},"potentialAction":[{"@type":"SearchAction","target":{"@type":"EntryPoint","urlTemplate":"https:\/\/onesolutionsweb.com\/?s={search_term_string}"},"query-input":{"@type":"PropertyValueSpecification","valueRequired":true,"valueName":"search_term_string"}}],"inLanguage":"es"},{"@type":"Organization","@id":"https:\/\/onesolutionsweb.com\/#organization","name":"One Solutions","url":"https:\/\/onesolutionsweb.com\/","logo":{"@type":"ImageObject","inLanguage":"es","@id":"https:\/\/onesolutionsweb.com\/#\/schema\/logo\/image\/","url":"https:\/\/secureservercdn.net\/104.238.71.33\/91x.30f.myftpupload.com\/wp-content\/uploads\/2021\/05\/logoblackico.png?time=1656722807","contentUrl":"https:\/\/secureservercdn.net\/104.238.71.33\/91x.30f.myftpupload.com\/wp-content\/uploads\/2021\/05\/logoblackico.png?time=1656722807","width":494,"height":494,"caption":"One Solutions"},"image":{"@id":"https:\/\/onesolutionsweb.com\/#\/schema\/logo\/image\/"},"sameAs":["https:\/\/www.facebook.com\/onesolutionsweb","https:\/\/x.com\/OneSolutionsWeb","https:\/\/www.linkedin.com\/company\/onesolutionsweb","https:\/\/www.instagram.com\/onesolutionsweb\/"]}]}},"_links":{"self":[{"href":"https:\/\/onesolutionsweb.com\/es\/wp-json\/wp\/v2\/pages\/10043","targetHints":{"allow":["GET"]}}],"collection":[{"href":"https:\/\/onesolutionsweb.com\/es\/wp-json\/wp\/v2\/pages"}],"about":[{"href":"https:\/\/onesolutionsweb.com\/es\/wp-json\/wp\/v2\/types\/page"}],"author":[{"embeddable":true,"href":"https:\/\/onesolutionsweb.com\/es\/wp-json\/wp\/v2\/users\/1"}],"replies":[{"embeddable":true,"href":"https:\/\/onesolutionsweb.com\/es\/wp-json\/wp\/v2\/comments?post=10043"}],"version-history":[{"count":6,"href":"https:\/\/onesolutionsweb.com\/es\/wp-json\/wp\/v2\/pages\/10043\/revisions"}],"predecessor-version":[{"id":10603,"href":"https:\/\/onesolutionsweb.com\/es\/wp-json\/wp\/v2\/pages\/10043\/revisions\/10603"}],"up":[{"embeddable":true,"href":"https:\/\/onesolutionsweb.com\/es\/wp-json\/wp\/v2\/pages\/10110"}],"wp:attachment":[{"href":"https:\/\/onesolutionsweb.com\/es\/wp-json\/wp\/v2\/media?parent=10043"}],"curies":[{"name":"wp","href":"https:\/\/api.w.org\/{rel}","templated":true}]}}